{"id":8392,"date":"2025-06-18T14:17:04","date_gmt":"2025-06-18T12:17:04","guid":{"rendered":"https:\/\/www.libertadavenue.com\/chene\/"},"modified":"2025-06-18T14:17:05","modified_gmt":"2025-06-18T12:17:05","slug":"chene","status":"publish","type":"product","link":"https:\/\/www.libertadavenue.com\/fr\/chene\/","title":{"rendered":"Ch\u00eane"},"content":{"rendered":"<div class=\"wpb-content-wrapper\">[vc_row][vc_column][vc_column_text]La semelle en cuir ajoute de l&rsquo;\u00e9l\u00e9gance, tandis que la semelle en caoutchouc assure adh\u00e9rence et durabilit\u00e9. Ces bottes sont fabriqu\u00e9es avec un cuir naturel teint\u00e9 \u00e0 faible impact, des coutures r\u00e9sistantes, des lacets interchangeables avec \u00e9lastique et une semelle en caoutchouc r\u00e9parable. Nos produits sont fabriqu\u00e9s \u00e0 la main individuellement selon des techniques artisanales traditionnelles. Certains d\u00e9tails de fabrication peuvent \u00eatre pr\u00e9sents.    <\/p>\n<ul>\n<li>Ext\u00e9rieur : Cuir avec teinture \u00e9cologique \u00e0 faible impact.<\/li>\n<li>Doublure : cuir avec teinture \u00e0 faible impact \u00e9cologique.<\/li>\n<li>Semelle : cuir non teint.<\/li>\n<li>ReSuela : caoutchouc routier fabriqu\u00e9 \u00e0 partir de mat\u00e9riaux recycl\u00e9s.<\/li>\n<li>R\u00e9flecteurs \u00e0 haut rendement lumineux.<\/li>\n<li>Une ergonomie travaill\u00e9e en d\u00e9tail pour garantir une chaussure ultra confortable.<\/li>\n<\/ul>\n[\/vc_column_text][vc_row_inner el_class=\u00a0\u00bbvalores\u00a0\u00bb css=\u00a0\u00bb.vc_custom_1635261820687{margin-top: 100px !important;}\u00a0\u00bb][vc_column_inner width=\u00a0\u00bb1\/4&Prime;]\r\n\t<div id=\"et-iconbox-672\" class=\"et-iconbox layout-centered icon-style-image-default bottom-spacing-none icon-color- text-color- animation bottom-to-top \"> \r\n\t\t<div class=\"et-icon-inner\">\r\n\t\t\t\t\t\t<figure class=\"et-feature-icon\">\r\n\t\t\t\t\t\t\t\t\t<img decoding=\"async\" src=\"https:\/\/www.libertadavenue.com\/wp-content\/uploads\/2021\/10\/ico-reciclable-1.webp\" alt=\"Reutilizable\" \/>\r\n\t\t\t\t\t\t\t<\/figure>\r\n\t\t\t\t\t\t<div class=\"et-feature-content\"> \r\n\t\t\t\t\t\t\t\t\t\t\t\t\t\t\t\t\t<h4 class=\"title\">Reutilizable<\/h4>\r\n\t\t\t\t\t\t\t\t\t\t\t\t<div class=\"wpb_text_column\"><p>Nous s\u00e9lectionnons soigneusement les composants qui permettent \u00e0 nos produits d\u2019\u00eatre r\u00e9utilis\u00e9s et recycl\u00e9s.<\/p>\n<p><a href=\"https:\/\/www.libertadavenue.com\/fr\/reutilizable\/\">+ info<\/a><\/p>\n<\/div>\r\n\t\t\t<\/div>\r\n\t\t<\/div>\r\n\t<\/div>\r\n\r\n\t[\/vc_column_inner][vc_column_inner width=\u00a0\u00bb1\/4&Prime;]\r\n\t<div id=\"et-iconbox-695\" class=\"et-iconbox layout-centered icon-style-image-default bottom-spacing-none icon-color- text-color- animation bottom-to-top \"> \r\n\t\t<div class=\"et-icon-inner\">\r\n\t\t\t\t\t\t<figure class=\"et-feature-icon\">\r\n\t\t\t\t\t\t\t\t\t<img decoding=\"async\" src=\"https:\/\/www.libertadavenue.com\/wp-content\/uploads\/2021\/10\/ico-reparable-1.webp\" alt=\"R\u00e9parable\" \/>\r\n\t\t\t\t\t\t\t<\/figure>\r\n\t\t\t\t\t\t<div class=\"et-feature-content\"> \r\n\t\t\t\t\t\t\t\t\t\t\t\t\t\t\t\t\t<h4 class=\"title\">R\u00e9parable<\/h4>\r\n\t\t\t\t\t\t\t\t\t\t\t\t<div class=\"wpb_text_column\"><p>Nous nous engageons \u00e0 cr\u00e9er des v\u00eatements et des accessoires qui peuvent \u00eatre utilis\u00e9s pendant longtemps, c&rsquo;est pourquoi nous utilisons uniquement des mat\u00e9riaux de haute qualit\u00e9 dans leur fabrication.<\/p>\n<\/div>\r\n\t\t\t<\/div>\r\n\t\t<\/div>\r\n\t<\/div>\r\n\r\n\t[\/vc_column_inner][vc_column_inner width=\u00a0\u00bb1\/4&Prime;]\r\n\t<div id=\"et-iconbox-911\" class=\"et-iconbox layout-centered icon-style-image-default bottom-spacing-none icon-color- text-color- animation bottom-to-top \"> \r\n\t\t<div class=\"et-icon-inner\">\r\n\t\t\t\t\t\t<figure class=\"et-feature-icon\">\r\n\t\t\t\t\t\t\t\t\t<img decoding=\"async\" src=\"https:\/\/www.libertadavenue.com\/wp-content\/uploads\/2021\/10\/ico-eco-friendly-1-1.webp\" alt=\"\u00c9cologique\" \/>\r\n\t\t\t\t\t\t\t<\/figure>\r\n\t\t\t\t\t\t<div class=\"et-feature-content\"> \r\n\t\t\t\t\t\t\t\t\t\t\t\t\t\t\t\t\t<h4 class=\"title\">\u00c9cologique<\/h4>\r\n\t\t\t\t\t\t\t\t\t\t\t\t<div class=\"wpb_text_column\"><p>Dans tous nos processus, nous recherchons toujours l\u2019alternative la plus \u00e9cologique possible et avec le plus faible impact environnemental.<\/p>\n<p><a href=\"https:\/\/www.libertadavenue.com\/fr\/respectueux-de-lenvironnement\/\">+ info<\/a><\/p>\n<\/div>\r\n\t\t\t<\/div>\r\n\t\t<\/div>\r\n\t<\/div>\r\n\r\n\t[\/vc_column_inner][vc_column_inner width=\u00a0\u00bb1\/4&Prime;]\r\n\t<div id=\"et-iconbox-622\" class=\"et-iconbox layout-centered icon-style-image-default bottom-spacing-none icon-color- text-color- animation bottom-to-top \"> \r\n\t\t<div class=\"et-icon-inner\">\r\n\t\t\t\t\t\t<figure class=\"et-feature-icon\">\r\n\t\t\t\t\t\t\t\t\t<img decoding=\"async\" src=\"https:\/\/www.libertadavenue.com\/wp-content\/uploads\/2021\/10\/ico-hecho-a-mano-1.webp\" alt=\"Fait \u00e0 la main\" \/>\r\n\t\t\t\t\t\t\t<\/figure>\r\n\t\t\t\t\t\t<div class=\"et-feature-content\"> \r\n\t\t\t\t\t\t\t\t\t\t\t\t\t\t\t\t\t<h4 class=\"title\">Fait \u00e0 la main<\/h4>\r\n\t\t\t\t\t\t\t\t\t\t\t\t<div class=\"wpb_text_column\"><p>Nos outils sont nos mains, avec lesquelles nous fa\u00e7onnons les mat\u00e9riaux pour cr\u00e9er les produits que nous proposons.<br \/>\n<a href=\"https:\/\/www.libertadavenue.com\/hecho-a-mano\/\">+ info<\/a><\/p>\n<\/div>\r\n\t\t\t<\/div>\r\n\t\t<\/div>\r\n\t<\/div>\r\n\r\n\t[\/vc_column_inner][\/vc_row_inner][vc_row_inner el_class=\u00a0\u00bbvalores\u00a0\u00bb css=\u00a0\u00bb.vc_custom_1635261807889{margin-top: 50px !important;}\u00a0\u00bb][vc_column_inner width=\u00a0\u00bb1\/4&Prime;]\r\n\t<div id=\"et-iconbox-868\" class=\"et-iconbox layout-centered icon-style-image-default bottom-spacing-none icon-color- text-color- animation bottom-to-top \"> \r\n\t\t<div class=\"et-icon-inner\">\r\n\t\t\t\t\t\t<figure class=\"et-feature-icon\">\r\n\t\t\t\t\t\t\t\t\t<img decoding=\"async\" src=\"https:\/\/www.libertadavenue.com\/wp-content\/uploads\/2021\/10\/ico-reflectante-1.webp\" alt=\"R\u00e9fl\u00e9chissant\" \/>\r\n\t\t\t\t\t\t\t<\/figure>\r\n\t\t\t\t\t\t<div class=\"et-feature-content\"> \r\n\t\t\t\t\t\t\t\t\t\t\t\t\t\t\t\t\t<h4 class=\"title\">R\u00e9fl\u00e9chissant<\/h4>\r\n\t\t\t\t\t\t\t\t\t\t\t\t<div class=\"wpb_text_column\"><p>Mat\u00e9riau r\u00e9fl\u00e9chissant la lumi\u00e8re, rendant l&rsquo;objet visible. Indispensable \u00e0 nos gammes de produits, il assure une plus grande s\u00e9curit\u00e9 aux cyclistes la nuit.<br \/>\n<a href=\"https:\/\/www.libertadavenue.com\/fr\/reflechissant\/\">+ d&rsquo;informations<\/a><\/p>\n<\/div>\r\n\t\t\t<\/div>\r\n\t\t<\/div>\r\n\t<\/div>\r\n\r\n\t[\/vc_column_inner][vc_column_inner width=\u00a0\u00bb1\/4&Prime;]\r\n\t<div id=\"et-iconbox-902\" class=\"et-iconbox layout-centered icon-style-image-default bottom-spacing-none icon-color- text-color- animation bottom-to-top \"> \r\n\t\t<div class=\"et-icon-inner\">\r\n\t\t\t\t\t\t<figure class=\"et-feature-icon\">\r\n\t\t\t\t\t\t\t\t\t<img decoding=\"async\" src=\"https:\/\/www.libertadavenue.com\/wp-content\/uploads\/2021\/10\/ico-ergonomico-1.webp\" alt=\"Ergon\u00f3mico\" \/>\r\n\t\t\t\t\t\t\t<\/figure>\r\n\t\t\t\t\t\t<div class=\"et-feature-content\"> \r\n\t\t\t\t\t\t\t\t\t\t\t\t\t\t\t\t\t<h4 class=\"title\">Ergon\u00f3mico<\/h4>\r\n\t\t\t\t\t\t\t\t\t\t\t\t<div class=\"wpb_text_column\"><p>L&rsquo;utilisation d&rsquo;outils de conception ergonomique nous permet de cr\u00e9er des objets qui rendent notre vie plus agr\u00e9able. Si nous consid\u00e9rons les gens comme des \u00eatres \u00e0 part enti\u00e8re, il est essentiel de leur offrir le confort dont ils ont besoin.<br \/>\n<a href=\"https:\/\/www.libertadavenue.com\/ergonomico\/\">+ d&rsquo;informations<\/a><\/p>\n<\/div>\r\n\t\t\t<\/div>\r\n\t\t<\/div>\r\n\t<\/div>\r\n\r\n\t[\/vc_column_inner][vc_column_inner width=\u00a0\u00bb1\/4&Prime;]\r\n\t<div id=\"et-iconbox-580\" class=\"et-iconbox layout-centered icon-style-image-default bottom-spacing-none icon-color- text-color- animation bottom-to-top \"> \r\n\t\t<div class=\"et-icon-inner\">\r\n\t\t\t\t\t\t<figure class=\"et-feature-icon\">\r\n\t\t\t\t\t\t\t\t\t<img decoding=\"async\" src=\"https:\/\/www.libertadavenue.com\/wp-content\/uploads\/2021\/10\/ico-sostenible-1.webp\" alt=\"Durable\" \/>\r\n\t\t\t\t\t\t\t<\/figure>\r\n\t\t\t\t\t\t<div class=\"et-feature-content\"> \r\n\t\t\t\t\t\t\t\t\t\t\t\t\t\t\t\t\t<h4 class=\"title\">Durable<\/h4>\r\n\t\t\t\t\t\t\t\t\t\t\t\t<div class=\"wpb_text_column\"><p>Pour qu&rsquo;un produit soit certifi\u00e9 durable, il doit remplir plusieurs conditions. Nous souhaitons \u00eatre transparents \u00e0 ce sujet. C&rsquo;est pourquoi nous avons cr\u00e9\u00e9 cette ic\u00f4ne, qui indique son degr\u00e9 de durabilit\u00e9 afin que vous puissiez l&rsquo;acheter en fonction de ce crit\u00e8re.<br \/>\n<a href=\"https:\/\/www.libertadavenue.com\/fr\/durable\/\">+ d&rsquo;informations<\/a><\/p>\n<\/div>\r\n\t\t\t<\/div>\r\n\t\t<\/div>\r\n\t<\/div>\r\n\r\n\t[\/vc_column_inner][vc_column_inner width=\u00a0\u00bb1\/4&Prime;]\r\n\t<div id=\"et-iconbox-84\" class=\"et-iconbox layout-centered icon-style-image-default bottom-spacing-none icon-color- text-color- animation bottom-to-top \"> \r\n\t\t<div class=\"et-icon-inner\">\r\n\t\t\t\t\t\t<figure class=\"et-feature-icon\">\r\n\t\t\t\t\t\t\t\t\t<img decoding=\"async\" src=\"https:\/\/www.libertadavenue.com\/wp-content\/uploads\/2021\/10\/ico-proximidad-1.webp\" alt=\"Produit de proximit\u00e9\" \/>\r\n\t\t\t\t\t\t\t<\/figure>\r\n\t\t\t\t\t\t<div class=\"et-feature-content\"> \r\n\t\t\t\t\t\t\t\t\t\t\t\t\t\t\t\t\t<h4 class=\"title\">Produit de proximit\u00e9<\/h4>\r\n\t\t\t\t\t\t\t\t\t\t\t\t<div class=\"wpb_text_column\"><p>Nous privil\u00e9gions la proximit\u00e9 avec le producteur, la r\u00e9duction des \u00e9missions de carbone lors du transport et l\u2019augmentation de la tra\u00e7abilit\u00e9 des produits pour garantir que tous les processus sont r\u00e9alis\u00e9s de la mani\u00e8re la plus durable possible.<\/p>\n<p><a href=\"https:\/\/www.libertadavenue.com\/produccion-de-proximidad\/\">+ info<\/a><\/p>\n<\/div>\r\n\t\t\t<\/div>\r\n\t\t<\/div>\r\n\t<\/div>\r\n\r\n\t[\/vc_column_inner][\/vc_row_inner][\/vc_column][\/vc_row]\n<\/div>","protected":false},"excerpt":{"rendered":"<div class=\"page\" title=\"Page 1\">\n<div class=\"section\">\n<div class=\"layoutArea\">\n<div class=\"column\">\n<p>Ces <strong>bottines Chelsea de cyclisme<\/strong> urbaines sont id\u00e9ales pour vous accompagner du matin au soir, pour vous rendre au travail \u00e0 <strong>v\u00e9lo sans sacrifier votre<\/strong> style. Confortables et <strong>ergonomiques<\/strong>, elles sont modernes et design. <\/p>\n<p>Chez Libertad Avenue, nous avons con\u00e7u ces bottes pour vous : vous allez au travail \u00e0 v\u00e9lo tous les jours. C&rsquo;est pourquoi elles <strong>sont r\u00e9sistantes<\/strong>, dot\u00e9es de <strong>semelles en pneus recycl\u00e9s pour une meilleure<\/strong> adh\u00e9rence et sont r\u00e9fl\u00e9chissantes, pour une s\u00e9curit\u00e9 accrue lorsque vous roulez la nuit. <\/p>\n<p>Toutes nos <strong>chaussures de cyclisme urbain<\/strong> sont <strong>fabriqu\u00e9es en Espagne<\/strong>. Nous produisons localement afin d&rsquo;\u00e9viter les \u00e9missions de carbone excessives g\u00e9n\u00e9r\u00e9es par la logistique. Cela nous permet \u00e9galement d&rsquo;am\u00e9liorer la tra\u00e7abilit\u00e9 des produits et de garantir aux travailleurs des conditions de travail et des salaires d\u00e9cents tout au long du processus de production. <\/p>\n<p>Les <strong>bottes Roble<\/strong> sont fabriqu\u00e9es en cuir naturel, teint avec des colorants v\u00e9g\u00e9taux \u00e0 faible impact. Con\u00e7ues pour durer, elles sont dot\u00e9es de coutures robustes, de lacets interchangeables et d&rsquo;une semelle de route en caoutchouc r\u00e9parable. Nos <strong>bottes de v\u00e9lo sont finies<\/strong> \u00e0 la main selon des techniques artisanales traditionnelles. Leurs finitions peuvent varier l\u00e9g\u00e8rement, ce qui contribue \u00e0 leur beaut\u00e9.   <\/p>\n<\/div>\n<\/div>\n<\/div>\n<\/div>\n","protected":false},"featured_media":6701,"comment_status":"open","ping_status":"closed","template":"","meta":[],"product_brand":[],"product_cat":[187],"product_tag":[272],"giftcard-category":[],"class_list":{"0":"post-8392","1":"product","2":"type-product","3":"status-publish","4":"has-post-thumbnail","6":"product_cat-chaussures-de-cyclisme-urbain","7":"product_tag-libavete","8":"pa_tallas-35-fr","9":"pa_tallas-36-fr","10":"pa_tallas-37-fr","11":"pa_tallas-38-fr","12":"pa_tallas-39-fr","13":"pa_tallas-40-fr","14":"pa_tallas-41-fr","15":"pa_tallas-42-fr","16":"pa_tallas-43-fr","17":"pa_tallas-44-fr","18":"pa_tallas-45-fr","19":"pa_tallas-46-fr","21":"first","22":"instock","23":"featured","24":"taxable","25":"shipping-taxable","26":"purchasable","27":"product-type-variable"},"_links":{"self":[{"href":"https:\/\/www.libertadavenue.com\/fr\/wp-json\/wp\/v2\/product\/8392","targetHints":{"allow":["GET"]}}],"collection":[{"href":"https:\/\/www.libertadavenue.com\/fr\/wp-json\/wp\/v2\/product"}],"about":[{"href":"https:\/\/www.libertadavenue.com\/fr\/wp-json\/wp\/v2\/types\/product"}],"replies":[{"embeddable":true,"href":"https:\/\/www.libertadavenue.com\/fr\/wp-json\/wp\/v2\/comments?post=8392"}],"wp:featuredmedia":[{"embeddable":true,"href":"https:\/\/www.libertadavenue.com\/fr\/wp-json\/wp\/v2\/media\/6701"}],"wp:attachment":[{"href":"https:\/\/www.libertadavenue.com\/fr\/wp-json\/wp\/v2\/media?parent=8392"}],"wp:term":[{"taxonomy":"product_brand","embeddable":true,"href":"https:\/\/www.libertadavenue.com\/fr\/wp-json\/wp\/v2\/product_brand?post=8392"},{"taxonomy":"product_cat","embeddable":true,"href":"https:\/\/www.libertadavenue.com\/fr\/wp-json\/wp\/v2\/product_cat?post=8392"},{"taxonomy":"product_tag","embeddable":true,"href":"https:\/\/www.libertadavenue.com\/fr\/wp-json\/wp\/v2\/product_tag?post=8392"},{"taxonomy":"giftcard-category","embeddable":true,"href":"https:\/\/www.libertadavenue.com\/fr\/wp-json\/wp\/v2\/giftcard-category?post=8392"}],"curies":[{"name":"wp","href":"https:\/\/api.w.org\/{rel}","templated":true}]}}