{"id":8126,"date":"2025-06-14T14:20:43","date_gmt":"2025-06-14T12:20:43","guid":{"rendered":"https:\/\/www.libertadavenue.com\/maule\/"},"modified":"2025-06-14T14:20:47","modified_gmt":"2025-06-14T12:20:47","slug":"maule","status":"publish","type":"product","link":"https:\/\/www.libertadavenue.com\/fr\/maule\/","title":{"rendered":"Maul\u00e9"},"content":{"rendered":"<div class=\"wpb-content-wrapper\">[vc_row][vc_column][vc_column_text]\n<h4>Mesures<\/h4>\n<p>28 cm de haut x 34 cm de large<br \/>\nSoufflet : 8,5 cm<br \/>\nPoign\u00e9e en cuir de 1 cm et bandouli\u00e8re extensible en coton de 4 cm<\/p>\n<ul>\n<li>Peau : vache<\/li>\n<li>Doublure : Polyester recycl\u00e9 fabriqu\u00e9 \u00e0 partir de tissus synth\u00e9tiques et de bouteilles PEP<\/li>\n<li>Quincaillerie : couleur nickel<\/li>\n<li>Poign\u00e9es : cuir de vache<\/li>\n<li>Poches : ext\u00e9rieures et int\u00e9rieures avec fermeture \u00e9clair<\/li>\n<li>Fermeture : fermetures \u00e9clair<\/li>\n<li>R\u00e9flecteurs : longues bandes r\u00e9fl\u00e9chissantes<\/li>\n<li>Couleur : bleu avec bandes r\u00e9fl\u00e9chissantes bleu clair<\/li>\n<li style=\"list-style-type: none;\">\n<\/li>\n<\/ul>\n<h5>Recommandations<\/h5>\n<p>\u00c9vitez tout contact de votre sac Maule avec le soleil, l\u2019eau et d\u2019autres substances liquides et corrosives telles que l\u2019huile et l\u2019alcool.<br \/>\nPour qu&rsquo;il reste parfait, nettoyez le cuir avec un chiffon doux et prot\u00e9gez votre sac de la pluie et de l&rsquo;humidit\u00e9.[\/vc_column_text][vc_row_inner el_class=\u00a0\u00bbvalores\u00a0\u00bb css=\u00a0\u00bb.vc_custom_1635261820687{margin-top: 100px !important;}\u00a0\u00bb][vc_column_inner width=\u00a0\u00bb1\/4&Prime;]\r\n\t<div id=\"et-iconbox-867\" class=\"et-iconbox layout-centered icon-style-image-default bottom-spacing-none icon-color- text-color- animation bottom-to-top \"> \r\n\t\t<div class=\"et-icon-inner\">\r\n\t\t\t\t\t\t<figure class=\"et-feature-icon\">\r\n\t\t\t\t\t\t\t\t\t<img decoding=\"async\" src=\"https:\/\/www.libertadavenue.com\/wp-content\/uploads\/2021\/10\/ico-reciclable-1.webp\" alt=\"Reutilizable\" \/>\r\n\t\t\t\t\t\t\t<\/figure>\r\n\t\t\t\t\t\t<div class=\"et-feature-content\"> \r\n\t\t\t\t\t\t\t\t\t\t\t\t\t\t\t\t\t<h4 class=\"title\">Reutilizable<\/h4>\r\n\t\t\t\t\t\t\t\t\t\t\t\t<div class=\"wpb_text_column\"><p>Nous s\u00e9lectionnons soigneusement les composants qui permettent \u00e0 nos produits d\u2019\u00eatre r\u00e9utilis\u00e9s et recycl\u00e9s.<br \/>\n<a href=\"https:\/\/www.libertadavenue.com\/fr\/reutilizable\/\">+ info<\/a><\/p>\n<\/div>\r\n\t\t\t<\/div>\r\n\t\t<\/div>\r\n\t<\/div>\r\n\r\n\t[\/vc_column_inner][vc_column_inner width=\u00a0\u00bb1\/4&Prime;]\r\n\t<div id=\"et-iconbox-487\" class=\"et-iconbox layout-centered icon-style-image-default bottom-spacing-none icon-color- text-color- animation bottom-to-top \"> \r\n\t\t<div class=\"et-icon-inner\">\r\n\t\t\t\t\t\t<figure class=\"et-feature-icon\">\r\n\t\t\t\t\t\t\t\t\t<img decoding=\"async\" src=\"https:\/\/www.libertadavenue.com\/wp-content\/uploads\/2021\/10\/ico-reparable-1.webp\" alt=\"R\u00e9parable\" \/>\r\n\t\t\t\t\t\t\t<\/figure>\r\n\t\t\t\t\t\t<div class=\"et-feature-content\"> \r\n\t\t\t\t\t\t\t\t\t\t\t\t\t\t\t\t\t<h4 class=\"title\">R\u00e9parable<\/h4>\r\n\t\t\t\t\t\t\t\t\t\t\t\t<div class=\"wpb_text_column\"><p>Nous nous engageons \u00e0 cr\u00e9er des v\u00eatements et des accessoires qui peuvent \u00eatre utilis\u00e9s pendant longtemps, c&rsquo;est pourquoi nous utilisons uniquement des mat\u00e9riaux de haute qualit\u00e9 dans leur fabrication.<\/p>\n<\/div>\r\n\t\t\t<\/div>\r\n\t\t<\/div>\r\n\t<\/div>\r\n\r\n\t[\/vc_column_inner][vc_column_inner width=\u00a0\u00bb1\/4&Prime;]\r\n\t<div id=\"et-iconbox-209\" class=\"et-iconbox layout-centered icon-style-image-default bottom-spacing-none icon-color- text-color- animation bottom-to-top \"> \r\n\t\t<div class=\"et-icon-inner\">\r\n\t\t\t\t\t\t<figure class=\"et-feature-icon\">\r\n\t\t\t\t\t\t\t\t\t<img decoding=\"async\" src=\"https:\/\/www.libertadavenue.com\/wp-content\/uploads\/2021\/10\/ico-eco-friendly-1-1.webp\" alt=\"\u00c9cologique\" \/>\r\n\t\t\t\t\t\t\t<\/figure>\r\n\t\t\t\t\t\t<div class=\"et-feature-content\"> \r\n\t\t\t\t\t\t\t\t\t\t\t\t\t\t\t\t\t<h4 class=\"title\">\u00c9cologique<\/h4>\r\n\t\t\t\t\t\t\t\t\t\t\t\t<div class=\"wpb_text_column\"><p>Dans tous nos processus, nous recherchons toujours l\u2019alternative la plus \u00e9cologique possible et avec le plus faible impact environnemental.<\/p>\n<p><a href=\"https:\/\/www.libertadavenue.com\/fr\/respectueux-de-lenvironnement\/\">+ info<\/a><\/p>\n<\/div>\r\n\t\t\t<\/div>\r\n\t\t<\/div>\r\n\t<\/div>\r\n\r\n\t[\/vc_column_inner][vc_column_inner width=\u00a0\u00bb1\/4&Prime;]\r\n\t<div id=\"et-iconbox-267\" class=\"et-iconbox layout-centered icon-style-image-default bottom-spacing-none icon-color- text-color- animation bottom-to-top \"> \r\n\t\t<div class=\"et-icon-inner\">\r\n\t\t\t\t\t\t<figure class=\"et-feature-icon\">\r\n\t\t\t\t\t\t\t\t\t<img decoding=\"async\" src=\"https:\/\/www.libertadavenue.com\/wp-content\/uploads\/2021\/10\/ico-hecho-a-mano-1.webp\" alt=\"Fait \u00e0 la main\" \/>\r\n\t\t\t\t\t\t\t<\/figure>\r\n\t\t\t\t\t\t<div class=\"et-feature-content\"> \r\n\t\t\t\t\t\t\t\t\t\t\t\t\t\t\t\t\t<h4 class=\"title\">Fait \u00e0 la main<\/h4>\r\n\t\t\t\t\t\t\t\t\t\t\t\t<div class=\"wpb_text_column\"><p>Nuestras herramientas son las manos, con las que moldeamos los materiales para crear los productos que ofrecemos<br \/>\n<a href=\"https:\/\/www.libertadavenue.com\/hecho-a-mano\/\">+ info<\/a><\/p>\n<\/div>\r\n\t\t\t<\/div>\r\n\t\t<\/div>\r\n\t<\/div>\r\n\r\n\t[\/vc_column_inner][\/vc_row_inner][vc_row_inner el_class=\u00a0\u00bbvalores\u00a0\u00bb css=\u00a0\u00bb.vc_custom_1635261807889{margin-top: 50px !important;}\u00a0\u00bb][vc_column_inner width=\u00a0\u00bb1\/4&Prime;]\r\n\t<div id=\"et-iconbox-549\" class=\"et-iconbox layout-centered icon-style-image-default bottom-spacing-none icon-color- text-color- animation bottom-to-top \"> \r\n\t\t<div class=\"et-icon-inner\">\r\n\t\t\t\t\t\t<figure class=\"et-feature-icon\">\r\n\t\t\t\t\t\t\t\t\t<img decoding=\"async\" src=\"https:\/\/www.libertadavenue.com\/wp-content\/uploads\/2021\/10\/ico-reflectante-1.webp\" alt=\"R\u00e9fl\u00e9chissant\" \/>\r\n\t\t\t\t\t\t\t<\/figure>\r\n\t\t\t\t\t\t<div class=\"et-feature-content\"> \r\n\t\t\t\t\t\t\t\t\t\t\t\t\t\t\t\t\t<h4 class=\"title\">R\u00e9fl\u00e9chissant<\/h4>\r\n\t\t\t\t\t\t\t\t\t\t\t\t<div class=\"wpb_text_column\"><p>Mat\u00e9riau r\u00e9fl\u00e9chissant la lumi\u00e8re, rendant l&rsquo;objet visible. Indispensable \u00e0 nos gammes de produits, il assure une plus grande s\u00e9curit\u00e9 aux cyclistes la nuit.<br \/>\n<a href=\"https:\/\/www.libertadavenue.com\/fr\/reflechissant\/\">+ d&rsquo;informations<\/a><\/p>\n<\/div>\r\n\t\t\t<\/div>\r\n\t\t<\/div>\r\n\t<\/div>\r\n\r\n\t[\/vc_column_inner][vc_column_inner width=\u00a0\u00bb1\/4&Prime;]\r\n\t<div id=\"et-iconbox-814\" class=\"et-iconbox layout-centered icon-style-image-default bottom-spacing-none icon-color- text-color- animation bottom-to-top \"> \r\n\t\t<div class=\"et-icon-inner\">\r\n\t\t\t\t\t\t<figure class=\"et-feature-icon\">\r\n\t\t\t\t\t\t\t\t\t<img decoding=\"async\" src=\"https:\/\/www.libertadavenue.com\/wp-content\/uploads\/2021\/10\/ico-ergonomico-1.webp\" alt=\"Ergonomique\" \/>\r\n\t\t\t\t\t\t\t<\/figure>\r\n\t\t\t\t\t\t<div class=\"et-feature-content\"> \r\n\t\t\t\t\t\t\t\t\t\t\t\t\t\t\t\t\t<h4 class=\"title\">Ergonomique<\/h4>\r\n\t\t\t\t\t\t\t\t\t\t\t\t<div class=\"wpb_text_column\"><p>L&rsquo;utilisation d&rsquo;outils de conception ergonomique nous permet de cr\u00e9er des objets qui rendent notre vie plus agr\u00e9able. Si nous consid\u00e9rons les gens comme des \u00eatres \u00e0 part enti\u00e8re, il est essentiel de leur offrir le confort dont ils ont besoin.<br \/>\n<a href=\"https:\/\/www.libertadavenue.com\/ergonomico\/\">+ d&rsquo;informations<\/a><\/p>\n<\/div>\r\n\t\t\t<\/div>\r\n\t\t<\/div>\r\n\t<\/div>\r\n\r\n\t[\/vc_column_inner][vc_column_inner width=\u00a0\u00bb1\/4&Prime;]\r\n\t<div id=\"et-iconbox-434\" class=\"et-iconbox layout-centered icon-style-image-default bottom-spacing-none icon-color- text-color- animation bottom-to-top \"> \r\n\t\t<div class=\"et-icon-inner\">\r\n\t\t\t\t\t\t<figure class=\"et-feature-icon\">\r\n\t\t\t\t\t\t\t\t\t<img decoding=\"async\" src=\"https:\/\/www.libertadavenue.com\/wp-content\/uploads\/2021\/10\/ico-sostenible-1.webp\" alt=\"Durable\" \/>\r\n\t\t\t\t\t\t\t<\/figure>\r\n\t\t\t\t\t\t<div class=\"et-feature-content\"> \r\n\t\t\t\t\t\t\t\t\t\t\t\t\t\t\t\t\t<h4 class=\"title\">Durable<\/h4>\r\n\t\t\t\t\t\t\t\t\t\t\t\t<div class=\"wpb_text_column\"><p>Pour qu&rsquo;un produit soit certifi\u00e9 durable, il doit remplir plusieurs conditions. Nous souhaitons \u00eatre transparents \u00e0 ce sujet. C&rsquo;est pourquoi nous avons cr\u00e9\u00e9 cette ic\u00f4ne, qui indique son degr\u00e9 de durabilit\u00e9 afin que vous puissiez l&rsquo;acheter en fonction de ce crit\u00e8re.<br \/>\n<a href=\"https:\/\/www.libertadavenue.com\/fr\/durable\/\">+ d&rsquo;informations<\/a><\/p>\n<\/div>\r\n\t\t\t<\/div>\r\n\t\t<\/div>\r\n\t<\/div>\r\n\r\n\t[\/vc_column_inner][vc_column_inner width=\u00a0\u00bb1\/4&Prime;]\r\n\t<div id=\"et-iconbox-431\" class=\"et-iconbox layout-centered icon-style-image-default bottom-spacing-none icon-color- text-color- animation bottom-to-top \"> \r\n\t\t<div class=\"et-icon-inner\">\r\n\t\t\t\t\t\t<figure class=\"et-feature-icon\">\r\n\t\t\t\t\t\t\t\t\t<img decoding=\"async\" src=\"https:\/\/www.libertadavenue.com\/wp-content\/uploads\/2021\/10\/ico-proximidad-1.webp\" alt=\"Produit de proximit\u00e9\" \/>\r\n\t\t\t\t\t\t\t<\/figure>\r\n\t\t\t\t\t\t<div class=\"et-feature-content\"> \r\n\t\t\t\t\t\t\t\t\t\t\t\t\t\t\t\t\t<h4 class=\"title\">Produit de proximit\u00e9<\/h4>\r\n\t\t\t\t\t\t\t\t\t\t\t\t<div class=\"wpb_text_column\"><p>Nous privil\u00e9gions la proximit\u00e9 avec le producteur, la r\u00e9duction des \u00e9missions de carbone lors du transport et l\u2019augmentation de la tra\u00e7abilit\u00e9 des produits pour garantir que tous les processus sont r\u00e9alis\u00e9s de la mani\u00e8re la plus durable possible.<\/p>\n<p><a href=\"https:\/\/www.libertadavenue.com\/produccion-de-proximidad\/\">+ info<\/a><\/p>\n<\/div>\r\n\t\t\t<\/div>\r\n\t\t<\/div>\r\n\t<\/div>\r\n\r\n\t[\/vc_column_inner][\/vc_row_inner][\/vc_column][\/vc_row]\n<\/div>","protected":false},"excerpt":{"rendered":"<p>Fabriqu\u00e9 \u00e0 la main avec soin, le sac cabas Maule en cuir de vachette, dot\u00e9 d&rsquo;une bordure r\u00e9fl\u00e9chissante, de poign\u00e9es et d&rsquo;une bandouli\u00e8re, vous accompagnera partout. Dot\u00e9 d&rsquo;une fermeture zipp\u00e9e et de poches ext\u00e9rieures et int\u00e9rieures, il est \u00e0 la fois confortable, pratique, l\u00e9ger et \u00e9l\u00e9gant. <\/p>\n","protected":false},"featured_media":8128,"comment_status":"open","ping_status":"closed","template":"","meta":[],"product_brand":[],"product_cat":[206],"product_tag":[272],"giftcard-category":[],"class_list":{"0":"post-8126","1":"product","2":"type-product","3":"status-publish","4":"has-post-thumbnail","6":"product_cat-accessoires","7":"product_tag-libavete","9":"first","10":"instock","11":"taxable","12":"shipping-taxable","13":"purchasable","14":"product-type-variable"},"_links":{"self":[{"href":"https:\/\/www.libertadavenue.com\/fr\/wp-json\/wp\/v2\/product\/8126","targetHints":{"allow":["GET"]}}],"collection":[{"href":"https:\/\/www.libertadavenue.com\/fr\/wp-json\/wp\/v2\/product"}],"about":[{"href":"https:\/\/www.libertadavenue.com\/fr\/wp-json\/wp\/v2\/types\/product"}],"replies":[{"embeddable":true,"href":"https:\/\/www.libertadavenue.com\/fr\/wp-json\/wp\/v2\/comments?post=8126"}],"wp:featuredmedia":[{"embeddable":true,"href":"https:\/\/www.libertadavenue.com\/fr\/wp-json\/wp\/v2\/media\/8128"}],"wp:attachment":[{"href":"https:\/\/www.libertadavenue.com\/fr\/wp-json\/wp\/v2\/media?parent=8126"}],"wp:term":[{"taxonomy":"product_brand","embeddable":true,"href":"https:\/\/www.libertadavenue.com\/fr\/wp-json\/wp\/v2\/product_brand?post=8126"},{"taxonomy":"product_cat","embeddable":true,"href":"https:\/\/www.libertadavenue.com\/fr\/wp-json\/wp\/v2\/product_cat?post=8126"},{"taxonomy":"product_tag","embeddable":true,"href":"https:\/\/www.libertadavenue.com\/fr\/wp-json\/wp\/v2\/product_tag?post=8126"},{"taxonomy":"giftcard-category","embeddable":true,"href":"https:\/\/www.libertadavenue.com\/fr\/wp-json\/wp\/v2\/giftcard-category?post=8126"}],"curies":[{"name":"wp","href":"https:\/\/api.w.org\/{rel}","templated":true}]}}