{"id":8019,"date":"2025-06-14T10:06:58","date_gmt":"2025-06-14T08:06:58","guid":{"rendered":"https:\/\/www.libertadavenue.com\/meleze\/"},"modified":"2025-06-14T10:06:59","modified_gmt":"2025-06-14T08:06:59","slug":"meleze","status":"publish","type":"product","link":"https:\/\/www.libertadavenue.com\/fr\/meleze\/","title":{"rendered":"M\u00e9l\u00e8ze"},"content":{"rendered":"<div class=\"wpb-content-wrapper\">[vc_row][vc_column][vc_column_text]Une chaussure id\u00e9ale pour aller au travail \u00e0 v\u00e9lo et conserver l&rsquo;esth\u00e9tique souvent exig\u00e9e par le monde du travail, sans compromettre le confort. La Monk Alerce est fabriqu\u00e9e en cuir naturel, teint\u00e9 avec un faible impact \u00e9cologique, avec des coutures r\u00e9sistantes, des lacets interchangeables combin\u00e9s \u00e0 un \u00e9lastique et une semelle en caoutchouc r\u00e9sistante \u00e0 la route et r\u00e9parable. Nos produits sont fabriqu\u00e9s \u00e0 la main un par un selon des techniques artisanales traditionnelles. Ils peuvent pr\u00e9senter des d\u00e9fauts de fabrication.    <\/p>\n<ul>\n<li>Ext\u00e9rieur : Cuir avec teinture \u00e9cologique \u00e0 faible impact.<\/li>\n<li>Doublure : cuir avec teinture \u00e0 faible impact \u00e9cologique.<\/li>\n<li>Semelle : cuir non teint.<\/li>\n<li>ReSuela : caoutchouc routier fabriqu\u00e9 \u00e0 partir de mat\u00e9riaux recycl\u00e9s.<\/li>\n<li>R\u00e9flecteurs \u00e0 haut rendement lumineux.<\/li>\n<li>L&rsquo;ergonomie a \u00e9t\u00e9 travaill\u00e9e en d\u00e9tail pour garantir une chaussure tr\u00e8s confortable.<\/li>\n<\/ul>\n[\/vc_column_text][vc_row_inner el_class=\u00a0\u00bbvalores\u00a0\u00bb css=\u00a0\u00bb.vc_custom_1635261820687{margin-top: 100px !important;}\u00a0\u00bb][vc_column_inner width=\u00a0\u00bb1\/4&Prime;]\r\n\t<div id=\"et-iconbox-305\" class=\"et-iconbox layout-centered icon-style-image-default bottom-spacing-none icon-color- text-color- animation bottom-to-top \"> \r\n\t\t<div class=\"et-icon-inner\">\r\n\t\t\t\t\t\t<figure class=\"et-feature-icon\">\r\n\t\t\t\t\t\t\t\t\t<img decoding=\"async\" src=\"https:\/\/www.libertadavenue.com\/wp-content\/uploads\/2021\/10\/ico-reciclable-1.webp\" alt=\"Reutilizable\" \/>\r\n\t\t\t\t\t\t\t<\/figure>\r\n\t\t\t\t\t\t<div class=\"et-feature-content\"> \r\n\t\t\t\t\t\t\t\t\t\t\t\t\t\t\t\t\t<h4 class=\"title\">Reutilizable<\/h4>\r\n\t\t\t\t\t\t\t\t\t\t\t\t<div class=\"wpb_text_column\"><p>Nous s\u00e9lectionnons soigneusement les composants qui permettent \u00e0 nos produits d\u2019\u00eatre r\u00e9utilis\u00e9s et recycl\u00e9s.<\/p>\n<p><a href=\"https:\/\/www.libertadavenue.com\/fr\/reutilizable\/\">+ info<\/a><\/p>\n<\/div>\r\n\t\t\t<\/div>\r\n\t\t<\/div>\r\n\t<\/div>\r\n\r\n\t[\/vc_column_inner][vc_column_inner width=\u00a0\u00bb1\/4&Prime;]\r\n\t<div id=\"et-iconbox-504\" class=\"et-iconbox layout-centered icon-style-image-default bottom-spacing-none icon-color- text-color- animation bottom-to-top \"> \r\n\t\t<div class=\"et-icon-inner\">\r\n\t\t\t\t\t\t<figure class=\"et-feature-icon\">\r\n\t\t\t\t\t\t\t\t\t<img decoding=\"async\" src=\"https:\/\/www.libertadavenue.com\/wp-content\/uploads\/2021\/10\/ico-reparable-1.webp\" alt=\"R\u00e9parable\" \/>\r\n\t\t\t\t\t\t\t<\/figure>\r\n\t\t\t\t\t\t<div class=\"et-feature-content\"> \r\n\t\t\t\t\t\t\t\t\t\t\t\t\t\t\t\t\t<h4 class=\"title\">R\u00e9parable<\/h4>\r\n\t\t\t\t\t\t\t\t\t\t\t\t<div class=\"wpb_text_column\"><p>Nous nous engageons \u00e0 cr\u00e9er des v\u00eatements et des accessoires qui peuvent \u00eatre utilis\u00e9s pendant longtemps, c&rsquo;est pourquoi nous utilisons uniquement des mat\u00e9riaux de haute qualit\u00e9 dans leur fabrication.<\/p>\n<\/div>\r\n\t\t\t<\/div>\r\n\t\t<\/div>\r\n\t<\/div>\r\n\r\n\t[\/vc_column_inner][vc_column_inner width=\u00a0\u00bb1\/4&Prime;]\r\n\t<div id=\"et-iconbox-341\" class=\"et-iconbox layout-centered icon-style-image-default bottom-spacing-none icon-color- text-color- animation bottom-to-top \"> \r\n\t\t<div class=\"et-icon-inner\">\r\n\t\t\t\t\t\t<figure class=\"et-feature-icon\">\r\n\t\t\t\t\t\t\t\t\t<img decoding=\"async\" src=\"https:\/\/www.libertadavenue.com\/wp-content\/uploads\/2021\/10\/ico-eco-friendly-1-1.webp\" alt=\"\u00c9cologique\" \/>\r\n\t\t\t\t\t\t\t<\/figure>\r\n\t\t\t\t\t\t<div class=\"et-feature-content\"> \r\n\t\t\t\t\t\t\t\t\t\t\t\t\t\t\t\t\t<h4 class=\"title\">\u00c9cologique<\/h4>\r\n\t\t\t\t\t\t\t\t\t\t\t\t<div class=\"wpb_text_column\"><p>Dans tous nos processus, nous recherchons toujours l\u2019alternative la plus \u00e9cologique possible et avec le plus faible impact environnemental.<br \/>\n<a href=\"https:\/\/www.libertadavenue.com\/fr\/respectueux-de-lenvironnement\/\">+ info<\/a><\/p>\n<\/div>\r\n\t\t\t<\/div>\r\n\t\t<\/div>\r\n\t<\/div>\r\n\r\n\t[\/vc_column_inner][vc_column_inner width=\u00a0\u00bb1\/4&Prime;]\r\n\t<div id=\"et-iconbox-481\" class=\"et-iconbox layout-centered icon-style-image-default bottom-spacing-none icon-color- text-color- animation bottom-to-top \"> \r\n\t\t<div class=\"et-icon-inner\">\r\n\t\t\t\t\t\t<figure class=\"et-feature-icon\">\r\n\t\t\t\t\t\t\t\t\t<img decoding=\"async\" src=\"https:\/\/www.libertadavenue.com\/wp-content\/uploads\/2021\/10\/ico-hecho-a-mano-1.webp\" alt=\"Fait \u00e0 la main\" \/>\r\n\t\t\t\t\t\t\t<\/figure>\r\n\t\t\t\t\t\t<div class=\"et-feature-content\"> \r\n\t\t\t\t\t\t\t\t\t\t\t\t\t\t\t\t\t<h4 class=\"title\">Fait \u00e0 la main<\/h4>\r\n\t\t\t\t\t\t\t\t\t\t\t\t<div class=\"wpb_text_column\"><p>Nos outils sont nos mains, avec lesquelles nous fa\u00e7onnons les mat\u00e9riaux pour cr\u00e9er les produits que nous proposons.<br \/>\n<a href=\"https:\/\/www.libertadavenue.com\/hecho-a-mano\/\">+ info<\/a><\/p>\n<\/div>\r\n\t\t\t<\/div>\r\n\t\t<\/div>\r\n\t<\/div>\r\n\r\n\t[\/vc_column_inner][\/vc_row_inner][vc_row_inner el_class=\u00a0\u00bbvalores\u00a0\u00bb css=\u00a0\u00bb.vc_custom_1635261807889{margin-top: 50px !important;}\u00a0\u00bb][vc_column_inner width=\u00a0\u00bb1\/4&Prime;]\r\n\t<div id=\"et-iconbox-30\" class=\"et-iconbox layout-centered icon-style-image-default bottom-spacing-none icon-color- text-color- animation bottom-to-top \"> \r\n\t\t<div class=\"et-icon-inner\">\r\n\t\t\t\t\t\t<figure class=\"et-feature-icon\">\r\n\t\t\t\t\t\t\t\t\t<img decoding=\"async\" src=\"https:\/\/www.libertadavenue.com\/wp-content\/uploads\/2021\/10\/ico-reflectante-1.webp\" alt=\"R\u00e9fl\u00e9chissant\" \/>\r\n\t\t\t\t\t\t\t<\/figure>\r\n\t\t\t\t\t\t<div class=\"et-feature-content\"> \r\n\t\t\t\t\t\t\t\t\t\t\t\t\t\t\t\t\t<h4 class=\"title\">R\u00e9fl\u00e9chissant<\/h4>\r\n\t\t\t\t\t\t\t\t\t\t\t\t<div class=\"wpb_text_column\"><p>Mat\u00e9riau r\u00e9fl\u00e9chissant la lumi\u00e8re, rendant l&rsquo;objet visible. Indispensable \u00e0 nos gammes de produits, il assure une plus grande s\u00e9curit\u00e9 aux cyclistes la nuit.<br \/>\n<a href=\"https:\/\/www.libertadavenue.com\/fr\/reflechissant\/\">+ d&rsquo;informations<\/a><\/p>\n<\/div>\r\n\t\t\t<\/div>\r\n\t\t<\/div>\r\n\t<\/div>\r\n\r\n\t[\/vc_column_inner][vc_column_inner width=\u00a0\u00bb1\/4&Prime;]\r\n\t<div id=\"et-iconbox-376\" class=\"et-iconbox layout-centered icon-style-image-default bottom-spacing-none icon-color- text-color- animation bottom-to-top \"> \r\n\t\t<div class=\"et-icon-inner\">\r\n\t\t\t\t\t\t<figure class=\"et-feature-icon\">\r\n\t\t\t\t\t\t\t\t\t<img decoding=\"async\" src=\"https:\/\/www.libertadavenue.com\/wp-content\/uploads\/2021\/10\/ico-ergonomico-1.webp\" alt=\"Ergon\u00f3mico\" \/>\r\n\t\t\t\t\t\t\t<\/figure>\r\n\t\t\t\t\t\t<div class=\"et-feature-content\"> \r\n\t\t\t\t\t\t\t\t\t\t\t\t\t\t\t\t\t<h4 class=\"title\">Ergon\u00f3mico<\/h4>\r\n\t\t\t\t\t\t\t\t\t\t\t\t<div class=\"wpb_text_column\"><p>L&rsquo;utilisation d&rsquo;outils de conception ergonomique nous permet de cr\u00e9er des objets qui rendent notre vie plus agr\u00e9able. Si nous consid\u00e9rons les gens comme des \u00eatres \u00e0 part enti\u00e8re, il est essentiel de leur offrir le confort dont ils ont besoin.<br \/>\n<a href=\"https:\/\/www.libertadavenue.com\/ergonomico\/\">+ d&rsquo;informations<\/a><\/p>\n<\/div>\r\n\t\t\t<\/div>\r\n\t\t<\/div>\r\n\t<\/div>\r\n\r\n\t[\/vc_column_inner][vc_column_inner width=\u00a0\u00bb1\/4&Prime;]\r\n\t<div id=\"et-iconbox-467\" class=\"et-iconbox layout-centered icon-style-image-default bottom-spacing-none icon-color- text-color- animation bottom-to-top \"> \r\n\t\t<div class=\"et-icon-inner\">\r\n\t\t\t\t\t\t<figure class=\"et-feature-icon\">\r\n\t\t\t\t\t\t\t\t\t<img decoding=\"async\" src=\"https:\/\/www.libertadavenue.com\/wp-content\/uploads\/2021\/10\/ico-sostenible-1.webp\" alt=\"Durable\" \/>\r\n\t\t\t\t\t\t\t<\/figure>\r\n\t\t\t\t\t\t<div class=\"et-feature-content\"> \r\n\t\t\t\t\t\t\t\t\t\t\t\t\t\t\t\t\t<h4 class=\"title\">Durable<\/h4>\r\n\t\t\t\t\t\t\t\t\t\t\t\t<div class=\"wpb_text_column\"><p>Pour qu&rsquo;un produit soit certifi\u00e9 durable, il doit remplir plusieurs conditions. Nous souhaitons \u00eatre transparents \u00e0 ce sujet. C&rsquo;est pourquoi nous avons cr\u00e9\u00e9 cette ic\u00f4ne, qui indique son degr\u00e9 de durabilit\u00e9 afin que vous puissiez l&rsquo;acheter en fonction de ce crit\u00e8re.<br \/>\n<a href=\"https:\/\/www.libertadavenue.com\/fr\/durable\/\">+ d&rsquo;informations<\/a><\/p>\n<\/div>\r\n\t\t\t<\/div>\r\n\t\t<\/div>\r\n\t<\/div>\r\n\r\n\t[\/vc_column_inner][vc_column_inner width=\u00a0\u00bb1\/4&Prime;]\r\n\t<div id=\"et-iconbox-485\" class=\"et-iconbox layout-centered icon-style-image-default bottom-spacing-none icon-color- text-color- animation bottom-to-top \"> \r\n\t\t<div class=\"et-icon-inner\">\r\n\t\t\t\t\t\t<figure class=\"et-feature-icon\">\r\n\t\t\t\t\t\t\t\t\t<img decoding=\"async\" src=\"https:\/\/www.libertadavenue.com\/wp-content\/uploads\/2021\/10\/ico-proximidad-1.webp\" alt=\"Produit de proximit\u00e9\" \/>\r\n\t\t\t\t\t\t\t<\/figure>\r\n\t\t\t\t\t\t<div class=\"et-feature-content\"> \r\n\t\t\t\t\t\t\t\t\t\t\t\t\t\t\t\t\t<h4 class=\"title\">Produit de proximit\u00e9<\/h4>\r\n\t\t\t\t\t\t\t\t\t\t\t\t<div class=\"wpb_text_column\"><p>Nous privil\u00e9gions la proximit\u00e9 avec le producteur, la r\u00e9duction des \u00e9missions de carbone lors du transport et l\u2019augmentation de la tra\u00e7abilit\u00e9 des produits pour garantir que tous les processus sont r\u00e9alis\u00e9s de la mani\u00e8re la plus durable possible.<br \/>\n<a href=\"https:\/\/www.libertadavenue.com\/produccion-de-proximidad\/\">+ info<\/a><\/p>\n<\/div>\r\n\t\t\t<\/div>\r\n\t\t<\/div>\r\n\t<\/div>\r\n\r\n\t[\/vc_column_inner][\/vc_row_inner][\/vc_column][\/vc_row]\n<\/div>","protected":false},"excerpt":{"rendered":"<p>Inspir\u00e9s des boucles classiques, nous avons ajout\u00e9 non pas deux, mais quatre boucles \u00e0 nos chaussures Monk Alerce, rendant la patine de la tige r\u00e9versible et interchangeable. Lass\u00e9e de la patine au bout d&rsquo;un moment ? Nous la remplacerons pour vous. Cuir d&rsquo;un c\u00f4t\u00e9, r\u00e9fl\u00e9chissant de l&rsquo;autre.   <\/p>\n<p>Alliant une esth\u00e9tique classique \u00e0 l&rsquo;ergonomie et au confort, nos chaussures Monk Larch sont d&rsquo;une \u00e9l\u00e9gance incarn\u00e9e gr\u00e2ce \u00e0 leur esth\u00e9tique et leur semelle en cuir, tandis que leur patine unique leur conf\u00e8re une touche de personnalit\u00e9. La semelle de route en caoutchouc offre une adh\u00e9rence optimale et une grande durabilit\u00e9. <\/p>\n","protected":false},"featured_media":8020,"comment_status":"open","ping_status":"closed","template":"","meta":[],"product_brand":[],"product_cat":[187],"product_tag":[272],"giftcard-category":[],"class_list":{"0":"post-8019","1":"product","2":"type-product","3":"status-publish","4":"has-post-thumbnail","6":"product_cat-chaussures-de-cyclisme-urbain","7":"product_tag-libavete","8":"pa_tallas-35-fr","9":"pa_tallas-36-fr","10":"pa_tallas-37-fr","11":"pa_tallas-38-fr","12":"pa_tallas-39-fr","13":"pa_tallas-40-fr","14":"pa_tallas-41-fr","15":"pa_tallas-42-fr","16":"pa_tallas-43-fr","17":"pa_tallas-44-fr","18":"pa_tallas-45-fr","19":"pa_tallas-46-fr","21":"first","22":"instock","23":"featured","24":"taxable","25":"shipping-taxable","26":"purchasable","27":"product-type-variable"},"_links":{"self":[{"href":"https:\/\/www.libertadavenue.com\/fr\/wp-json\/wp\/v2\/product\/8019","targetHints":{"allow":["GET"]}}],"collection":[{"href":"https:\/\/www.libertadavenue.com\/fr\/wp-json\/wp\/v2\/product"}],"about":[{"href":"https:\/\/www.libertadavenue.com\/fr\/wp-json\/wp\/v2\/types\/product"}],"replies":[{"embeddable":true,"href":"https:\/\/www.libertadavenue.com\/fr\/wp-json\/wp\/v2\/comments?post=8019"}],"wp:featuredmedia":[{"embeddable":true,"href":"https:\/\/www.libertadavenue.com\/fr\/wp-json\/wp\/v2\/media\/8020"}],"wp:attachment":[{"href":"https:\/\/www.libertadavenue.com\/fr\/wp-json\/wp\/v2\/media?parent=8019"}],"wp:term":[{"taxonomy":"product_brand","embeddable":true,"href":"https:\/\/www.libertadavenue.com\/fr\/wp-json\/wp\/v2\/product_brand?post=8019"},{"taxonomy":"product_cat","embeddable":true,"href":"https:\/\/www.libertadavenue.com\/fr\/wp-json\/wp\/v2\/product_cat?post=8019"},{"taxonomy":"product_tag","embeddable":true,"href":"https:\/\/www.libertadavenue.com\/fr\/wp-json\/wp\/v2\/product_tag?post=8019"},{"taxonomy":"giftcard-category","embeddable":true,"href":"https:\/\/www.libertadavenue.com\/fr\/wp-json\/wp\/v2\/giftcard-category?post=8019"}],"curies":[{"name":"wp","href":"https:\/\/api.w.org\/{rel}","templated":true}]}}