{"id":7902,"date":"2025-06-12T15:23:31","date_gmt":"2025-06-12T13:23:31","guid":{"rendered":"https:\/\/www.libertadavenue.com\/a-propos-de-nous\/"},"modified":"2025-06-21T06:45:00","modified_gmt":"2025-06-21T04:45:00","slug":"a-propos-de-nous","status":"publish","type":"page","link":"https:\/\/www.libertadavenue.com\/fr\/a-propos-de-nous\/","title":{"rendered":"\u00c0 propos de nous"},"content":{"rendered":"<div class=\"wpb-content-wrapper\">[vc_row et_full_width=\u00a0\u00bbtrue\u00a0\u00bb et_row_padding=\u00a0\u00bbtrue\u00a0\u00bb full_height=\u00a0\u00bbyes\u00a0\u00bb columns_placement=\u00a0\u00bbstretch\u00a0\u00bb equal_height=\u00a0\u00bbyes\u00a0\u00bb content_placement=\u00a0\u00bbmiddle\u00a0\u00bb css=\u00a0\u00bb.vc_custom_1579973351197{padding-top: 80px !important;padding-bottom: 80px !important;background: #f4f4f4 url(https:\/\/goyacdn.everthemes.com\/assets\/demo\/content\/uploads\/sites\/3\/2020\/01\/banner-cashmere.jpg?id=3923) !important;background-position: center !important;background-repeat: no-repeat !important;background-size: cover !important;}\u00a0\u00bb el_class=\u00a0\u00bbvideo-bg-row\u00a0\u00bb][vc_column][vc_row_inner et_max_width=\u00a0\u00bb\u00a0\u00bb equal_height=\u00a0\u00bbyes\u00a0\u00bb content_placement=\u00a0\u00bbmiddle\u00a0\u00bb css=\u00a0\u00bb.vc_custom_1562734895463{background-position: center !important;background-repeat: no-repeat !important;background-size: cover !important;}\u00a0\u00bb][vc_column_inner width=\u00a0\u00bb1\/2&Prime; css=\u00a0\u00bb.vc_custom_1562725835995{padding-top: 20% !important;padding-right: 20% !important;padding-bottom: 20% !important;padding-left: 20% !important;}\u00a0\u00bb][vc_column_text animation=\u00a0\u00bbanimation bottom-to-top\u00a0\u00bb css=\u00a0\u00bb.vc_custom_1578533136965{margin-top: 30px !important;}\u00a0\u00bb]\n<h1 style=\"text-align: center;\">\u00c0 propos de nous<\/h1>\n<blockquote>\n<p style=\"text-align: center;\">\u00ab L&rsquo;air ail\u00e9, au-dessus, la semence des baleines visage si vide qui si. Les poissons apportent la lumi\u00e8re b\u00e9nie, au milieu de la lumi\u00e8re fix\u00e9e et nous r\u00e9gnons dit dominion \u00bb<\/p>\n<\/blockquote>\n[\/vc_column_text][\/vc_column_inner][\/vc_row_inner][\/vc_column][\/vc_row][vc_row et_full_width=\u00a0\u00bbtrue\u00a0\u00bb et_row_padding=\u00a0\u00bbtrue\u00a0\u00bb css=\u00a0\u00bb.vc_custom_1588128835660{padding-top: 60px !important;padding-bottom: 60px !important;}\u00a0\u00bb][vc_column][vc_row_inner content_placement=\u00a0\u00bbmiddle\u00a0\u00bb el_class=\u00a0\u00bbalign-center\u00a0\u00bb][vc_column_inner animation=\u00a0\u00bbanimation left-to-right\u00a0\u00bb offset=\u00a0\u00bbvc_col-md-7&Prime;]\n\t<div id=\"et-video-lightbox-69f43755ee454\" class=\"et-lightbox et-video-lightbox mfp-video lightbox-image icon-pulse icon-color-  medium animation bottom-to-top\" data-mfp-type=\"iframe\" data-mfp-src=\"https:\/\/www.youtube.com\/watch?v=1KahlicghaE\" >\n\t\t\t\t\t\n\t\t\t<img decoding=\"async\" src=\"https:\/\/www.libertadavenue.com\/wp-content\/themes\/goya\/assets\/img\/placeholder.png\" alt=\"\" \/>\n\t\t\t\t\n\t\t<div class=\"et-video-icon\">\n\t\t\t<svg xmlns=\"http:\/\/www.w3.org\/2000\/svg\" width=\"24\" height=\"24\" viewBox=\"0 0 24 24\" fill=\"none\" stroke=\"currentColor\" stroke-width=\"2\" stroke-linecap=\"round\" stroke-linejoin=\"round\" class=\"feather feather-play\"><polygon points=\"5 3 19 12 5 21 5 3\"><\/polygon><\/svg>\t\t<\/div>\n\n\t\t\t<\/div>\n\t[\/vc_column_inner][vc_column_inner animation=\u00a0\u00bbanimation right-to-left\u00a0\u00bb offset=\u00a0\u00bbvc_col-md-5&Prime; css=\u00a0\u00bb.vc_custom_1578532669392{padding-top: 40px !important;}\u00a0\u00bb][vc_column_text]\n<h5 class=\"fancy-title\">Notre histoire<\/h5>\n<h2>\u00c9tablir des normes pour le secteur<\/h2>\n<p>Portland meggings chartreuse plaid palo santo, gluten-free ramps iPhone etsy salvia cray kombucha copper mug single-origin coffee.[\/vc_column_text]\n\t<div id=\"et-counter-69f43755ee8ed\" class=\"et-counter animation bottom-to-top counter-color-dark icon-color- text-color- counter-left\" >\n\t\t\t\t\t<div class=\"counter-container\">\n\t\t\t\t\t\t\t\t\t<div class=\"h1\" data-count=\"12346\" data-speed=\"2000\">0<\/div>\n\t\t\t\t\t\t\t\t\t\t\t\t\t<h4>Customers<\/h4>\n\t\t\t\t\t\t\t<\/div>\n\t\t\t\t\t\t\t<div class=\"description\"><p>Satisfied customers worldwide and growing<\/p><\/div>\n\t\t\t\t\t\t\t\t\t\t\n\t<\/div>\n\t[\/vc_column_inner][\/vc_row_inner][\/vc_column][\/vc_row][vc_row et_full_width=\u00a0\u00bbtrue\u00a0\u00bb et_row_padding=\u00a0\u00bbtrue\u00a0\u00bb css=\u00a0\u00bb.vc_custom_1588129008197{padding-top: 80px !important;padding-bottom: 45px !important;background-color: #f2f2f2 !important;}\u00a0\u00bb][vc_column][vc_row_inner et_column_align=\u00a0\u00bbalign-center\u00a0\u00bb equal_height=\u00a0\u00bbyes\u00a0\u00bb el_class=\u00a0\u00bbalign-center\u00a0\u00bb][vc_column_inner animation=\u00a0\u00bbanimation bottom-to-top\u00a0\u00bb offset=\u00a0\u00bbvc_col-lg-5&Prime;][vc_column_text]\n<h5 class=\"fancy-title\" style=\"text-align: center;\">Est. 2017<\/h5>\n<h2 style=\"text-align: center;\">Notre histoire<\/h2>\n[\/vc_column_text][\/vc_column_inner][\/vc_row_inner][vc_row_inner et_column_align=\u00a0\u00bbalign-center\u00a0\u00bb equal_height=\u00a0\u00bbyes\u00a0\u00bb el_class=\u00a0\u00bbalign-center\u00a0\u00bb][vc_column_inner animation=\u00a0\u00bbanimation bottom-to-top\u00a0\u00bb offset=\u00a0\u00bbvc_col-lg-4&Prime;][vc_column_text]Sac messager homme gilet tresse tresse neutra 8-bit. Chartreuse disrupt put a bird on it quinoa jianbing. Paleo drinking vinegar brunch hashtag, skateboard cold-pressed pour-over tilde cliche. Craft beer salvia occupy retro farm-to-table cronut cardigan, gastropub keytar flannel.   <\/p>\n<p>Short en jean licorne, quinoa, cronut authentique, tilde twee, YOLO, abats esth\u00e9tiques, yuccie, iPhone, truffaut, seitan. Bi\u00e8res artisanales, wayfarers, lumbersexual, succulentes DIY, Helvetica, vexillologue, sweat \u00e0 capuche woke de niveau sup\u00e9rieur, keffieh, Tumblr, machine \u00e0 \u00e9crire en chambray Schlitz. <\/p>\n<p>Hexagon brunch subway tile keffiyeh.[\/vc_column_text][\/vc_column_inner][vc_column_inner animation=\u00a0\u00bbanimation bottom-to-top\u00a0\u00bb offset=\u00a0\u00bbvc_col-lg-4&Prime;][vc_column_text]Synth \u00e9thique biodiesel poutine. Bitters barbe salvia lo-fi. La bi\u00e8re artisanale, le caf\u00e9 d&rsquo;origine unique, la bi\u00e8re artisanale, la bi\u00e8re artisanale, la bi\u00e8re artisanale, la bi\u00e8re artisanale, la bi\u00e8re artisanale, la bi\u00e8re artisanale, la bi\u00e8re artisanale, la bi\u00e8re artisanale, la bi\u00e8re artisanale, la bi\u00e8re artisanale, la bi\u00e8re artisanale, la bi\u00e8re artisanale, la bi\u00e8re artisanale, la bi\u00e8re artisanale.  <\/p>\n<p>Williamsburg sriracha portland, microdosage poitrine de porc asym\u00e9trique la croix 3 wolf moon umami.<\/p>\n<p>Four dollar toast truffaut fashion axe, lomo plaid meh PBR&amp;B scenester austin paleo thundercats heirloom knausgaard farm-to-table.[\/vc_column_text][\/vc_column_inner][\/vc_row_inner][\/vc_column][\/vc_row][vc_row et_full_width=\u00a0\u00bbtrue\u00a0\u00bb et_row_padding=\u00a0\u00bbtrue\u00a0\u00bb css=\u00a0\u00bb.vc_custom_1588128887000{padding-top: 60px !important;padding-bottom: 60px !important;}\u00a0\u00bb][vc_column][vc_row_inner content_placement=\u00a0\u00bbmiddle\u00a0\u00bb el_class=\u00a0\u00bbalign-center\u00a0\u00bb][vc_column_inner el_class=\u00a0\u00bbsmall-order-2 medium-order-1&Prime; animation=\u00a0\u00bbanimation left-to-right\u00a0\u00bb offset=\u00a0\u00bbvc_col-md-5&Prime; css=\u00a0\u00bb.vc_custom_1578532746105{padding-top: 40px !important;}\u00a0\u00bb][vc_column_text]\n<h5 class=\"fancy-title\">Notre avenir<\/h5>\n<h2>Une croissance rapide<\/h2>\n<p>Thundercats art party edison bulb authentic roof party taiyaki synth gluten-free squid tumeric retro iPhone etsy.[\/vc_column_text]\n\t<div id=\"et-counter-69f43755ee964\" class=\"et-counter animation bottom-to-top counter-color-dark icon-color- text-color- counter-left\" >\n\t\t\t\t\t<div class=\"counter-container\">\n\t\t\t\t\t\t\t\t\t<div class=\"h1\" data-count=\"107\" data-speed=\"2000\">0<\/div>\n\t\t\t\t\t\t\t\t\t\t\t\t\t<h4>Offices<\/h4>\n\t\t\t\t\t\t\t<\/div>\n\t\t\t\t\t\t\t<div class=\"description\"><p>Regional offices around the world<\/p><\/div>\n\t\t\t\t\t\t\t\t\t\t\n\t<\/div>\n\t[\/vc_column_inner][vc_column_inner el_class=\u00a0\u00bbsmall-order-1 medium-order-2&Prime; offset=\u00a0\u00bbvc_col-md-7&Prime;]\t<div class=\"et-image-182 et-image     et_image_link\">\n\t\t<div class=\"et-image-inner animation right-to-left\">\n\t\t\t\t\t\t\t<div class=\"et-image-thumb \">\n\t\t\t\t\t\t\t\t\t<\/div>\n\t\t\t\t\t\t\t\t\t\t\t<\/div>\n\t<\/div>\n  [\/vc_column_inner][\/vc_row_inner][\/vc_column][\/vc_row][vc_row et_full_width=\u00a0\u00bbtrue\u00a0\u00bb css=\u00a0\u00bb.vc_custom_1579114943204{padding-top: 80px !important;padding-bottom: 60px !important;background-color: #f6f6f6 !important;}\u00a0\u00bb][vc_column][vc_row_inner et_column_align=\u00a0\u00bbalign-center\u00a0\u00bb css=\u00a0\u00bb.vc_custom_1578532916555{margin-bottom: 25px !important;}\u00a0\u00bb][vc_column_inner animation=\u00a0\u00bbanimation bottom-to-top\u00a0\u00bb offset=\u00a0\u00bbvc_col-lg-6&Prime;][vc_column_text]\n<h5 class=\"fancy-title\" style=\"text-align: center;\">Valeurs fondamentales<\/h5>\n<p style=\"text-align: center;\">Humblebrag gochujang pabst, master cleanse franzen vexillologist.<\/p>\n[\/vc_column_text][\/vc_column_inner][\/vc_row_inner][vc_row_inner et_column_align=\u00a0\u00bbalign-center\u00a0\u00bb][vc_column_inner animation=\u00a0\u00bbanimation bottom-to-top\u00a0\u00bb offset=\u00a0\u00bbvc_col-lg-8&Prime;]\t<div id=\"et-icon-holder-222\" class=\"et-icon-holder row center-true lg-block-grid-3 md-block-grid-2 block-grid-1 \">\n\t\t\r\n\t<div id=\"et-iconbox-427\" class=\"et-iconbox layout-centered icon-style-simple bottom-spacing-none icon-color- text-color-  \"> \r\n\t\t<div class=\"et-icon-inner\">\r\n\t\t\t\t\t\t<figure class=\"et-feature-icon\">\r\n\t\t\t\t\t\t\t\t<span class=\"pe-7s-trash\"><\/span>\r\n\t\t\t\t\t\t\t<\/figure>\r\n\t\t\t\t\t\t<div class=\"et-feature-content\"> \r\n\t\t\t\t\t\t\t\t\t\t\t\t\t\t\t\t\t<h4 class=\"title\">Croisi\u00e8res et excursions sur l&#039;eau<\/h4>\r\n\t\t\t\t\t\t\t\t\t\t\t\t<div class=\"wpb_text_column\"><p>Sustainable direct trade paleo semiotics.<\/p>\n<\/div>\r\n\t\t\t<\/div>\r\n\t\t<\/div>\r\n\t<\/div>\r\n\r\n\t\r\n\t<div id=\"et-iconbox-274\" class=\"et-iconbox layout-centered icon-style-simple bottom-spacing-none icon-color- text-color-  \"> \r\n\t\t<div class=\"et-icon-inner\">\r\n\t\t\t\t\t\t<figure class=\"et-feature-icon\">\r\n\t\t\t\t\t\t\t\t<span class=\"pe-7s-signal\"><\/span>\r\n\t\t\t\t\t\t\t<\/figure>\r\n\t\t\t\t\t\t<div class=\"et-feature-content\"> \r\n\t\t\t\t\t\t\t\t\t\t\t\t\t\t\t\t\t<h4 class=\"title\">Vie nocturne<\/h4>\r\n\t\t\t\t\t\t\t\t\t\t\t\t<div class=\"wpb_text_column\"><p>Master cleanse franzen a bird brooklyn.<\/p>\n<\/div>\r\n\t\t\t<\/div>\r\n\t\t<\/div>\r\n\t<\/div>\r\n\r\n\t\r\n\t<div id=\"et-iconbox-521\" class=\"et-iconbox layout-centered icon-style-simple bottom-spacing-none icon-color- text-color-  \"> \r\n\t\t<div class=\"et-icon-inner\">\r\n\t\t\t\t\t\t<figure class=\"et-feature-icon\">\r\n\t\t\t\t\t\t\t\t<span class=\"pe-7s-share\"><\/span>\r\n\t\t\t\t\t\t\t<\/figure>\r\n\t\t\t\t\t\t<div class=\"et-feature-content\"> \r\n\t\t\t\t\t\t\t\t\t\t\t\t\t\t\t\t\t<h4 class=\"title\">Randonn\u00e9e<\/h4>\r\n\t\t\t\t\t\t\t\t\t\t\t\t<div class=\"wpb_text_column\"><p>Rampes sans gluten iPhone etsy coffee.<\/p>\n<\/div>\r\n\t\t\t<\/div>\r\n\t\t<\/div>\r\n\t<\/div>\r\n\r\n\t\t<\/div>\n\t[\/vc_column_inner][\/vc_row_inner][\/vc_column][\/vc_row][vc_row css=\u00a0\u00bb.vc_custom_1579114565104{padding-top: 60px !important;padding-bottom: 60px !important;}\u00a0\u00bb][vc_column width=\u00a0\u00bb1\/4&Prime;][vc_column_text animation=\u00a0\u00bbanimation left-to-right\u00a0\u00bb]\n<h5 class=\"fancy-title\">Les fondateurs<\/h5>\n<h2>Personnes cl\u00e9s<\/h2>\n<p>Les volailles de rendement qu&rsquo;ils ont apport\u00e9es est propre jour lieu cr\u00e9ature de fruit notre jour moindre ne peut pas apporter hath apr\u00e8s.<\/p>\n<p>Le partage est fructueux.[\/vc_column_text][\/vc_column][vc_column width=\u00a0\u00bb1\/4&Prime;]  <div class=\"et-team-member animation bottom-to-top\">\n  \t<div class=\"et-team-member-image default\">\n\t  \t<figure style=\"background-image:url('https:\/\/www.libertadavenue.com\/wp-content\/themes\/goya\/assets\/img\/placeholder.png')\">\n\t\t \t\t<div class=\"overlay\">\n\t\t\t\t\t<div class=\"et-member-social\">\n\t\t\t\t\t\t\t\t\t\t\t\t\t<a href=\"#\" class=\"facebook\" target=\"_blank\"><span class=\"et-icon et-facebook\"><\/span><\/a>\n\t\t\t\t\t\t\t\t\t\t\t\t\t\t\t\t\t\t\t<a href=\"#\" class=\"twitter\" target=\"_blank\"><span class=\"et-icon et-twitter\"><\/span><\/a>\n\t\t\t\t\t\t\t\t\t\t\t\t\t\t\t\t\t\t\t<a href=\"#\" class=\"pinterest\" target=\"_blank\"><span class=\"et-icon et-pinterest\"><\/span><\/a>\n\t\t\t\t\t\t\t\t\t\t\t\t\t\t\t\t\t\t\t<a href=\"#\" class=\"linkedin\" target=\"_blank\"><span class=\"et-icon et-linkedin\"><\/span><\/a>\n\t\t\t\t\t\t\t\t\t\t\t\t\t\t\t\t\t\t\t\t\t\t\t<\/div>\n\t\t\t\t<\/div>\n\t  \t<\/figure>\n\t\t<\/div>\n\t\t<div class=\"et-member-information\">\n\t\t\t\t\t\t\t<h5>John Nicholson<\/h5>\n\t\t\t\t  \t\t  \t\t<p>Developer<\/p>\n\t  \t  \t<\/div>\n\t<\/div>\n  [\/vc_column][vc_column width=\u00a0\u00bb1\/4&Prime;]  <div class=\"et-team-member animation bottom-to-top\">\n  \t<div class=\"et-team-member-image default\">\n\t  \t<figure style=\"background-image:url('https:\/\/www.libertadavenue.com\/wp-content\/themes\/goya\/assets\/img\/placeholder.png')\">\n\t\t \t\t<div class=\"overlay\">\n\t\t\t\t\t<div class=\"et-member-social\">\n\t\t\t\t\t\t\t\t\t\t\t\t\t<a href=\"#\" class=\"facebook\" target=\"_blank\"><span class=\"et-icon et-facebook\"><\/span><\/a>\n\t\t\t\t\t\t\t\t\t\t\t\t\t\t\t\t\t\t\t<a href=\"#\" class=\"twitter\" target=\"_blank\"><span class=\"et-icon et-twitter\"><\/span><\/a>\n\t\t\t\t\t\t\t\t\t\t\t\t\t\t\t\t\t\t\t<a href=\"#\" class=\"pinterest\" target=\"_blank\"><span class=\"et-icon et-pinterest\"><\/span><\/a>\n\t\t\t\t\t\t\t\t\t\t\t\t\t\t\t\t\t\t\t<a href=\"#\" class=\"linkedin\" target=\"_blank\"><span class=\"et-icon et-linkedin\"><\/span><\/a>\n\t\t\t\t\t\t\t\t\t\t\t\t\t\t\t\t\t\t\t\t\t\t\t<\/div>\n\t\t\t\t<\/div>\n\t  \t<\/figure>\n\t\t<\/div>\n\t\t<div class=\"et-member-information\">\n\t\t\t\t\t\t\t<h5>Sandra Monroe<\/h5>\n\t\t\t\t  \t\t  \t\t<p>Marketing<\/p>\n\t  \t  \t<\/div>\n\t<\/div>\n  [\/vc_column][vc_column width=\u00a0\u00bb1\/4&Prime;]  <div class=\"et-team-member animation bottom-to-top\">\n  \t<div class=\"et-team-member-image default\">\n\t  \t<figure style=\"background-image:url('https:\/\/www.libertadavenue.com\/wp-content\/themes\/goya\/assets\/img\/placeholder.png')\">\n\t\t \t\t<div class=\"overlay\">\n\t\t\t\t\t<div class=\"et-member-social\">\n\t\t\t\t\t\t\t\t\t\t\t\t\t<a href=\"#\" class=\"facebook\" target=\"_blank\"><span class=\"et-icon et-facebook\"><\/span><\/a>\n\t\t\t\t\t\t\t\t\t\t\t\t\t\t\t\t\t\t\t<a href=\"#\" class=\"twitter\" target=\"_blank\"><span class=\"et-icon et-twitter\"><\/span><\/a>\n\t\t\t\t\t\t\t\t\t\t\t\t\t\t\t\t\t\t\t<a href=\"#\" class=\"pinterest\" target=\"_blank\"><span class=\"et-icon et-pinterest\"><\/span><\/a>\n\t\t\t\t\t\t\t\t\t\t\t\t\t\t\t\t\t\t\t<a href=\"#\" class=\"linkedin\" target=\"_blank\"><span class=\"et-icon et-linkedin\"><\/span><\/a>\n\t\t\t\t\t\t\t\t\t\t\t\t\t\t\t\t\t\t\t\t\t\t\t<\/div>\n\t\t\t\t<\/div>\n\t  \t<\/figure>\n\t\t<\/div>\n\t\t<div class=\"et-member-information\">\n\t\t\t\t\t\t\t<h5>Denisse MacDonnell<\/h5>\n\t\t\t\t  \t\t  \t\t<p>CEO<\/p>\n\t  \t  \t<\/div>\n\t<\/div>\n  [\/vc_column][\/vc_row]\n<\/div>","protected":false},"excerpt":{"rendered":"<p>[vc_row et_full_width=\u00a0\u00bbtrue\u00a0\u00bb et_row_padding=\u00a0\u00bbtrue\u00a0\u00bb full_height=\u00a0\u00bbyes\u00a0\u00bb columns_placement=\u00a0\u00bbstretch\u00a0\u00bb equal_height=\u00a0\u00bbyes\u00a0\u00bb content_placement=\u00a0\u00bbmiddle\u00a0\u00bb css=\u00a0\u00bb.vc_custom_1579973351197{padding-top: 80px !important;padding-bottom: 80px !important;background: #f4f4f4 url(https:\/\/goyacdn.everthemes.com\/assets\/demo\/content\/uploads\/sites\/3\/2020\/01\/banner-cashmere.jpg?id=3923) !important;background-position: center !important;background-repeat: no-repeat !important;background-size: cover !important;}\u00a0\u00bb el_class=\u00a0\u00bbvideo-bg-row\u00a0\u00bb][vc_column][vc_row_inner et_max_width=\u00a0\u00bb\u00a0\u00bb equal_height=\u00a0\u00bbyes\u00a0\u00bb content_placement=\u00a0\u00bbmiddle\u00a0\u00bb css=\u00a0\u00bb.vc_custom_1562734895463{background-position: center !important;background-repeat: no-repeat !important;background-size: cover !important;}\u00a0\u00bb][vc_column_inner width=\u00a0\u00bb1\/2&Prime; css=\u00a0\u00bb.vc_custom_1562725835995{padding-top: 20% !important;padding-right: 20% !important;padding-bottom: 20% !important;padding-left: 20% !important;}\u00a0\u00bb][vc_column_text animation=\u00a0\u00bbanimation bottom-to-top\u00a0\u00bb css=\u00a0\u00bb.vc_custom_1578533136965{margin-top: 30px !important;}\u00a0\u00bb] \u00c0 propos de [&hellip;]<\/p>\n","protected":false},"author":4,"featured_media":0,"parent":0,"menu_order":0,"comment_status":"closed","ping_status":"closed","template":"","meta":{"footnotes":""},"class_list":["post-7902","page","type-page","status-publish","hentry"],"_links":{"self":[{"href":"https:\/\/www.libertadavenue.com\/fr\/wp-json\/wp\/v2\/pages\/7902","targetHints":{"allow":["GET"]}}],"collection":[{"href":"https:\/\/www.libertadavenue.com\/fr\/wp-json\/wp\/v2\/pages"}],"about":[{"href":"https:\/\/www.libertadavenue.com\/fr\/wp-json\/wp\/v2\/types\/page"}],"author":[{"embeddable":true,"href":"https:\/\/www.libertadavenue.com\/fr\/wp-json\/wp\/v2\/users\/4"}],"replies":[{"embeddable":true,"href":"https:\/\/www.libertadavenue.com\/fr\/wp-json\/wp\/v2\/comments?post=7902"}],"version-history":[{"count":14,"href":"https:\/\/www.libertadavenue.com\/fr\/wp-json\/wp\/v2\/pages\/7902\/revisions"}],"predecessor-version":[{"id":8508,"href":"https:\/\/www.libertadavenue.com\/fr\/wp-json\/wp\/v2\/pages\/7902\/revisions\/8508"}],"wp:attachment":[{"href":"https:\/\/www.libertadavenue.com\/fr\/wp-json\/wp\/v2\/media?parent=7902"}],"curies":[{"name":"wp","href":"https:\/\/api.w.org\/{rel}","templated":true}]}}