{"id":7744,"date":"2019-03-17T17:19:40","date_gmt":"2019-03-17T17:19:40","guid":{"rendered":"https:\/\/www.libertadavenue.com\/terms-conditions\/"},"modified":"2025-06-16T13:34:33","modified_gmt":"2025-06-16T11:34:33","slug":"terms-conditions","status":"publish","type":"page","link":"https:\/\/www.libertadavenue.com\/fr\/terms-conditions\/","title":{"rendered":"Conditions g\u00e9n\u00e9rales"},"content":{"rendered":"&#13;\n<h3 class=\"wp-block-heading\">Introduction<\/h3>&#13;\n&#13;\n<p>Les pr\u00e9sentes conditions g\u00e9n\u00e9rales standard du site Web \u00e9crites sur cette page Web r\u00e9giront votre utilisation de notre site Web, nom du site Web accessible sur Website.com.<\/p>&#13;\n&#13;\n<p>Les pr\u00e9sentes conditions g\u00e9n\u00e9rales standard du site Web \u00e9crites sur cette page Web r\u00e9giront votre utilisation de notre site Web, nom du site Web accessible sur Website.com.  <\/p>&#13;\n&#13;\n<p>Les mineurs ou les personnes de moins de 18 ans ne sont pas autoris\u00e9s \u00e0 utiliser ce site Web.<\/p>&#13;\n&#13;\n<h3 class=\"wp-block-heading\">Droits de propri\u00e9t\u00e9 intellectuelle<\/h3>&#13;\n&#13;\n<p>Outre le contenu qui vous appartient, en vertu des pr\u00e9sentes conditions, Goya WordPress Theme et\/ou ses conc\u00e9dants de licence d\u00e9tiennent tous les droits de propri\u00e9t\u00e9 intellectuelle et les \u00e9l\u00e9ments contenus dans ce site Web.<\/p>&#13;\n&#13;\n<p>Une licence limit\u00e9e vous est accord\u00e9e uniquement aux fins de visualisation du mat\u00e9riel contenu sur ce site Web.<\/p>&#13;\n&#13;\n<h3 class=\"wp-block-heading\">Restrictions<\/h3>&#13;\n&#13;\n<p>Il vous est sp\u00e9cifiquement interdit d&rsquo;effectuer tout ce qui suit :<\/p>&#13;\n&#13;\n<ul class=\"wp-block-list\">&#13;\n<li>publier tout mat\u00e9riel du site Web sur tout autre support ;<\/li>&#13;\n<li>vendre, conc\u00e9der en sous-licence et\/ou commercialiser de toute autre mani\u00e8re tout mat\u00e9riel du site Web ;<\/li>&#13;\n<li>ex\u00e9cuter et\/ou montrer publiquement tout mat\u00e9riel du site Web ;<\/li>&#13;\n<li>utiliser ce site Web d\u2019une mani\u00e8re qui est ou pourrait \u00eatre pr\u00e9judiciable \u00e0 ce site Web ;<\/li>&#13;\n<li>utiliser ce site Web de quelque mani\u00e8re que ce soit qui affecte l\u2019acc\u00e8s des utilisateurs \u00e0 ce site Web ;<\/li>&#13;\n<li>l&rsquo;utilisation de ce site Web en violation des lois et r\u00e9glementations applicables, ou qui pourrait de quelque mani\u00e8re que ce soit causer un pr\u00e9judice au site Web ou \u00e0 toute personne ou entit\u00e9 commerciale ;<\/li>&#13;\n<li>participer \u00e0 toute exploration de donn\u00e9es, collecte de donn\u00e9es, extraction de donn\u00e9es ou toute autre activit\u00e9 similaire en relation avec ce site Web ;<\/li>&#13;\n<li>utiliser ce site Web pour participer \u00e0 des activit\u00e9s de publicit\u00e9 ou de marketing.<\/li>&#13;\n<\/ul>&#13;\n&#13;\n<p>L&rsquo;acc\u00e8s \u00e0 certaines zones de ce site web est restreint et Goya WordPress Theme peut, \u00e0 tout moment et \u00e0 sa seule discr\u00e9tion, restreindre davantage votre acc\u00e8s \u00e0 ces zones. Vos identifiants et mots de passe d&rsquo;acc\u00e8s \u00e0 ce site web sont confidentiels et vous \u00eates tenu de les pr\u00e9server. <\/p>&#13;\n&#13;\n<h3 class=\"wp-block-heading\">Votre contenu<\/h3>&#13;\n&#13;\n<p>Dans les pr\u00e9sentes Conditions g\u00e9n\u00e9rales du site web, \u00ab Votre Contenu \u00bb d\u00e9signe tout contenu audio, vid\u00e9o, texte, image ou autre \u00e9l\u00e9ment que vous choisissez d&rsquo;afficher sur ce site web. En affichant votre Contenu, vous accordez au Th\u00e8me WordPress Goya une licence non exclusive, mondiale, irr\u00e9vocable et sous-licenciable pour l&rsquo;utiliser, le reproduire, l&rsquo;adapter, le publier, le traduire et le distribuer sur tout support. <\/p>&#13;\n&#13;\n<p>Votre contenu doit vous appartenir et ne doit pas porter atteinte aux droits de tiers. Goya WordPress Theme se r\u00e9serve le droit de supprimer tout contenu de ce site web \u00e0 tout moment et sans pr\u00e9avis. <\/p>&#13;\n&#13;\n<h3 class=\"wp-block-heading\">Aucune garantie<\/h3>&#13;\n&#13;\n<p>Ce site web est fourni \u00ab en l&rsquo;\u00e9tat \u00bb, avec tous ses d\u00e9fauts. Goya WordPress Theme n&rsquo;offre aucune garantie, quelle qu&rsquo;elle soit, concernant ce site web ou les \u00e9l\u00e9ments qu&rsquo;il contient. De plus, rien de ce qui figure sur ce site web ne saurait \u00eatre interpr\u00e9t\u00e9 comme un conseil. <\/p>&#13;\n&#13;\n<h3 class=\"wp-block-heading\">Limitation de responsabilit\u00e9<\/h3>&#13;\n&#13;\n<p>En aucun cas, le th\u00e8me WordPress Goya, ses dirigeants, administrateurs et employ\u00e9s ne pourront \u00eatre tenus responsables de quoi que ce soit d\u00e9coulant de votre utilisation de ce site web ou li\u00e9 de quelque mani\u00e8re que ce soit \u00e0 celle-ci, que cette responsabilit\u00e9 soit contractuelle ou non. Le th\u00e8me WordPress Goya, ses dirigeants, administrateurs et employ\u00e9s ne pourront \u00eatre tenus responsables de toute responsabilit\u00e9 indirecte, cons\u00e9cutive ou sp\u00e9ciale d\u00e9coulant de votre utilisation de ce site web ou li\u00e9e de quelque mani\u00e8re que ce soit \u00e0 celle-ci. <\/p>&#13;\n&#13;\n<h3 class=\"wp-block-heading\">IndemnisationVous indemnisez par la pr\u00e9sente dans toute la mesure du possible Goya WordPress Theme contre toute et\/ou toutes responsabilit\u00e9s, co\u00fbts, demandes, causes d&rsquo;action, dommages et d\u00e9penses d\u00e9coulant de quelque mani\u00e8re que ce soit de votre violation de l&rsquo;une des dispositions des pr\u00e9sentes Conditions.<\/h3>&#13;\n&#13;\n<h3 class=\"wp-block-heading\">Divisibilit\u00e9<\/h3>&#13;\n&#13;\n<p>Si une disposition des pr\u00e9sentes Conditions est jug\u00e9e invalide en vertu d&rsquo;une loi applicable, cette disposition sera supprim\u00e9e sans affecter les autres dispositions des pr\u00e9sentes.<\/p>&#13;\n&#13;\n<h3 class=\"wp-block-heading\">Variation des termes<\/h3>&#13;\n&#13;\n<p>Le th\u00e8me WordPress Goya est autoris\u00e9 \u00e0 r\u00e9viser ces conditions \u00e0 tout moment comme il le juge appropri\u00e9, et en utilisant ce site Web, vous \u00eates cens\u00e9 revoir ces conditions r\u00e9guli\u00e8rement.<\/p>&#13;\n&#13;\n<h3 class=\"wp-block-heading\">Affectation<\/h3>&#13;\n&#13;\n<p>Le th\u00e8me WordPress Goya est autoris\u00e9 \u00e0 c\u00e9der, transf\u00e9rer et sous-traiter ses droits et\/ou obligations au titre des pr\u00e9sentes Conditions sans pr\u00e9avis. Cependant, vous n&rsquo;\u00eates pas autoris\u00e9 \u00e0 c\u00e9der, transf\u00e9rer ou sous-traiter vos droits et\/ou obligations au titre des pr\u00e9sentes Conditions. <\/p>&#13;\n&#13;\n<h3 class=\"wp-block-heading\">Int\u00e9gralit\u00e9 de l&rsquo;accord<\/h3>&#13;\n&#13;\n<p>Ces conditions constituent l&rsquo;int\u00e9gralit\u00e9 de l&rsquo;accord entre Goya WordPress Theme et vous concernant votre utilisation de ce site Web et remplacent tous les accords et ententes ant\u00e9rieurs.<\/p>&#13;\n&#13;\n<h3 class=\"wp-block-heading\">Loi applicable et juridiction<\/h3>&#13;\n&#13;\n<p>Les pr\u00e9sentes Conditions seront r\u00e9gies et interpr\u00e9t\u00e9es conform\u00e9ment aux lois de l&rsquo;\u00c9tat du Pays, et vous vous soumettez \u00e0 la juridiction non exclusive des tribunaux d&rsquo;\u00c9tat et f\u00e9d\u00e9raux situ\u00e9s dans le Pays pour la r\u00e9solution de tout litige.<\/p>&#13;\n","protected":false},"excerpt":{"rendered":"<p>&#13; Introduction &#13; &#13; Les pr\u00e9sentes conditions g\u00e9n\u00e9rales standard du site Web \u00e9crites sur cette page Web r\u00e9giront votre utilisation de notre site Web, nom du site Web accessible sur Website.com. &#13; &#13; Les pr\u00e9sentes conditions g\u00e9n\u00e9rales standard du site Web \u00e9crites sur cette page Web r\u00e9giront votre utilisation de [&hellip;]<\/p>\n","protected":false},"author":4,"featured_media":0,"parent":0,"menu_order":0,"comment_status":"closed","ping_status":"closed","template":"","meta":{"footnotes":""},"class_list":["post-7744","page","type-page","status-publish","hentry"],"_links":{"self":[{"href":"https:\/\/www.libertadavenue.com\/fr\/wp-json\/wp\/v2\/pages\/7744","targetHints":{"allow":["GET"]}}],"collection":[{"href":"https:\/\/www.libertadavenue.com\/fr\/wp-json\/wp\/v2\/pages"}],"about":[{"href":"https:\/\/www.libertadavenue.com\/fr\/wp-json\/wp\/v2\/types\/page"}],"author":[{"embeddable":true,"href":"https:\/\/www.libertadavenue.com\/fr\/wp-json\/wp\/v2\/users\/4"}],"replies":[{"embeddable":true,"href":"https:\/\/www.libertadavenue.com\/fr\/wp-json\/wp\/v2\/comments?post=7744"}],"version-history":[{"count":5,"href":"https:\/\/www.libertadavenue.com\/fr\/wp-json\/wp\/v2\/pages\/7744\/revisions"}],"predecessor-version":[{"id":8262,"href":"https:\/\/www.libertadavenue.com\/fr\/wp-json\/wp\/v2\/pages\/7744\/revisions\/8262"}],"wp:attachment":[{"href":"https:\/\/www.libertadavenue.com\/fr\/wp-json\/wp\/v2\/media?parent=7744"}],"curies":[{"name":"wp","href":"https:\/\/api.w.org\/{rel}","templated":true}]}}