{"id":7737,"date":"2025-06-05T13:59:24","date_gmt":"2025-06-05T11:59:24","guid":{"rendered":"https:\/\/www.libertadavenue.com\/?page_id=7737"},"modified":"2025-07-18T08:32:35","modified_gmt":"2025-07-18T06:32:35","slug":"size-guide","status":"publish","type":"page","link":"https:\/\/www.libertadavenue.com\/fr\/size-guide\/","title":{"rendered":"Guide des tailles"},"content":{"rendered":"&#13;\n<h4 class=\"has-text-align-center wp-block-heading\">FEMMES \/ CHEMISES<\/h4>&#13;\n&#13;\n<p>Les tailles des produits GOYA sont con\u00e7ues pour correspondre aux mensurations suivantes. Certaines marques peuvent diff\u00e9rer de ces mesures, mais vous pouvez les utiliser comme r\u00e9f\u00e9rence. <\/p>&#13;\n&#13;\n<figure class=\"wp-block-table is-style-stripes size-guide\">&#13;\n<table>&#13;\n<thead>&#13;\n<tr>&#13;\n<th>Taille<\/th>&#13;\n<th>bousiller<\/th>&#13;\n<th>Taille<\/th>&#13;\n<th>Hanche basse<\/th>&#13;\n<\/tr>&#13;\n<\/thead>&#13;\n<tbody>&#13;\n<tr>&#13;\n<td>4<\/td>&#13;\n<td>79<\/td>&#13;\n<td>60<\/td>&#13;\n<td>84<\/td>&#13;\n<\/tr>&#13;\n<tr>&#13;\n<td>6<\/td>&#13;\n<td>81.5<\/td>&#13;\n<td>62.5<\/td>&#13;\n<td>86.5<\/td>&#13;\n<\/tr>&#13;\n<tr>&#13;\n<td>8<\/td>&#13;\n<td>84<\/td>&#13;\n<td>65<\/td>&#13;\n<td>89<\/td>&#13;\n<\/tr>&#13;\n<tr>&#13;\n<td>10<\/td>&#13;\n<td>89<\/td>&#13;\n<td>70<\/td>&#13;\n<td>94<\/td>&#13;\n<\/tr>&#13;\n<tr>&#13;\n<td>12<\/td>&#13;\n<td>94<\/td>&#13;\n<td>75<\/td>&#13;\n<td>99<\/td>&#13;\n<\/tr>&#13;\n<tr>&#13;\n<td>14<\/td>&#13;\n<td>99<\/td>&#13;\n<td>80<\/td>&#13;\n<td>104<\/td>&#13;\n<\/tr>&#13;\n<tr>&#13;\n<td>16<\/td>&#13;\n<td>104<\/td>&#13;\n<td>85<\/td>&#13;\n<td>109<\/td>&#13;\n<\/tr>&#13;\n<tr>&#13;\n<td>18<\/td>&#13;\n<td>111<\/td>&#13;\n<td>92<\/td>&#13;\n<td>116<\/td>&#13;\n<\/tr>&#13;\n<\/tbody>&#13;\n<\/table>&#13;\n<\/figure>&#13;\n&#13;\n<p>La longueur des v\u00eatements GOYA varie selon le style. Veuillez consulter la section \u00ab Informations et entretien \u00bb sur les pages produit pour conna\u00eetre les mesures de longueur sp\u00e9cifiques \u00e0 chaque article. <\/p>&#13;\n&#13;\n<h3 class=\"wp-block-heading\">Conversions internationales<\/h3>&#13;\n&#13;\n<figure class=\"wp-block-table size-guide is-style-stripes\">&#13;\n<table>&#13;\n<thead>&#13;\n<tr>&#13;\n<th>ROYAUME-UNI<\/th>&#13;\n<th>USA<\/th>&#13;\n<th>UE<\/th>&#13;\n<th>ARTICLE<\/th>&#13;\n<\/tr>&#13;\n<\/thead>&#13;\n<tbody>&#13;\n<tr>&#13;\n<td>2<\/td>&#13;\n<td>00<\/td>&#13;\n<td>30<\/td>&#13;\n<td>34<\/td>&#13;\n<\/tr>&#13;\n<tr>&#13;\n<td>4<\/td>&#13;\n<td>0<\/td>&#13;\n<td>32<\/td>&#13;\n<td>36<\/td>&#13;\n<\/tr>&#13;\n<tr>&#13;\n<td>6<\/td>&#13;\n<td>2<\/td>&#13;\n<td>34<\/td>&#13;\n<td>38<\/td>&#13;\n<\/tr>&#13;\n<tr>&#13;\n<td>8<\/td>&#13;\n<td>4<\/td>&#13;\n<td>36<\/td>&#13;\n<td>40<\/td>&#13;\n<\/tr>&#13;\n<tr>&#13;\n<td>10<\/td>&#13;\n<td>6<\/td>&#13;\n<td>38<\/td>&#13;\n<td>42<\/td>&#13;\n<\/tr>&#13;\n<tr>&#13;\n<td>12<\/td>&#13;\n<td>8<\/td>&#13;\n<td>40<\/td>&#13;\n<td>44<\/td>&#13;\n<\/tr>&#13;\n<tr>&#13;\n<td>14<\/td>&#13;\n<td>10<\/td>&#13;\n<td>42<\/td>&#13;\n<td>46<\/td>&#13;\n<\/tr>&#13;\n<tr>&#13;\n<td>16<\/td>&#13;\n<td>12<\/td>&#13;\n<td>44<\/td>&#13;\n<td>48<\/td>&#13;\n<\/tr>&#13;\n<tr>&#13;\n<td>18<\/td>&#13;\n<td>14<\/td>&#13;\n<td>46<\/td>&#13;\n<td>50<\/td>&#13;\n<\/tr>&#13;\n<tr>&#13;\n<td>20<\/td>&#13;\n<td>16<\/td>&#13;\n<td>48<\/td>&#13;\n<td>52<\/td>&#13;\n<\/tr>&#13;\n<tr>&#13;\n<td>22<\/td>&#13;\n<td>18<\/td>&#13;\n<td>50<\/td>&#13;\n<td>54<\/td>&#13;\n<\/tr>&#13;\n<tr>&#13;\n<td>24<\/td>&#13;\n<td>20<\/td>&#13;\n<td>52<\/td>&#13;\n<td>56<\/td>&#13;\n<\/tr>&#13;\n<tr>&#13;\n<td>26<\/td>&#13;\n<td>22<\/td>&#13;\n<td>54<\/td>&#13;\n<td>58<\/td>&#13;\n<\/tr>&#13;\n<tr>&#13;\n<td>28<\/td>&#13;\n<td>24<\/td>&#13;\n<td>56<\/td>&#13;\n<td>60<\/td>&#13;\n<\/tr>&#13;\n<tr>&#13;\n<td>30<\/td>&#13;\n<td>26<\/td>&#13;\n<td>58<\/td>&#13;\n<td>62<\/td>&#13;\n<\/tr>&#13;\n<\/tbody>&#13;\n<\/table>&#13;\n<\/figure>&#13;\n&#13;\n<figure class=\"wp-block-table is-style-stripes size-guide\">&#13;\n<table>&#13;\n<thead>&#13;\n<tr>&#13;\n<th>ROYAUME-UNI<\/th>&#13;\n<th>UA<\/th>&#13;\n<th>ROYAUME-UNI<\/th>&#13;\n<\/tr>&#13;\n<\/thead>&#13;\n<tbody>&#13;\n<tr>&#13;\n<td>2<\/td>&#13;\n<td>2<\/td>&#13;\n<td>36\/38<\/td>&#13;\n<\/tr>&#13;\n<tr>&#13;\n<td>4<\/td>&#13;\n<td>4<\/td>&#13;\n<td>38<\/td>&#13;\n<\/tr>&#13;\n<tr>&#13;\n<td>6<\/td>&#13;\n<td>6<\/td>&#13;\n<td>38\/40<\/td>&#13;\n<\/tr>&#13;\n<tr>&#13;\n<td>8<\/td>&#13;\n<td>8<\/td>&#13;\n<td>40<\/td>&#13;\n<\/tr>&#13;\n<tr>&#13;\n<td>10<\/td>&#13;\n<td>10<\/td>&#13;\n<td>42\/44<\/td>&#13;\n<\/tr>&#13;\n<tr>&#13;\n<td>12<\/td>&#13;\n<td>12<\/td>&#13;\n<td>46<\/td>&#13;\n<\/tr>&#13;\n<tr>&#13;\n<td>14<\/td>&#13;\n<td>14<\/td>&#13;\n<td>48<\/td>&#13;\n<\/tr>&#13;\n<tr>&#13;\n<td>16<\/td>&#13;\n<td>16<\/td>&#13;\n<td>50<\/td>&#13;\n<\/tr>&#13;\n<tr>&#13;\n<td>18<\/td>&#13;\n<td>18<\/td>&#13;\n<td>54<\/td>&#13;\n<\/tr>&#13;\n<tr>&#13;\n<td>20<\/td>&#13;\n<td>20<\/td>&#13;\n<td>58<\/td>&#13;\n<\/tr>&#13;\n<tr>&#13;\n<td>22<\/td>&#13;\n<td>22<\/td>&#13;\n<td>60\/62<\/td>&#13;\n<\/tr>&#13;\n<tr>&#13;\n<td>24<\/td>&#13;\n<td>24<\/td>&#13;\n<td>64<\/td>&#13;\n<\/tr>&#13;\n<tr>&#13;\n<td>26<\/td>&#13;\n<td>26<\/td>&#13;\n<td>66\/68<\/td>&#13;\n<\/tr>&#13;\n<tr>&#13;\n<td>28<\/td>&#13;\n<td>28<\/td>&#13;\n<td>70<\/td>&#13;\n<\/tr>&#13;\n<tr>&#13;\n<td>30<\/td>&#13;\n<td>30<\/td>&#13;\n<td>72\/74<\/td>&#13;\n<\/tr>&#13;\n<\/tbody>&#13;\n<\/table>&#13;\n<\/figure>&#13;\n&#13;\n<h3 class=\"wp-block-heading\">Comment mesurer<\/h3>&#13;\n&#13;\n<figure class=\"wp-block-image size-large\"><img decoding=\"async\" class=\"wp-image-4035\" src=\"https:\/\/www.libertadavenue.com\/wp-content\/uploads\/2020\/02\/women-dress-measure.jpg\" alt=\"\"\/><\/figure>&#13;\n&#13;\n<p>Pour choisir la taille qui vous convient, mesurez votre corps comme suit :<\/p>&#13;\n&#13;\n<ol class=\"wp-block-list\">&#13;\n<li>Buste &#8211; Mesurer autour de la partie la plus large<\/li>&#13;\n<li>Taille &#8211; Mesurez autour de la taille naturelle<\/li>&#13;\n<li>Hanches &#8211; Mesurez 20 cm \u00e0 partir de la taille naturelle<\/li>&#13;\n<\/ol>&#13;\n&#13;\n<p>La longueur des v\u00eatements GOYA varie selon le style. Veuillez consulter la section \u00ab Informations et entretien \u00bb sur les pages produit pour conna\u00eetre les mesures de longueur sp\u00e9cifiques \u00e0 chaque article. <\/p>&#13;\n","protected":false},"excerpt":{"rendered":"<p>&#13; FEMMES \/ CHEMISES &#13; &#13; Les tailles des produits GOYA sont con\u00e7ues pour correspondre aux mensurations suivantes. Certaines marques peuvent diff\u00e9rer de ces mesures, mais vous pouvez les utiliser comme r\u00e9f\u00e9rence. &#13; &#13; &#13; &#13; &#13; &#13; Taille &#13; bousiller &#13; Taille &#13; Hanche basse &#13; &#13; &#13; &#13; [&hellip;]<\/p>\n","protected":false},"author":4,"featured_media":0,"parent":0,"menu_order":0,"comment_status":"closed","ping_status":"closed","template":"","meta":{"footnotes":""},"class_list":["post-7737","page","type-page","status-publish","hentry"],"_links":{"self":[{"href":"https:\/\/www.libertadavenue.com\/fr\/wp-json\/wp\/v2\/pages\/7737","targetHints":{"allow":["GET"]}}],"collection":[{"href":"https:\/\/www.libertadavenue.com\/fr\/wp-json\/wp\/v2\/pages"}],"about":[{"href":"https:\/\/www.libertadavenue.com\/fr\/wp-json\/wp\/v2\/types\/page"}],"author":[{"embeddable":true,"href":"https:\/\/www.libertadavenue.com\/fr\/wp-json\/wp\/v2\/users\/4"}],"replies":[{"embeddable":true,"href":"https:\/\/www.libertadavenue.com\/fr\/wp-json\/wp\/v2\/comments?post=7737"}],"version-history":[{"count":7,"href":"https:\/\/www.libertadavenue.com\/fr\/wp-json\/wp\/v2\/pages\/7737\/revisions"}],"predecessor-version":[{"id":8519,"href":"https:\/\/www.libertadavenue.com\/fr\/wp-json\/wp\/v2\/pages\/7737\/revisions\/8519"}],"wp:attachment":[{"href":"https:\/\/www.libertadavenue.com\/fr\/wp-json\/wp\/v2\/media?parent=7737"}],"curies":[{"name":"wp","href":"https:\/\/api.w.org\/{rel}","templated":true}]}}