{"id":7625,"date":"2019-03-20T04:12:33","date_gmt":"2019-03-20T04:12:33","guid":{"rendered":"https:\/\/www.libertadavenue.com\/nosotros\/"},"modified":"2025-07-18T13:30:16","modified_gmt":"2025-07-18T11:30:16","slug":"nosotros","status":"publish","type":"page","link":"https:\/\/www.libertadavenue.com\/fr\/nosotros\/","title":{"rendered":"Nous"},"content":{"rendered":"<div class=\"wpb-content-wrapper\">[vc_row et_full_width=\u00a0\u00bbtrue\u00a0\u00bb et_row_padding=\u00a0\u00bbtrue\u00a0\u00bb full_height=\u00a0\u00bbyes\u00a0\u00bb columns_placement=\u00a0\u00bbstretch\u00a0\u00bb equal_height=\u00a0\u00bbyes\u00a0\u00bb content_placement=\u00a0\u00bbmiddle\u00a0\u00bb css=\u00a0\u00bb.vc_custom_1635139669526{padding-top: 80px !important;padding-bottom: 80px !important;background: #f4f4f4 url(https:\/\/www.libertadavenue.com\/wp-content\/uploads\/2021\/09\/carla-bota.jpg?id=4661) !important;background-position: center !important;background-repeat: no-repeat !important;background-size: cover !important;}\u00a0\u00bb el_class=\u00a0\u00bbvideo-bg-row\u00a0\u00bb][vc_column][vc_row_inner et_max_width=\u00a0\u00bb\u00a0\u00bb equal_height=\u00a0\u00bbyes\u00a0\u00bb content_placement=\u00a0\u00bbmiddle\u00a0\u00bb css=\u00a0\u00bb.vc_custom_1562734895463{background-position: center !important;background-repeat: no-repeat !important;background-size: cover !important;}\u00a0\u00bb][vc_column_inner et_column_color=\u00a0\u00bbet-light-column\u00a0\u00bb width=\u00a0\u00bb1\/2&Prime; css=\u00a0\u00bb.vc_custom_1635096203629{padding-top: 20% !important;padding-right: 20% !important;padding-bottom: 20% !important;padding-left: 20% !important;background-color: #00000033 !important;}\u00a0\u00bb][vc_column_text animation=\u00a0\u00bbanimation bottom-to-top\u00a0\u00bb css=\u00a0\u00bb.vc_custom_1749648307577{margin-top: 30px !important;}\u00a0\u00bb]\n<h1 style=\"text-align: center;\">Avenue Freedom<\/h1>\n<blockquote>\n<p style=\"text-align: center;\">\u00ab\u00a0La vie, c&rsquo;est comme faire du v\u00e9lo. Pour rester \u00e9quilibr\u00e9, vous devez continuer \u00e0 bouger.\u00a0\u00bb<\/p>\n<h3> Albert Einstein<\/h3>\n<\/blockquote>\n[\/vc_column_text][\/vc_column_inner][\/vc_row_inner][\/vc_column][\/vc_row][vc_row et_full_width=\u00a0\u00bbtrue\u00a0\u00bb css=\u00a0\u00bb.vc_custom_1635097961119{padding-top: 80px !important;padding-bottom: 45px !important;background-color: #f2f2f2 !important;}\u00a0\u00bb][vc_column][vc_row_inner et_column_align=\u00a0\u00bbalign-center\u00a0\u00bb equal_height=\u00a0\u00bbyes\u00a0\u00bb el_class=\u00a0\u00bbalign-center\u00a0\u00bb][vc_column_inner animation=\u00a0\u00bbanimation bottom-to-top\u00a0\u00bb offset=\u00a0\u00bbvc_col-lg-5&Prime;][vc_column_text]\n<h2 style=\"text-align: center;\">Philosophie<\/h2>\n[\/vc_column_text][\/vc_column_inner][\/vc_row_inner][vc_row_inner et_column_align=\u00a0\u00bbalign-center\u00a0\u00bb equal_height=\u00a0\u00bbyes\u00a0\u00bb el_class=\u00a0\u00bbalign-center\u00a0\u00bb][vc_column_inner width=\u00a0\u00bb2\/3&Prime; animation=\u00a0\u00bbanimation bottom-to-top\u00a0\u00bb offset=\u00a0\u00bbvc_col-lg-4&Prime;][vc_column_text]Je p\u00e9dale et le vent caresse mon visage. Je sens l&rsquo;air froid. Mon c\u0153ur bat. La ville clignote sous mes yeux: le caf\u00e9 au coin, les fleurs du kiosque. Une courbe de plus, une colline de plus. Rapide, lent. Je porte le rythme de la ville dans mes pieds. La vie coule dans mes veines.       <\/p>\n<blockquote><p>\u00ab\u00a0Un jour, pendant le v\u00e9lo, je pensais \u00e0 la fa\u00e7on de r\u00e9parer certaines chaussures qui \u00e9taient nouvelles mais qui avaient port\u00e9 des semelles. De belles chaussures, mais destin\u00e9es \u00e0 la poubelle. Et j&rsquo;ai pens\u00e9 \u00e0 mon p\u00e8re et j&rsquo;ai dit: Je ferai des chaussures qui peuvent \u00eatre r\u00e9par\u00e9es encore et encore, afin que vous puissiez en profiter jusqu&rsquo;\u00e0 ce que vous vous lassiez de p\u00e9daler.<br \/>\nCarla Peirano, fondatrice.<\/p>\n<p>D\u00e8s le d\u00e9but, de l&rsquo;id\u00e9e originale, sur l&rsquo;avenue Libertad, nous avons pos\u00e9 nos fondements de durabilit\u00e9. Parce que la durabilit\u00e9 est notre fa\u00e7on de voir le monde; Nous ne le comprenons pas autrement. Chez Libertad Avenue, nous recherchons toujours la mani\u00e8re la plus \u00e9cologique possible pour effectuer chaque partie du processus, du choix des mat\u00e9riaux pour cr\u00e9er des produits durables, \u00e0 la reconnaissance de la valeur du travail des personnes qui collaborent avec nous.  <\/p>\n<p>Nous sommes Libertad Avenue. C&rsquo;est qui nous sommes. Nous aimons les v\u00e9los, nous vivons dans la ville et nous adorons la nature. Nous sommes s\u00e9duits par un bon design, nous sommes fous de couleur, nous croyons que la joie de vivre est contagieuse. Le monde est notre maison et nous prenons soin de notre maison. Nous sommes des cyclistes urbains. Nous sommes Libertad Avenue.      <\/p><\/blockquote>\n[\/vc_column_text][\/vc_column_inner][vc_column_inner width=\u00a0\u00bb2\/3&Prime; animation=\u00a0\u00bbanimation bottom-to-top\u00a0\u00bb offset=\u00a0\u00bbvc_col-lg-4&Prime;]\t<div class=\"et-image-486 et-image  full   et_image_link\">\n\t\t<div class=\"et-image-inner animation bottom-to-top\">\n\t\t\t\t\t\t\t<div class=\"et-image-thumb \">\n\t\t\t\t\t<img loading=\"lazy\" decoding=\"async\" width=\"1367\" height=\"2048\" src=\"https:\/\/www.libertadavenue.com\/wp-content\/uploads\/2021\/10\/Lib-Ave-Oct-21-J-61-inv-scaled-1-1-scaled.webp\" class=\"attachment-full\" alt=\"Ciclismo urbano\" title=\"Lib-Ave-Oct-21-J-61 inv\" srcset=\"https:\/\/www.libertadavenue.com\/wp-content\/uploads\/2021\/10\/Lib-Ave-Oct-21-J-61-inv-scaled-1-1-scaled.webp 1367w, https:\/\/www.libertadavenue.com\/wp-content\/uploads\/2021\/10\/Lib-Ave-Oct-21-J-61-inv-scaled-1-1-200x300.webp 200w, https:\/\/www.libertadavenue.com\/wp-content\/uploads\/2021\/10\/Lib-Ave-Oct-21-J-61-inv-scaled-1-1-684x1024.webp 684w, https:\/\/www.libertadavenue.com\/wp-content\/uploads\/2021\/10\/Lib-Ave-Oct-21-J-61-inv-scaled-1-1-768x1150.webp 768w, https:\/\/www.libertadavenue.com\/wp-content\/uploads\/2021\/10\/Lib-Ave-Oct-21-J-61-inv-scaled-1-1-1025x1536.webp 1025w, https:\/\/www.libertadavenue.com\/wp-content\/uploads\/2021\/10\/Lib-Ave-Oct-21-J-61-inv-scaled-1-1-100x150.webp 100w, https:\/\/www.libertadavenue.com\/wp-content\/uploads\/2021\/10\/Lib-Ave-Oct-21-J-61-inv-scaled-1-1-800x1198.webp 800w\" sizes=\"auto, (max-width: 1367px) 100vw, 1367px\" \/>\t\t\t\t<\/div>\n\t\t\t\t\t\t\t\t\t\t\t<\/div>\n\t<\/div>\n  [\/vc_column_inner][\/vc_row_inner][\/vc_column][\/vc_row][vc_row et_full_width=\u00a0\u00bbtrue\u00a0\u00bb css=\u00a0\u00bb.vc_custom_1635108482163{padding-top: 80px !important;padding-bottom: 45px !important;}\u00a0\u00bb][vc_column][vc_row_inner et_max_width=\u00a0\u00bb\u00a0\u00bb equal_height=\u00a0\u00bbyes\u00a0\u00bb css=\u00a0\u00bb.vc_custom_1635108660127{padding-right: 50px !important;padding-left: 50px !important;}\u00a0\u00bb][vc_column_inner animation=\u00a0\u00bbanimation bottom-to-top\u00a0\u00bb offset=\u00a0\u00bbvc_col-lg-7&Prime;][vc_column_text]\n<h5 class=\"fancy-title\">Un regard vers l&rsquo;avenir<\/h5>\n<h2>Nos valeurs<\/h2>\n<p>Nos valeurs refl\u00e8tent l&rsquo;objectif de cr\u00e9er des produits inspir\u00e9s du cyclisme qui soutiennent notre style de vie.[\/vc_column_text][\/vc_column_inner][\/vc_row_inner][vc_row_inner et_max_width=\u00a0\u00bb\u00a0\u00bb equal_height=\u00a0\u00bbyes\u00a0\u00bb css=\u00a0\u00bb.vc_custom_1635108644895{padding-right: 50px !important;padding-left: 50px !important;}\u00a0\u00bb][vc_column_inner width=\u00a0\u00bb1\/2&Prime; animation=\u00a0\u00bbanimation bottom-to-top\u00a0\u00bb css=\u00a0\u00bb.vc_custom_1635108356645{padding-right: 50px !important;}\u00a0\u00bb][vc_column_text]\n<h4>Confort<\/h4>\n<p>\u00catre vivant. Se sentir le vent sur votre visage, vous laisser inspirer par ce que vous trouvez en cours de route. Aller assez vite pour avancer mais assez lent pour observer. Comprendre que le confort est essentiel pour la conduite quotidienne.   <\/p>\n<h4>Conscient<\/h4>\n<p>La Terre nous attend du respect. \u00catre \u00e9cologique et durable est une fa\u00e7on de faire des choses qui englobe chacun de nos processus. Le choix des mat\u00e9riaux, les personnes avec lesquelles nous travaillons et la fa\u00e7on dont nous faisons les choses.[\/vc_column_text][\/vc_column_inner][vc_column_inner width=\u00a0\u00bb1\/2&Prime; animation=\u00a0\u00bbanimation bottom-to-top\u00a0\u00bb][vc_column_text]\n<h4>\u00catre humain<\/h4>\n<p>Nous voulons \u00eatre proches des gens, ressentir la valeur du collectif. Nos produits reconnaissent les traditions textiles et artisanales qui ont toujours \u00e9t\u00e9 avec nous. Notre pierre angulaire travaille avec respect.  <\/p>\n<h4><strong><br \/>\n<\/strong>Propre<\/h4>\n<p>Nous avons envie de la vitesse et de la libert\u00e9 qu&rsquo;un v\u00e9lo fournit dans notre vie quotidienne. Nous recherchons et s&rsquo;approchons des mat\u00e9riaux qui nous permettent de cr\u00e9er des produits durables, audacieux et occasionnels.[\/vc_column_text][\/vc_column_inner][\/vc_row_inner][\/vc_column][\/vc_row][vc_row et_full_width=\u00a0\u00bbtrue\u00a0\u00bb css=\u00a0\u00bb.vc_custom_1579114943204{padding-top: 80px !important;padding-bottom: 60px !important;background-color: #f6f6f6 !important;}\u00a0\u00bb][vc_column][vc_row_inner et_column_align=\u00a0\u00bbalign-center\u00a0\u00bb css=\u00a0\u00bb.vc_custom_1578532916555{margin-bottom: 25px !important;}\u00a0\u00bb][vc_column_inner animation=\u00a0\u00bbanimation bottom-to-top\u00a0\u00bb offset=\u00a0\u00bbvc_col-lg-6&Prime;][vc_column_text]\n<h5 class=\"fancy-title\" style=\"text-align: center;\">valeurs fondamentales<\/h5>\n<p style=\"text-align: center;\">6 fonctionnalit\u00e9s cl\u00e9s que vous trouverez dans nos produits<\/p>\n[\/vc_column_text][\/vc_column_inner][\/vc_row_inner][vc_row_inner et_column_align=\u00a0\u00bbalign-center\u00a0\u00bb][vc_column_inner el_class=\u00a0\u00bbvalores\u00a0\u00bb animation=\u00a0\u00bbanimation bottom-to-top\u00a0\u00bb offset=\u00a0\u00bbvc_col-lg-8&Prime;]\t<div id=\"et-icon-holder-271\" class=\"et-icon-holder row center-true lg-block-grid-3 md-block-grid-2 block-grid-1 \">\n\t\t\r\n\t<div id=\"et-iconbox-298\" class=\"et-iconbox layout-centered icon-style-image-default bottom-spacing-none icon-color- text-color-  \"> \r\n\t\t<div class=\"et-icon-inner\">\r\n\t\t\t\t\t\t<figure class=\"et-feature-icon\">\r\n\t\t\t\t\t\t\t\t\t<img decoding=\"async\" src=\"https:\/\/www.libertadavenue.com\/wp-content\/uploads\/2021\/10\/ico-reciclable-1.webp\" alt=\"R\u00e9utilisable\" \/>\r\n\t\t\t\t\t\t\t<\/figure>\r\n\t\t\t\t\t\t<div class=\"et-feature-content\"> \r\n\t\t\t\t\t\t\t\t\t\t\t\t\t\t\t\t\t<h4 class=\"title\">R\u00e9utilisable<\/h4>\r\n\t\t\t\t\t\t\t\t\t\t\t\t<div class=\"wpb_text_column\"><p>Nous choisissons soigneusement des composants qui permettent la r\u00e9utilisation de nos produits (plus d&rsquo;informations dans le <a href=\"https:\/\/www.libertadavenue.com\/fr\/reutilizable\/\">journal<\/a>)<\/p>\n<\/div>\r\n\t\t\t<\/div>\r\n\t\t<\/div>\r\n\t<\/div>\r\n\r\n\t \r\n\t<div id=\"et-iconbox-895\" class=\"et-iconbox layout-centered icon-style-image-default bottom-spacing-none icon-color- text-color-  \"> \r\n\t\t<div class=\"et-icon-inner\">\r\n\t\t\t\t\t\t<figure class=\"et-feature-icon\">\r\n\t\t\t\t\t\t\t\t\t<img decoding=\"async\" src=\"https:\/\/www.libertadavenue.com\/wp-content\/uploads\/2021\/10\/ico-eco-friendly-1-1.webp\" alt=\"\u00c9cologique\" \/>\r\n\t\t\t\t\t\t\t<\/figure>\r\n\t\t\t\t\t\t<div class=\"et-feature-content\"> \r\n\t\t\t\t\t\t\t\t\t\t\t\t\t\t\t\t\t<h4 class=\"title\">\u00c9cologique<\/h4>\r\n\t\t\t\t\t\t\t\t\t\t\t\t<div class=\"wpb_text_column\"><p>dans tous nos processus, nous recherchons toujours l&rsquo;alternative la plus \u00e9cologique possible et d&rsquo;un impact environnemental inf\u00e9rieur.<\/p>\n<\/div>\r\n\t\t\t<\/div>\r\n\t\t<\/div>\r\n\t<\/div>\r\n\r\n\t\r\n\t<div id=\"et-iconbox-871\" class=\"et-iconbox layout-centered icon-style-image-default bottom-spacing-none icon-color- text-color-  \"> \r\n\t\t<div class=\"et-icon-inner\">\r\n\t\t\t\t\t\t<figure class=\"et-feature-icon\">\r\n\t\t\t\t\t\t\t\t\t<img decoding=\"async\" src=\"https:\/\/www.libertadavenue.com\/wp-content\/uploads\/2021\/10\/ico-reparable-1.webp\" alt=\"R\u00e9parable\" \/>\r\n\t\t\t\t\t\t\t<\/figure>\r\n\t\t\t\t\t\t<div class=\"et-feature-content\"> \r\n\t\t\t\t\t\t\t\t\t\t\t\t\t\t\t\t\t<h4 class=\"title\">R\u00e9parable<\/h4>\r\n\t\t\t\t\t\t\t\t\t\t\t\t<div class=\"wpb_text_column\"><p> Nous permettons de cr\u00e9er des v\u00eatements et des accessoires qui peuvent \u00eatre utilis\u00e9s pendant longtemps, donc dans sa pr\u00e9paration, nous n&rsquo;utilisons que des mat\u00e9riaux de haute qualit\u00e9.<\/p>\n<\/div>\r\n\t\t\t<\/div>\r\n\t\t<\/div>\r\n\t<\/div>\r\n\r\n\t\t<\/div>\n\t\t<div id=\"et-icon-holder-803\" class=\"et-icon-holder row center-true lg-block-grid-3 md-block-grid-2 block-grid-1 \">\n\t\t\r\n\t<div id=\"et-iconbox-656\" class=\"et-iconbox layout-centered icon-style-image-default bottom-spacing-none icon-color- text-color-  \"> \r\n\t\t<div class=\"et-icon-inner\">\r\n\t\t\t\t\t\t<figure class=\"et-feature-icon\">\r\n\t\t\t\t\t\t\t\t\t<img decoding=\"async\" src=\"https:\/\/www.libertadavenue.com\/wp-content\/uploads\/2021\/10\/ico-hecho-a-mano-1.webp\" alt=\"Fait \u00e0 la main\" \/>\r\n\t\t\t\t\t\t\t<\/figure>\r\n\t\t\t\t\t\t<div class=\"et-feature-content\"> \r\n\t\t\t\t\t\t\t\t\t\t\t\t\t\t\t\t\t<h4 class=\"title\">Fait \u00e0 la main<\/h4>\r\n\t\t\t\t\t\t\t\t\t\t\t\t<div class=\"wpb_text_column\"><p>Nos outils sont les mains, avec lesquelles nous fa\u00e7onnons les mat\u00e9riaux pour cr\u00e9er les produits que nous proposons. Nous mettons toujours les gens au centre et choisissons des ateliers o\u00f9 vous travaillez calmement et go\u00fbtez. <\/p>\n<\/div>\r\n\t\t\t<\/div>\r\n\t\t<\/div>\r\n\t<\/div>\r\n\r\n\t\r\n\t<div id=\"et-iconbox-344\" class=\"et-iconbox layout-centered icon-style-image-default bottom-spacing-none icon-color- text-color-  \"> \r\n\t\t<div class=\"et-icon-inner\">\r\n\t\t\t\t\t\t<figure class=\"et-feature-icon\">\r\n\t\t\t\t\t\t\t\t\t<img decoding=\"async\" src=\"https:\/\/www.libertadavenue.com\/wp-content\/uploads\/2021\/10\/ico-reflectante-1.webp\" alt=\"R\u00e9fl\u00e9chissant\" \/>\r\n\t\t\t\t\t\t\t<\/figure>\r\n\t\t\t\t\t\t<div class=\"et-feature-content\"> \r\n\t\t\t\t\t\t\t\t\t\t\t\t\t\t\t\t\t<h4 class=\"title\">R\u00e9fl\u00e9chissant<\/h4>\r\n\t\t\t\t\t\t\t\t\t\t\t\t<div class=\"wpb_text_column\"><p>Mat\u00e9riel qui renvoie la lumi\u00e8re donnant la visibilit\u00e9 \u00e0 l&rsquo;objet. Fondamental pour nos gammes de produits, plus de livraison de s\u00e9curit\u00e9 au cycliste pendant la nuit. <\/p>\n<\/div>\r\n\t\t\t<\/div>\r\n\t\t<\/div>\r\n\t<\/div>\r\n\r\n\t\r\n\t<div id=\"et-iconbox-663\" class=\"et-iconbox layout-centered icon-style-image-default bottom-spacing-none icon-color- text-color-  \"> \r\n\t\t<div class=\"et-icon-inner\">\r\n\t\t\t\t\t\t<figure class=\"et-feature-icon\">\r\n\t\t\t\t\t\t\t\t\t<img decoding=\"async\" src=\"https:\/\/www.libertadavenue.com\/wp-content\/uploads\/2021\/10\/ico-ergonomico-1.webp\" alt=\"Ergonomique\" \/>\r\n\t\t\t\t\t\t\t<\/figure>\r\n\t\t\t\t\t\t<div class=\"et-feature-content\"> \r\n\t\t\t\t\t\t\t\t\t\t\t\t\t\t\t\t\t<h4 class=\"title\">Ergonomique<\/h4>\r\n\t\t\t\t\t\t\t\t\t\t\t\t<div class=\"wpb_text_column\"><p>L&rsquo;utilisation d&rsquo;outils de conception ergonomique vous permet d&rsquo;\u00e9laborer des objets qui rendent notre vie plus agr\u00e9able. Si nous consid\u00e9rons les gens comme des \u00eatres complets, il est essentiel de leur offrir le confort et le confort dont ils ont besoin. <\/p>\n<\/div>\r\n\t\t\t<\/div>\r\n\t\t<\/div>\r\n\t<\/div>\r\n\r\n\t\t<\/div>\n\t[\/vc_column_inner][\/vc_row_inner][\/vc_column][\/vc_row][vc_row et_column_align=\u00a0\u00bbalign-center\u00a0\u00bb css=\u00a0\u00bb.vc_custom_1635109053938{padding-top: 60px !important;padding-bottom: 60px !important;}\u00a0\u00bb][vc_column offset=\u00a0\u00bbvc_col-lg-7&Prime;][vc_column_text animation=\u00a0\u00bbanimation left-to-right\u00a0\u00bb]\n<h5 class=\"fancy-title\">Notre c\u00f4t\u00e9 humain<\/h5>\n<h2>Personnes<\/h2>\n<p>Personnes: De la latin Gens, Gentis. 1. f. Pluralit\u00e9 des gens. <\/p>\n<p>Les gens, les gens, sont notre objectif. Nous voulons travailler en respectant le rythme humain. Apr\u00e8s tout, le v\u00e9lo nous a form\u00e9s \u00e0 suivre ce rythme. Nous nous effor\u00e7ons de mettre les gens au centre de chaque \u00e9tape de notre production de produits. C&rsquo;est l&rsquo;une des (nombreuses) raisons pour lesquelles nous choisissons de fabriquer localement. Le partage de la m\u00eame langue et des douanes facilite la communication avec les producteurs et am\u00e9liore consid\u00e9rablement la tra\u00e7abilit\u00e9 des produits, nous permettant de v\u00e9rifier que le processus est en effet durable et que les personnes impliqu\u00e9es effectuent leur travail dans des conditions \u00e9quitables et re\u00e7oivent un salaire \u00e9quitable. En outre, nous travaillons \u00e9galement avec des initiatives qui fournissent un espace aux personnes confront\u00e9es \u00e0 une exclusion sociale ou avec divers degr\u00e9s d&rsquo;invalidit\u00e9.[\/vc_column_text][\/vc_column][\/vc_row][vc_row et_full_width=\u00a0\u00bbtrue\u00a0\u00bb css=\u00a0\u00bb.vc_custom_1635141069654{padding-top: 80px !important;padding-right: 50px !important;padding-bottom: 80px !important;padding-left: 50px !important;background-color: #f4f4f4 !important;}\u00a0\u00bb][vc_column][vc_column_text animation=\u00a0\u00bbanimation left-to-right\u00a0\u00bb]\n<h5 class=\"fancy-title\">Du financement participatif \u00e0 vos pieds<\/h5>\n<h2>Notre histoire<\/h2>\n[\/vc_column_text]\n\t<div id=\"et-video-lightbox-6a032aeb47371\" class=\"et-lightbox et-video-lightbox mfp-video lightbox-image icon-pulse icon-color-  small animation bottom-to-top\" data-mfp-type=\"iframe\" data-mfp-src=\"https:\/\/www.libertadavenue.com\/wp-content\/uploads\/2021\/10\/Libertad-Avenue-Crowdfunding-con-Carla-Peirano-Figueroa-600kbps.mp4\" >\n\t\t\t\t\t\n\t\t\t<img decoding=\"async\" src=\"https:\/\/www.libertadavenue.com\/wp-content\/uploads\/2021\/10\/video-crowfunding-1.webp\" alt=\"video-crowfunding\" \/>\n\t\t\t\t\n\t\t<div class=\"et-video-icon\">\n\t\t\t<svg xmlns=\"http:\/\/www.w3.org\/2000\/svg\" width=\"24\" height=\"24\" viewBox=\"0 0 24 24\" fill=\"none\" stroke=\"currentColor\" stroke-width=\"2\" stroke-linecap=\"round\" stroke-linejoin=\"round\" class=\"feather feather-play\"><polygon points=\"5 3 19 12 5 21 5 3\"><\/polygon><\/svg>\t\t<\/div>\n\n\t\t\t<\/div>\n\t[\/vc_column][\/vc_row]\n<\/div>","protected":false},"excerpt":{"rendered":"<p>[vc_row et_full_width=\u00a0\u00bbtrue\u00a0\u00bb et_row_padding=\u00a0\u00bbtrue\u00a0\u00bb full_height=\u00a0\u00bbyes\u00a0\u00bb columns_placement=\u00a0\u00bbstretch\u00a0\u00bb equal_height=\u00a0\u00bbyes\u00a0\u00bb content_placement=\u00a0\u00bbmiddle\u00a0\u00bb css=\u00a0\u00bb.vc_custom_1635139669526{padding-top: 80px !important;padding-bottom: 80px !important;background: #f4f4f4 url(https:\/\/www.libertadavenue.com\/wp-content\/uploads\/2021\/09\/carla-bota.jpg?id=4661) !important;background-position: center !important;background-repeat: no-repeat !important;background-size: cover !important;}\u00a0\u00bb el_class=\u00a0\u00bbvideo-bg-row\u00a0\u00bb][vc_column][vc_row_inner et_max_width=\u00a0\u00bb\u00a0\u00bb equal_height=\u00a0\u00bbyes\u00a0\u00bb content_placement=\u00a0\u00bbmiddle\u00a0\u00bb css=\u00a0\u00bb.vc_custom_1562734895463{background-position: center !important;background-repeat: no-repeat !important;background-size: cover !important;}\u00a0\u00bb][vc_column_inner et_column_color=\u00a0\u00bbet-light-column\u00a0\u00bb width=\u00a0\u00bb1\/2&Prime; css=\u00a0\u00bb.vc_custom_1635096203629{padding-top: 20% !important;padding-right: 20% !important;padding-bottom: 20% !important;padding-left: 20% !important;background-color: #00000033 !important;}\u00a0\u00bb][vc_column_text animation=\u00a0\u00bbanimation bottom-to-top\u00a0\u00bb css=\u00a0\u00bb.vc_custom_1749648307577{margin-top: 30px !important;}\u00a0\u00bb] [&hellip;]<\/p>\n","protected":false},"author":4,"featured_media":0,"parent":0,"menu_order":0,"comment_status":"closed","ping_status":"closed","template":"","meta":{"footnotes":""},"class_list":["post-7625","page","type-page","status-publish","hentry"],"_links":{"self":[{"href":"https:\/\/www.libertadavenue.com\/fr\/wp-json\/wp\/v2\/pages\/7625","targetHints":{"allow":["GET"]}}],"collection":[{"href":"https:\/\/www.libertadavenue.com\/fr\/wp-json\/wp\/v2\/pages"}],"about":[{"href":"https:\/\/www.libertadavenue.com\/fr\/wp-json\/wp\/v2\/types\/page"}],"author":[{"embeddable":true,"href":"https:\/\/www.libertadavenue.com\/fr\/wp-json\/wp\/v2\/users\/4"}],"replies":[{"embeddable":true,"href":"https:\/\/www.libertadavenue.com\/fr\/wp-json\/wp\/v2\/comments?post=7625"}],"version-history":[{"count":7,"href":"https:\/\/www.libertadavenue.com\/fr\/wp-json\/wp\/v2\/pages\/7625\/revisions"}],"predecessor-version":[{"id":8561,"href":"https:\/\/www.libertadavenue.com\/fr\/wp-json\/wp\/v2\/pages\/7625\/revisions\/8561"}],"wp:attachment":[{"href":"https:\/\/www.libertadavenue.com\/fr\/wp-json\/wp\/v2\/media?parent=7625"}],"curies":[{"name":"wp","href":"https:\/\/api.w.org\/{rel}","templated":true}]}}