{"id":7592,"date":"2025-06-03T07:45:58","date_gmt":"2025-06-03T05:45:58","guid":{"rendered":"https:\/\/www.libertadavenue.com\/demonstration\/"},"modified":"2025-06-03T07:45:58","modified_gmt":"2025-06-03T05:45:58","slug":"demonstration","status":"publish","type":"page","link":"https:\/\/www.libertadavenue.com\/fr\/demonstration\/","title":{"rendered":"D\u00e9monstration"},"content":{"rendered":"<p>Alors que le gouvernement BJP dirig\u00e9 par Pushkar Singh Dhami s&rsquo;attribue le m\u00e9rite d&rsquo;une \u00ab justice rapide \u00bb apr\u00e8s qu&rsquo;un tribunal de l&rsquo;Uttarakhand a condamn\u00e9 vendredi trois personnes, dont le fils de l&rsquo;ancien ministre BJP Vinod Arya, Pulkit, \u00e0 la prison \u00e0 vie dans l&rsquo;affaire du meurtre d&rsquo;Ankita Bhandari. <strong><a class=\"\" href=\"https:\/\/indianexpress.com\/article\/india\/ankita-bhandari-murder-case-life-term-for-son-of-ex-bjp-leader-2-others-10039525\/\" target=\"_blank\" rel=\"noopener nofollow\">\u00e0 la prison \u00e0 vie dans l&rsquo;affaire du meurtre d&rsquo;Ankita Bhandari.<\/a><\/strong>Le Congr\u00e8s a affirm\u00e9 que des preuves avaient \u00e9t\u00e9 d\u00e9truites et qu&rsquo;il y avait eu des \u00ab lacunes dans l&rsquo;enqu\u00eate \u00bb.<\/p>\n<p class=\"no_first_intro_para\">Faisant r\u00e9f\u00e9rence \u00e0 la d\u00e9molition, le 23 septembre 2022, du centre de vill\u00e9giature \u00ab\u00a0ill\u00e9gal\u00a0\u00bb de Vanantara o\u00f9 Ankita \u00e9tait employ\u00e9e et vivait, un jour avant que son corps ne soit rep\u00each\u00e9 dans le canal de Chilla, Garima Dasauni, porte-parole du Congr\u00e8s de l&rsquo;\u00c9tat, s&rsquo;en est pris \u00e0 un d\u00e9put\u00e9 du <a class=\"keywordtourl\" href=\"https:\/\/indianexpress.com\/about\/bjp\/\" rel=\"noamphtml nofollow noopener\" target=\"_blank\">BJP<\/a>. La pr\u00e9sidente du All India Mahila Congress, <a class=\"keywordtourl\" href=\"https:\/\/indianexpress.com\/about\/alka-lamba\/\" rel=\"noamphtml nofollow noopener\" target=\"_blank\">Alka Lamba<\/a>, \u00e9tait \u00e9galement pr\u00e9sente \u00e0 la conf\u00e9rence de presse tenue par le parti lundi.<\/p>\n","protected":false},"excerpt":{"rendered":"<p>Alors que le gouvernement BJP dirig\u00e9 par Pushkar Singh Dhami s&rsquo;attribue le m\u00e9rite d&rsquo;une \u00ab justice rapide \u00bb apr\u00e8s qu&rsquo;un tribunal de l&rsquo;Uttarakhand a condamn\u00e9 vendredi trois personnes, dont le fils de l&rsquo;ancien ministre BJP Vinod Arya, Pulkit, \u00e0 la prison \u00e0 vie dans l&rsquo;affaire du meurtre d&rsquo;Ankita Bhandari. \u00e0 [&hellip;]<\/p>\n","protected":false},"author":13,"featured_media":0,"parent":0,"menu_order":0,"comment_status":"closed","ping_status":"closed","template":"","meta":{"footnotes":""},"class_list":["post-7592","page","type-page","status-publish","hentry"],"_links":{"self":[{"href":"https:\/\/www.libertadavenue.com\/fr\/wp-json\/wp\/v2\/pages\/7592","targetHints":{"allow":["GET"]}}],"collection":[{"href":"https:\/\/www.libertadavenue.com\/fr\/wp-json\/wp\/v2\/pages"}],"about":[{"href":"https:\/\/www.libertadavenue.com\/fr\/wp-json\/wp\/v2\/types\/page"}],"author":[{"embeddable":true,"href":"https:\/\/www.libertadavenue.com\/fr\/wp-json\/wp\/v2\/users\/13"}],"replies":[{"embeddable":true,"href":"https:\/\/www.libertadavenue.com\/fr\/wp-json\/wp\/v2\/comments?post=7592"}],"version-history":[{"count":0,"href":"https:\/\/www.libertadavenue.com\/fr\/wp-json\/wp\/v2\/pages\/7592\/revisions"}],"wp:attachment":[{"href":"https:\/\/www.libertadavenue.com\/fr\/wp-json\/wp\/v2\/media?parent=7592"}],"curies":[{"name":"wp","href":"https:\/\/api.w.org\/{rel}","templated":true}]}}