{"id":7624,"date":"2019-03-20T04:12:33","date_gmt":"2019-03-20T04:12:33","guid":{"rendered":"https:\/\/www.libertadavenue.com\/nosotros\/"},"modified":"2025-06-11T15:30:48","modified_gmt":"2025-06-11T13:30:48","slug":"nosotros","status":"publish","type":"page","link":"https:\/\/www.libertadavenue.com\/en\/nosotros\/","title":{"rendered":"Nosotros"},"content":{"rendered":"<div class=\"wpb-content-wrapper\">[vc_row et_full_width=&#8221;true&#8221; et_row_padding=&#8221;true&#8221; full_height=&#8221;yes&#8221; columns_placement=&#8221;stretch&#8221; equal_height=&#8221;yes&#8221; content_placement=&#8221;middle&#8221; css=&#8221;.vc_custom_1635139669526{padding-top: 80px !important;padding-bottom: 80px !important;background: #f4f4f4 url(https:\/\/www.libertadavenue.com\/wp-content\/uploads\/2021\/09\/carla-bota.jpg?id=4661) !important;background-position: center !important;background-repeat: no-repeat !important;background-size: cover !important;}&#8221; el_class=&#8221;video-bg-row&#8221;][vc_column][vc_row_inner et_max_width=&#8221;&#8221; equal_height=&#8221;yes&#8221; content_placement=&#8221;middle&#8221; css=&#8221;.vc_custom_1562734895463{background-position: center !important;background-repeat: no-repeat !important;background-size: cover !important;}&#8221;][vc_column_inner et_column_color=&#8221;et-light-column&#8221; width=&#8221;1\/2&#8243; css=&#8221;.vc_custom_1635096203629{padding-top: 20% !important;padding-right: 20% !important;padding-bottom: 20% !important;padding-left: 20% !important;background-color: #00000033 !important;}&#8221;][vc_column_text animation=&#8221;animation bottom-to-top&#8221; css=&#8221;.vc_custom_1749648307577{margin-top: 30px !important;}&#8221;]\n<h1 style=\"text-align: center;\">Libertad Avenue<\/h1>\n<blockquote>\n<p style=\"text-align: center;\">&#8220;Life is like riding a bike. To stay balanced, you have to keep moving.&#8221;<\/p>\n<h3>\u00a0Albert Einstein<\/h3>\n<\/blockquote>\n[\/vc_column_text][\/vc_column_inner][\/vc_row_inner][\/vc_column][\/vc_row][vc_row et_full_width=&#8221;true&#8221; css=&#8221;.vc_custom_1635097961119{padding-top: 80px !important;padding-bottom: 45px !important;background-color: #f2f2f2 !important;}&#8221;][vc_column][vc_row_inner et_column_align=&#8221;align-center&#8221; equal_height=&#8221;yes&#8221; el_class=&#8221;align-center&#8221;][vc_column_inner animation=&#8221;animation bottom-to-top&#8221; offset=&#8221;vc_col-lg-5&#8243;][vc_column_text]\n<h2 style=\"text-align: center;\">Philosophy<\/h2>\n[\/vc_column_text][\/vc_column_inner][\/vc_row_inner][vc_row_inner et_column_align=&#8221;align-center&#8221; equal_height=&#8221;yes&#8221; el_class=&#8221;align-center&#8221;][vc_column_inner width=&#8221;2\/3&#8243; animation=&#8221;animation bottom-to-top&#8221; offset=&#8221;vc_col-lg-4&#8243;][vc_column_text]I pedal, and the wind caresses my face. I feel the cold air. My heart is beating. The city flashes before my eyes: the caf\u00e9 on the corner, the flowers at the kiosk. One more curve, one more hill. Fast, slow. I carry the rhythm of the city in my feet. Life runs through my veins.<\/p>\n<blockquote><p>\u201cOne day, while cycling, I was thinking about how to repair some shoes that were new but had worn soles. Beautiful shoes, but destined for the trash. And I thought of my father and said: I&#8217;ll make shoes that can be repaired over and over again, so you can enjoy them until you get tired of pedaling. That&#8217;s how Libertad Avenue was born.\u201d<br \/>\nCarla Peirano, founder.<\/p>\n<p>From the very beginning, from the original idea, at Libertad Avenue, we lay our foundations in sustainability. Because sustainability is our way of seeing the world; we understand it no other way. At Libertad Avenue, we always look for the most ecological way possible to carry out every part of the process, from the choice of materials to create long-lasting products, to recognizing the value of the work of the people who collaborate with us.<\/p>\n<p>We are Libertad Avenue. That&#8217;s who we are. We love bikes, we live in the city, and we adore nature. We are seduced by good design, we are crazy about color, we believe that the joy of living is contagious. The world is our home, and we take care of our home. We are urban cyclists. We are Libertad Avenue.<\/p><\/blockquote>\n[\/vc_column_text][\/vc_column_inner][vc_column_inner width=&#8221;2\/3&#8243; animation=&#8221;animation bottom-to-top&#8221; offset=&#8221;vc_col-lg-4&#8243;]\t<div class=\"et-image-174 et-image  full   et_image_link\">\n\t\t<div class=\"et-image-inner animation bottom-to-top\">\n\t\t\t\t\t\t\t<div class=\"et-image-thumb \">\n\t\t\t\t\t<img loading=\"lazy\" decoding=\"async\" width=\"1367\" height=\"2048\" src=\"https:\/\/www.libertadavenue.com\/wp-content\/uploads\/2021\/10\/Lib-Ave-Oct-21-J-61-inv-scaled-1-1-scaled.webp\" class=\"attachment-full\" alt=\"Ciclismo urbano\" title=\"Lib-Ave-Oct-21-J-61 inv\" srcset=\"https:\/\/www.libertadavenue.com\/wp-content\/uploads\/2021\/10\/Lib-Ave-Oct-21-J-61-inv-scaled-1-1-scaled.webp 1367w, https:\/\/www.libertadavenue.com\/wp-content\/uploads\/2021\/10\/Lib-Ave-Oct-21-J-61-inv-scaled-1-1-scaled-200x300.webp 200w, https:\/\/www.libertadavenue.com\/wp-content\/uploads\/2021\/10\/Lib-Ave-Oct-21-J-61-inv-scaled-1-1-scaled-684x1024.webp 684w, https:\/\/www.libertadavenue.com\/wp-content\/uploads\/2021\/10\/Lib-Ave-Oct-21-J-61-inv-scaled-1-1-scaled-768x1151.webp 768w, https:\/\/www.libertadavenue.com\/wp-content\/uploads\/2021\/10\/Lib-Ave-Oct-21-J-61-inv-scaled-1-1-scaled-1025x1536.webp 1025w, https:\/\/www.libertadavenue.com\/wp-content\/uploads\/2021\/10\/Lib-Ave-Oct-21-J-61-inv-scaled-1-1-scaled-100x150.webp 100w, https:\/\/www.libertadavenue.com\/wp-content\/uploads\/2021\/10\/Lib-Ave-Oct-21-J-61-inv-scaled-1-1-scaled-800x1199.webp 800w\" sizes=\"auto, (max-width: 1367px) 100vw, 1367px\" \/>\t\t\t\t<\/div>\n\t\t\t\t\t\t\t\t\t\t\t<\/div>\n\t<\/div>\n  [\/vc_column_inner][\/vc_row_inner][\/vc_column][\/vc_row][vc_row et_full_width=&#8221;true&#8221; css=&#8221;.vc_custom_1635108482163{padding-top: 80px !important;padding-bottom: 45px !important;}&#8221;][vc_column][vc_row_inner et_max_width=&#8221;&#8221; equal_height=&#8221;yes&#8221; css=&#8221;.vc_custom_1635108660127{padding-right: 50px !important;padding-left: 50px !important;}&#8221;][vc_column_inner animation=&#8221;animation bottom-to-top&#8221; offset=&#8221;vc_col-lg-7&#8243;][vc_column_text]\n<h5 class=\"fancy-title\">A look to the future<\/h5>\n<h2>Our values<\/h2>\n<p>Our values \u200b\u200breflect the goal of creating cycling-inspired products that support our lifestyle.[\/vc_column_text][\/vc_column_inner][\/vc_row_inner][vc_row_inner et_max_width=&#8221;&#8221; equal_height=&#8221;yes&#8221; css=&#8221;.vc_custom_1635108644895{padding-right: 50px !important;padding-left: 50px !important;}&#8221;][vc_column_inner width=&#8221;1\/2&#8243; animation=&#8221;animation bottom-to-top&#8221; css=&#8221;.vc_custom_1635108356645{padding-right: 50px !important;}&#8221;][vc_column_text]\n<h4>Comfort<\/h4>\n<p>Being alive. Feeling the wind on your face, letting yourself be inspired by what you find along the way. Going fast enough to move forward but slow enough to observe. Understanding that comfort is essential for daily riding.<\/p>\n<h4>Aware<\/h4>\n<p>The earth expects respect from us. Being ecological and sustainable is a way of doing things that encompasses every one of our processes. The choice of materials, the people we work with, and the way we do things.[\/vc_column_text][\/vc_column_inner][vc_column_inner width=&#8221;1\/2&#8243; animation=&#8221;animation bottom-to-top&#8221;][vc_column_text]\n<h4>Human being<\/h4>\n<p>We want to be close to people, to feel the value of the collective. Our products recognize the textile and craft traditions that have always been with us. Our cornerstone is working with respect.<\/p>\n<h4><strong><br \/>\n<\/strong>Own<\/h4>\n<p>We crave the speed and freedom that a bicycle provides in our daily lives. We research and source materials that allow us to create durable, bold, and casual products.[\/vc_column_text][\/vc_column_inner][\/vc_row_inner][\/vc_column][\/vc_row][vc_row et_full_width=&#8221;true&#8221; css=&#8221;.vc_custom_1579114943204{padding-top: 80px !important;padding-bottom: 60px !important;background-color: #f6f6f6 !important;}&#8221;][vc_column][vc_row_inner et_column_align=&#8221;align-center&#8221; css=&#8221;.vc_custom_1578532916555{margin-bottom: 25px !important;}&#8221;][vc_column_inner animation=&#8221;animation bottom-to-top&#8221; offset=&#8221;vc_col-lg-6&#8243;][vc_column_text]\n<h5 class=\"fancy-title\" style=\"text-align: center;\">core values<\/h5>\n<p style=\"text-align: center;\">6 key features you&#8217;ll find in our products<\/p>\n[\/vc_column_text][\/vc_column_inner][\/vc_row_inner][vc_row_inner et_column_align=&#8221;align-center&#8221;][vc_column_inner el_class=&#8221;valores&#8221; animation=&#8221;animation bottom-to-top&#8221; offset=&#8221;vc_col-lg-8&#8243;]\t<div id=\"et-icon-holder-207\" class=\"et-icon-holder row center-true lg-block-grid-3 md-block-grid-2 block-grid-1 \">\n\t\t\r\n\t<div id=\"et-iconbox-603\" class=\"et-iconbox layout-centered icon-style-image-default bottom-spacing-none icon-color- text-color-  \"> \r\n\t\t<div class=\"et-icon-inner\">\r\n\t\t\t\t\t\t<figure class=\"et-feature-icon\">\r\n\t\t\t\t\t\t\t\t\t<img decoding=\"async\" src=\"https:\/\/www.libertadavenue.com\/wp-content\/uploads\/2021\/10\/ico-reciclable-1.webp\" alt=\"Reutilizable\" \/>\r\n\t\t\t\t\t\t\t<\/figure>\r\n\t\t\t\t\t\t<div class=\"et-feature-content\"> \r\n\t\t\t\t\t\t\t\t\t\t\t\t\t\t\t\t\t<h4 class=\"title\">Reutilizable<\/h4>\r\n\t\t\t\t\t\t\t\t\t\t\t\t<div class=\"wpb_text_column\"><p>Elegimos cuidadosamente componentes que permiten la reutilizaci\u00f3n de nuestros productos (m\u00e1s informaci\u00f3n en <a href=\"https:\/\/www.libertadavenue.com\/reutilizable\/\">Journal<\/a>)<\/p>\n<\/div>\r\n\t\t\t<\/div>\r\n\t\t<\/div>\r\n\t<\/div>\r\n\r\n\t\r\n\t<div id=\"et-iconbox-280\" class=\"et-iconbox layout-centered icon-style-image-default bottom-spacing-none icon-color- text-color-  \"> \r\n\t\t<div class=\"et-icon-inner\">\r\n\t\t\t\t\t\t<figure class=\"et-feature-icon\">\r\n\t\t\t\t\t\t\t\t\t<img decoding=\"async\" src=\"https:\/\/www.libertadavenue.com\/wp-content\/uploads\/2021\/10\/ico-eco-friendly-1-1.webp\" alt=\"Ecol\u00f3gico\" \/>\r\n\t\t\t\t\t\t\t<\/figure>\r\n\t\t\t\t\t\t<div class=\"et-feature-content\"> \r\n\t\t\t\t\t\t\t\t\t\t\t\t\t\t\t\t\t<h4 class=\"title\">Ecol\u00f3gico<\/h4>\r\n\t\t\t\t\t\t\t\t\t\t\t\t<div class=\"wpb_text_column\"><p>En todos nuestros procesos buscamos siempre la alternativa m\u00e1s ecol\u00f3gica posible y de menor impacto medioambiental.<\/p>\n<\/div>\r\n\t\t\t<\/div>\r\n\t\t<\/div>\r\n\t<\/div>\r\n\r\n\t\r\n\t<div id=\"et-iconbox-651\" class=\"et-iconbox layout-centered icon-style-image-default bottom-spacing-none icon-color- text-color-  \"> \r\n\t\t<div class=\"et-icon-inner\">\r\n\t\t\t\t\t\t<figure class=\"et-feature-icon\">\r\n\t\t\t\t\t\t\t\t\t<img decoding=\"async\" src=\"https:\/\/www.libertadavenue.com\/wp-content\/uploads\/2021\/10\/ico-reparable-1.webp\" alt=\"Reparable\" \/>\r\n\t\t\t\t\t\t\t<\/figure>\r\n\t\t\t\t\t\t<div class=\"et-feature-content\"> \r\n\t\t\t\t\t\t\t\t\t\t\t\t\t\t\t\t\t<h4 class=\"title\">Reparable<\/h4>\r\n\t\t\t\t\t\t\t\t\t\t\t\t<div class=\"wpb_text_column\"><p>Apostamos por crear ropa y accesorios que se puedan usar por mucho tiempo, por eso en su confecci\u00f3n solo utilizamos materiales de gran calidad.<\/p>\n<\/div>\r\n\t\t\t<\/div>\r\n\t\t<\/div>\r\n\t<\/div>\r\n\r\n\t\t<\/div>\n\t\t<div id=\"et-icon-holder-692\" class=\"et-icon-holder row center-true lg-block-grid-3 md-block-grid-2 block-grid-1 \">\n\t\t\r\n\t<div id=\"et-iconbox-669\" class=\"et-iconbox layout-centered icon-style-image-default bottom-spacing-none icon-color- text-color-  \"> \r\n\t\t<div class=\"et-icon-inner\">\r\n\t\t\t\t\t\t<figure class=\"et-feature-icon\">\r\n\t\t\t\t\t\t\t\t\t<img decoding=\"async\" src=\"https:\/\/www.libertadavenue.com\/wp-content\/uploads\/2021\/10\/ico-hecho-a-mano-1.webp\" alt=\"Hecho a mano\" \/>\r\n\t\t\t\t\t\t\t<\/figure>\r\n\t\t\t\t\t\t<div class=\"et-feature-content\"> \r\n\t\t\t\t\t\t\t\t\t\t\t\t\t\t\t\t\t<h4 class=\"title\">Hecho a mano<\/h4>\r\n\t\t\t\t\t\t\t\t\t\t\t\t<div class=\"wpb_text_column\"><p>Nuestras herramientas son las manos, con las que moldeamos los materiales para crear los productos que ofrecemos. Ponemos siempre a la personas en el centro y elegimos talleres donde se trabaja con calma y gusto.<\/p>\n<\/div>\r\n\t\t\t<\/div>\r\n\t\t<\/div>\r\n\t<\/div>\r\n\r\n\t\r\n\t<div id=\"et-iconbox-537\" class=\"et-iconbox layout-centered icon-style-image-default bottom-spacing-none icon-color- text-color-  \"> \r\n\t\t<div class=\"et-icon-inner\">\r\n\t\t\t\t\t\t<figure class=\"et-feature-icon\">\r\n\t\t\t\t\t\t\t\t\t<img decoding=\"async\" src=\"https:\/\/www.libertadavenue.com\/wp-content\/uploads\/2021\/10\/ico-reflectante-1.webp\" alt=\"Reflectante\" \/>\r\n\t\t\t\t\t\t\t<\/figure>\r\n\t\t\t\t\t\t<div class=\"et-feature-content\"> \r\n\t\t\t\t\t\t\t\t\t\t\t\t\t\t\t\t\t<h4 class=\"title\">Reflectante<\/h4>\r\n\t\t\t\t\t\t\t\t\t\t\t\t<div class=\"wpb_text_column\"><p>Material que devuelve la luz dando visibilidad al objeto. Fundamental para nuestras l\u00edneas de productos, entrega mayor seguridad al ciclista durante la noche.<\/p>\n<\/div>\r\n\t\t\t<\/div>\r\n\t\t<\/div>\r\n\t<\/div>\r\n\r\n\t\r\n\t<div id=\"et-iconbox-115\" class=\"et-iconbox layout-centered icon-style-image-default bottom-spacing-none icon-color- text-color-  \"> \r\n\t\t<div class=\"et-icon-inner\">\r\n\t\t\t\t\t\t<figure class=\"et-feature-icon\">\r\n\t\t\t\t\t\t\t\t\t<img decoding=\"async\" src=\"https:\/\/www.libertadavenue.com\/wp-content\/uploads\/2021\/10\/ico-ergonomico-1.webp\" alt=\"Ergon\u00f3mico\" \/>\r\n\t\t\t\t\t\t\t<\/figure>\r\n\t\t\t\t\t\t<div class=\"et-feature-content\"> \r\n\t\t\t\t\t\t\t\t\t\t\t\t\t\t\t\t\t<h4 class=\"title\">Ergon\u00f3mico<\/h4>\r\n\t\t\t\t\t\t\t\t\t\t\t\t<div class=\"wpb_text_column\"><p>Utilizar las herramientas del dise\u00f1o ergon\u00f3mico permite elaborar objetos que nos hacen la vida m\u00e1s agradable. Si pensamos en las personas como seres \u00edntegros, entonces es vital ofrecerles la comodidad y comfort que necesitan.<\/p>\n<\/div>\r\n\t\t\t<\/div>\r\n\t\t<\/div>\r\n\t<\/div>\r\n\r\n\t\t<\/div>\n\t[\/vc_column_inner][\/vc_row_inner][\/vc_column][\/vc_row][vc_row et_column_align=&#8221;align-center&#8221; css=&#8221;.vc_custom_1635109053938{padding-top: 60px !important;padding-bottom: 60px !important;}&#8221;][vc_column offset=&#8221;vc_col-lg-7&#8243;][vc_column_text animation=&#8221;animation left-to-right&#8221;]\n<h5 class=\"fancy-title\">Our human side<\/h5>\n<h2>People<\/h2>\n<p>People: From Latin gens, gentis. 1. f. Plurality of people.<\/p>\n<p>People, people, are our focus. We want to work respecting the human rhythm. After all, the bicycle has trained us to follow that rhythm. We strive to put people at the center of every step of our product production. This is one of the (many) reasons why we choose to manufacture locally. Sharing the same language and customs facilitates communication with producers and greatly improves product traceability, allowing us to verify that the process is indeed sustainable and that the people involved perform their work under fair conditions and receive fair pay. Furthermore, we also work with initiatives that provide space for people facing social exclusion or with varying degrees of disability.[\/vc_column_text][\/vc_column][\/vc_row][vc_row et_full_width=&#8221;true&#8221; css=&#8221;.vc_custom_1635141069654{padding-top: 80px !important;padding-right: 50px !important;padding-bottom: 80px !important;padding-left: 50px !important;background-color: #f4f4f4 !important;}&#8221;][vc_column][vc_column_text animation=&#8221;animation left-to-right&#8221;]\n<h5 class=\"fancy-title\">From crowdfunding to your feet<\/h5>\n<h2>Our history<\/h2>\n[\/vc_column_text]\n\t<div id=\"et-video-lightbox-6a0320a8318dd\" class=\"et-lightbox et-video-lightbox mfp-video lightbox-image icon-pulse icon-color-  small animation bottom-to-top\" data-mfp-type=\"iframe\" data-mfp-src=\"https:\/\/www.libertadavenue.com\/wp-content\/uploads\/2021\/10\/Libertad-Avenue-Crowdfunding-con-Carla-Peirano-Figueroa-600kbps.mp4\" >\n\t\t\t\t\t\n\t\t\t<img decoding=\"async\" src=\"https:\/\/www.libertadavenue.com\/wp-content\/uploads\/2021\/10\/video-crowfunding-1.webp\" alt=\"video-crowfunding\" \/>\n\t\t\t\t\n\t\t<div class=\"et-video-icon\">\n\t\t\t<svg xmlns=\"http:\/\/www.w3.org\/2000\/svg\" width=\"24\" height=\"24\" viewBox=\"0 0 24 24\" fill=\"none\" stroke=\"currentColor\" stroke-width=\"2\" stroke-linecap=\"round\" stroke-linejoin=\"round\" class=\"feather feather-play\"><polygon points=\"5 3 19 12 5 21 5 3\"><\/polygon><\/svg>\t\t<\/div>\n\n\t\t\t<\/div>\n\t[\/vc_column][\/vc_row]\n<\/div>","protected":false},"excerpt":{"rendered":"<p>[vc_row et_full_width=&#8221;true&#8221; et_row_padding=&#8221;true&#8221; full_height=&#8221;yes&#8221; columns_placement=&#8221;stretch&#8221; equal_height=&#8221;yes&#8221; content_placement=&#8221;middle&#8221; css=&#8221;.vc_custom_1635139669526{padding-top: 80px !important;padding-bottom: 80px !important;background: #f4f4f4 url(https:\/\/www.libertadavenue.com\/wp-content\/uploads\/2021\/09\/carla-bota.jpg?id=4661) !important;background-position: center !important;background-repeat: no-repeat !important;background-size: cover !important;}&#8221; el_class=&#8221;video-bg-row&#8221;][vc_column][vc_row_inner et_max_width=&#8221;&#8221; equal_height=&#8221;yes&#8221; content_placement=&#8221;middle&#8221; css=&#8221;.vc_custom_1562734895463{background-position: center !important;background-repeat: no-repeat !important;background-size: cover !important;}&#8221;][vc_column_inner et_column_color=&#8221;et-light-column&#8221; width=&#8221;1\/2&#8243; css=&#8221;.vc_custom_1635096203629{padding-top: 20% !important;padding-right: 20% !important;padding-bottom: 20% !important;padding-left: 20% !important;background-color: #00000033 !important;}&#8221;][vc_column_text animation=&#8221;animation bottom-to-top&#8221; css=&#8221;.vc_custom_1749648307577{margin-top: 30px !important;}&#8221;] [&hellip;]<\/p>\n","protected":false},"author":4,"featured_media":0,"parent":0,"menu_order":0,"comment_status":"closed","ping_status":"closed","template":"","meta":{"footnotes":""},"class_list":["post-7624","page","type-page","status-publish","hentry"],"_links":{"self":[{"href":"https:\/\/www.libertadavenue.com\/en\/wp-json\/wp\/v2\/pages\/7624","targetHints":{"allow":["GET"]}}],"collection":[{"href":"https:\/\/www.libertadavenue.com\/en\/wp-json\/wp\/v2\/pages"}],"about":[{"href":"https:\/\/www.libertadavenue.com\/en\/wp-json\/wp\/v2\/types\/page"}],"author":[{"embeddable":true,"href":"https:\/\/www.libertadavenue.com\/en\/wp-json\/wp\/v2\/users\/4"}],"replies":[{"embeddable":true,"href":"https:\/\/www.libertadavenue.com\/en\/wp-json\/wp\/v2\/comments?post=7624"}],"version-history":[{"count":3,"href":"https:\/\/www.libertadavenue.com\/en\/wp-json\/wp\/v2\/pages\/7624\/revisions"}],"predecessor-version":[{"id":7802,"href":"https:\/\/www.libertadavenue.com\/en\/wp-json\/wp\/v2\/pages\/7624\/revisions\/7802"}],"wp:attachment":[{"href":"https:\/\/www.libertadavenue.com\/en\/wp-json\/wp\/v2\/media?parent=7624"}],"curies":[{"name":"wp","href":"https:\/\/api.w.org\/{rel}","templated":true}]}}