{"id":8410,"date":"2025-06-18T14:21:01","date_gmt":"2025-06-18T12:21:01","guid":{"rendered":"https:\/\/www.libertadavenue.com\/sakura\/"},"modified":"2025-06-18T14:21:03","modified_gmt":"2025-06-18T12:21:03","slug":"sakura","status":"publish","type":"product","link":"https:\/\/www.libertadavenue.com\/de\/sakura\/","title":{"rendered":"Sakura"},"content":{"rendered":"<div class=\"wpb-content-wrapper\">[vc_row][vc_column][vc_column_text]Sie m\u00fcssen mutig genug sein, um unsere Sakura Mary Janes zu tragen. Sie verbinden Modernit\u00e4t mit klassischem Stil und geben Ihnen Selbstvertrauen. Eine subtile Fusion aus Vintage und sportlichem Schuhwerk. <\/p>\n<p>Unsere Neuerfindung des historischen Mary Jane zeichnet sich durch seine Vielseitigkeit aus, ein fantastisches Accessoire f\u00fcr jede Tr\u00e4gerin, mit dem sie ihren Stil mit ihrer eigenen Pers\u00f6nlichkeit zur Schau stellen kann.<\/p>\n<p>Die Ledersohle verleiht Eleganz, w\u00e4hrend die Gummi-Stra\u00dfensohle f\u00fcr Halt und Haltbarkeit sorgt.<\/p>\n<p>Hergestellt aus naturbelassenem, gef\u00e4rbtem, sto\u00dffestem Leder und robusten N\u00e4hten. Mit elastischen Riemen.<br \/>\nF\u00fcr individuelle Anpassungen sind neue elastische und Lederriemen sowie originelle Kappen erh\u00e4ltlich, die die Schuhe in Schuhe verwandeln. Die Gummisohle ist reparierbar.  <\/p>\n<ul>\n<li>Au\u00dfen: Leder mit umweltschonender \u00d6ko-F\u00e4rbung.<\/li>\n<li>Futter: Leder mit umweltschonender F\u00e4rbung.<\/li>\n<li>Innensohle: herausnehmbar f\u00fcr hohen Tragekomfort.<\/li>\n<li>Sohle: ungef\u00e4rbtes Leder.<\/li>\n<li>Absatz: zwei Zentimeter.<\/li>\n<li>ReSuela: Stra\u00dfengummi aus recyceltem Material.<\/li>\n<li>Reflektoren mit hoher Lichtleistung.<\/li>\n<li>Bis ins Detail durchdachte Ergonomie f\u00fcr einen super bequemen Schuh.<\/li>\n<\/ul>\n[\/vc_column_text][vc_row_inner el_class=&#8220;valores&#8220; css=&#8220;.vc_custom_1635261820687{margin-top: 100px !important;}&#8220;][vc_column_inner width=&#8220;1\/4&#8243;]\r\n\t<div id=\"et-iconbox-638\" class=\"et-iconbox layout-centered icon-style-image-default bottom-spacing-none icon-color- text-color- animation bottom-to-top \"> \r\n\t\t<div class=\"et-icon-inner\">\r\n\t\t\t\t\t\t<figure class=\"et-feature-icon\">\r\n\t\t\t\t\t\t\t\t\t<img decoding=\"async\" src=\"https:\/\/www.libertadavenue.com\/wp-content\/uploads\/2021\/10\/ico-reciclable-1.webp\" alt=\"Wiederverwendbar\" \/>\r\n\t\t\t\t\t\t\t<\/figure>\r\n\t\t\t\t\t\t<div class=\"et-feature-content\"> \r\n\t\t\t\t\t\t\t\t\t\t\t\t\t\t\t\t\t<h4 class=\"title\">Wiederverwendbar<\/h4>\r\n\t\t\t\t\t\t\t\t\t\t\t\t<div class=\"wpb_text_column\"><p>Elegimos cuidadosamente componentes que permiten la reutilizaci\u00f3n y recilado de nuestros productos<br \/>\n<a href=\"https:\/\/www.libertadavenue.com\/de\/reutilizable\/\">+ info<\/a><\/p>\n<\/div>\r\n\t\t\t<\/div>\r\n\t\t<\/div>\r\n\t<\/div>\r\n\r\n\t[\/vc_column_inner][vc_column_inner width=&#8220;1\/4&#8243;]\r\n\t<div id=\"et-iconbox-136\" class=\"et-iconbox layout-centered icon-style-image-default bottom-spacing-none icon-color- text-color- animation bottom-to-top \"> \r\n\t\t<div class=\"et-icon-inner\">\r\n\t\t\t\t\t\t<figure class=\"et-feature-icon\">\r\n\t\t\t\t\t\t\t\t\t<img decoding=\"async\" src=\"https:\/\/www.libertadavenue.com\/wp-content\/uploads\/2021\/10\/ico-reparable-1.webp\" alt=\"Reparierbar\" \/>\r\n\t\t\t\t\t\t\t<\/figure>\r\n\t\t\t\t\t\t<div class=\"et-feature-content\"> \r\n\t\t\t\t\t\t\t\t\t\t\t\t\t\t\t\t\t<h4 class=\"title\">Reparierbar<\/h4>\r\n\t\t\t\t\t\t\t\t\t\t\t\t<div class=\"wpb_text_column\"><p>Wir legen Wert darauf, Kleidung und Accessoires zu kreieren, die lange genutzt werden k\u00f6nnen, weshalb wir bei der Herstellung ausschlie\u00dflich hochwertige Materialien verwenden.<\/p>\n<\/div>\r\n\t\t\t<\/div>\r\n\t\t<\/div>\r\n\t<\/div>\r\n\r\n\t[\/vc_column_inner][vc_column_inner width=&#8220;1\/4&#8243;]\r\n\t<div id=\"et-iconbox-962\" class=\"et-iconbox layout-centered icon-style-image-default bottom-spacing-none icon-color- text-color- animation bottom-to-top \"> \r\n\t\t<div class=\"et-icon-inner\">\r\n\t\t\t\t\t\t<figure class=\"et-feature-icon\">\r\n\t\t\t\t\t\t\t\t\t<img decoding=\"async\" src=\"https:\/\/www.libertadavenue.com\/wp-content\/uploads\/2021\/10\/ico-eco-friendly-1-1.webp\" alt=\"\u00d6kologisch\" \/>\r\n\t\t\t\t\t\t\t<\/figure>\r\n\t\t\t\t\t\t<div class=\"et-feature-content\"> \r\n\t\t\t\t\t\t\t\t\t\t\t\t\t\t\t\t\t<h4 class=\"title\">\u00d6kologisch<\/h4>\r\n\t\t\t\t\t\t\t\t\t\t\t\t<div class=\"wpb_text_column\"><p>Bei allen unseren Prozessen suchen wir stets nach der \u00f6kologischsten Alternative mit der geringsten Umweltbelastung.<\/p>\n<p><a href=\"https:\/\/www.libertadavenue.com\/de\/umweltfreundlich\/\">+ info<\/a><\/p>\n<\/div>\r\n\t\t\t<\/div>\r\n\t\t<\/div>\r\n\t<\/div>\r\n\r\n\t[\/vc_column_inner][vc_column_inner width=&#8220;1\/4&#8243;]\r\n\t<div id=\"et-iconbox-860\" class=\"et-iconbox layout-centered icon-style-image-default bottom-spacing-none icon-color- text-color- animation bottom-to-top \"> \r\n\t\t<div class=\"et-icon-inner\">\r\n\t\t\t\t\t\t<figure class=\"et-feature-icon\">\r\n\t\t\t\t\t\t\t\t\t<img decoding=\"async\" src=\"https:\/\/www.libertadavenue.com\/wp-content\/uploads\/2021\/10\/ico-hecho-a-mano-1.webp\" alt=\"Handgefertigt\" \/>\r\n\t\t\t\t\t\t\t<\/figure>\r\n\t\t\t\t\t\t<div class=\"et-feature-content\"> \r\n\t\t\t\t\t\t\t\t\t\t\t\t\t\t\t\t\t<h4 class=\"title\">Handgefertigt<\/h4>\r\n\t\t\t\t\t\t\t\t\t\t\t\t<div class=\"wpb_text_column\"><p>Unsere Werkzeuge sind unsere H\u00e4nde, mit denen wir die Materialien formen und so die von uns angebotenen Produkte herstellen.<br \/>\n<a href=\"https:\/\/www.libertadavenue.com\/hecho-a-mano\/\">+ info<\/a><\/p>\n<\/div>\r\n\t\t\t<\/div>\r\n\t\t<\/div>\r\n\t<\/div>\r\n\r\n\t[\/vc_column_inner][\/vc_row_inner][vc_row_inner el_class=&#8220;valores&#8220; css=&#8220;.vc_custom_1635261807889{margin-top: 50px !important;}&#8220;][vc_column_inner width=&#8220;1\/4&#8243;]\r\n\t<div id=\"et-iconbox-939\" class=\"et-iconbox layout-centered icon-style-image-default bottom-spacing-none icon-color- text-color- animation bottom-to-top \"> \r\n\t\t<div class=\"et-icon-inner\">\r\n\t\t\t\t\t\t<figure class=\"et-feature-icon\">\r\n\t\t\t\t\t\t\t\t\t<img decoding=\"async\" src=\"https:\/\/www.libertadavenue.com\/wp-content\/uploads\/2021\/10\/ico-reflectante-1.webp\" alt=\"Reflektierend\" \/>\r\n\t\t\t\t\t\t\t<\/figure>\r\n\t\t\t\t\t\t<div class=\"et-feature-content\"> \r\n\t\t\t\t\t\t\t\t\t\t\t\t\t\t\t\t\t<h4 class=\"title\">Reflektierend<\/h4>\r\n\t\t\t\t\t\t\t\t\t\t\t\t<div class=\"wpb_text_column\"><p>Material, das Licht reflektiert und so das Objekt sichtbar macht. Es ist ein wesentlicher Bestandteil unserer Produktlinien und sorgt f\u00fcr mehr Sicherheit f\u00fcr Radfahrer bei Nacht.<br \/>\n<a href=\"https:\/\/www.libertadavenue.com\/de\/reflektierend\/\">+ Infos<\/a><\/p>\n<\/div>\r\n\t\t\t<\/div>\r\n\t\t<\/div>\r\n\t<\/div>\r\n\r\n\t[\/vc_column_inner][vc_column_inner width=&#8220;1\/4&#8243;]\r\n\t<div id=\"et-iconbox-160\" class=\"et-iconbox layout-centered icon-style-image-default bottom-spacing-none icon-color- text-color- animation bottom-to-top \"> \r\n\t\t<div class=\"et-icon-inner\">\r\n\t\t\t\t\t\t<figure class=\"et-feature-icon\">\r\n\t\t\t\t\t\t\t\t\t<img decoding=\"async\" src=\"https:\/\/www.libertadavenue.com\/wp-content\/uploads\/2021\/10\/ico-ergonomico-1.webp\" alt=\"Ergonomisch\" \/>\r\n\t\t\t\t\t\t\t<\/figure>\r\n\t\t\t\t\t\t<div class=\"et-feature-content\"> \r\n\t\t\t\t\t\t\t\t\t\t\t\t\t\t\t\t\t<h4 class=\"title\">Ergonomisch<\/h4>\r\n\t\t\t\t\t\t\t\t\t\t\t\t<div class=\"wpb_text_column\"><p>Mit ergonomischen Designwerkzeugen k\u00f6nnen wir Objekte schaffen, die unser Leben angenehmer machen. Wenn wir den Menschen als ganzheitliches Wesen betrachten, ist es wichtig, ihm den Komfort zu bieten, den er braucht.<br \/>\n<a href=\"https:\/\/www.libertadavenue.com\/ergonomico\/\">+ Infos<\/a><\/p>\n<\/div>\r\n\t\t\t<\/div>\r\n\t\t<\/div>\r\n\t<\/div>\r\n\r\n\t[\/vc_column_inner][vc_column_inner width=&#8220;1\/4&#8243;]\r\n\t<div id=\"et-iconbox-716\" class=\"et-iconbox layout-centered icon-style-image-default bottom-spacing-none icon-color- text-color- animation bottom-to-top \"> \r\n\t\t<div class=\"et-icon-inner\">\r\n\t\t\t\t\t\t<figure class=\"et-feature-icon\">\r\n\t\t\t\t\t\t\t\t\t<img decoding=\"async\" src=\"https:\/\/www.libertadavenue.com\/wp-content\/uploads\/2021\/10\/ico-sostenible-1.webp\" alt=\"Nachhaltig\" \/>\r\n\t\t\t\t\t\t\t<\/figure>\r\n\t\t\t\t\t\t<div class=\"et-feature-content\"> \r\n\t\t\t\t\t\t\t\t\t\t\t\t\t\t\t\t\t<h4 class=\"title\">Nachhaltig<\/h4>\r\n\t\t\t\t\t\t\t\t\t\t\t\t<div class=\"wpb_text_column\"><p>Damit ein Produkt als nachhaltig zertifiziert werden kann, muss es verschiedene Bedingungen erf\u00fcllen. Wir m\u00f6chten diesbez\u00fcglich transparent sein. Deshalb haben wir dieses Symbol entwickelt, das die Nachhaltigkeit eines Produkts anzeigt und Ihnen beim Kauf hilft.<br \/>\n<a href=\"https:\/\/www.libertadavenue.com\/de\/nachhaltig\/\">+ Infos<\/a><\/p>\n<\/div>\r\n\t\t\t<\/div>\r\n\t\t<\/div>\r\n\t<\/div>\r\n\r\n\t[\/vc_column_inner][vc_column_inner width=&#8220;1\/4&#8243;]\r\n\t<div id=\"et-iconbox-51\" class=\"et-iconbox layout-centered icon-style-image-default bottom-spacing-none icon-color- text-color- animation bottom-to-top \"> \r\n\t\t<div class=\"et-icon-inner\">\r\n\t\t\t\t\t\t<figure class=\"et-feature-icon\">\r\n\t\t\t\t\t\t\t\t\t<img decoding=\"async\" src=\"https:\/\/www.libertadavenue.com\/wp-content\/uploads\/2021\/10\/ico-proximidad-1.webp\" alt=\"Proximity-Produkt\" \/>\r\n\t\t\t\t\t\t\t<\/figure>\r\n\t\t\t\t\t\t<div class=\"et-feature-content\"> \r\n\t\t\t\t\t\t\t\t\t\t\t\t\t\t\t\t\t<h4 class=\"title\">Proximity-Produkt<\/h4>\r\n\t\t\t\t\t\t\t\t\t\t\t\t<div class=\"wpb_text_column\"><p>Wir legen Wert auf die N\u00e4he zum Hersteller, die Reduzierung der CO2-Emissionen beim Transport und eine verbesserte R\u00fcckverfolgbarkeit der Produkte, um sicherzustellen, dass alle Prozesse so nachhaltig wie m\u00f6glich durchgef\u00fchrt werden.<br \/>\n<a href=\"https:\/\/www.libertadavenue.com\/produccion-de-proximidad\/\">+ info<\/a><\/p>\n<\/div>\r\n\t\t\t<\/div>\r\n\t\t<\/div>\r\n\t<\/div>\r\n\r\n\t[\/vc_column_inner][\/vc_row_inner][\/vc_column][\/vc_row]\n<\/div>","protected":false},"excerpt":{"rendered":"<p>Inspiriert von den Ballsaalschuhen der 1920er Jahre finden Sie das Design unserer Sakura-Schuhe nirgendwo sonst. Im Gegensatz zu anderen Sneakern bietet Ihnen der Sakura Stil und Sicherheit, egal ob Sie an einem Gesch\u00e4ftstreffen teilnehmen oder einfach nur entspannen. <\/p>\n<p>Ihre Reflektoren sch\u00fctzen Sie bei Fahrten in der Nacht und ihre Anatomie erm\u00f6glicht eine perfekte Anpassung an den Fu\u00df und sorgt so f\u00fcr hohen Tragekomfort.<\/p>\n","protected":false},"featured_media":8425,"comment_status":"open","ping_status":"closed","template":"","meta":[],"product_brand":[],"product_cat":[188],"product_tag":[289],"giftcard-category":[],"class_list":{"0":"post-8410","1":"product","2":"type-product","3":"status-publish","4":"has-post-thumbnail","6":"product_cat-urbanes-fahrradschuhwerk","7":"product_tag-libave-de","8":"pa_tallas-36-de","9":"pa_tallas-37-de","10":"pa_tallas-38-de","11":"pa_tallas-39-de","12":"pa_tallas-40-de","13":"pa_tallas-41-de","15":"first","16":"instock","17":"taxable","18":"shipping-taxable","19":"purchasable","20":"product-type-variable"},"_links":{"self":[{"href":"https:\/\/www.libertadavenue.com\/de\/wp-json\/wp\/v2\/product\/8410","targetHints":{"allow":["GET"]}}],"collection":[{"href":"https:\/\/www.libertadavenue.com\/de\/wp-json\/wp\/v2\/product"}],"about":[{"href":"https:\/\/www.libertadavenue.com\/de\/wp-json\/wp\/v2\/types\/product"}],"replies":[{"embeddable":true,"href":"https:\/\/www.libertadavenue.com\/de\/wp-json\/wp\/v2\/comments?post=8410"}],"wp:featuredmedia":[{"embeddable":true,"href":"https:\/\/www.libertadavenue.com\/de\/wp-json\/wp\/v2\/media\/8425"}],"wp:attachment":[{"href":"https:\/\/www.libertadavenue.com\/de\/wp-json\/wp\/v2\/media?parent=8410"}],"wp:term":[{"taxonomy":"product_brand","embeddable":true,"href":"https:\/\/www.libertadavenue.com\/de\/wp-json\/wp\/v2\/product_brand?post=8410"},{"taxonomy":"product_cat","embeddable":true,"href":"https:\/\/www.libertadavenue.com\/de\/wp-json\/wp\/v2\/product_cat?post=8410"},{"taxonomy":"product_tag","embeddable":true,"href":"https:\/\/www.libertadavenue.com\/de\/wp-json\/wp\/v2\/product_tag?post=8410"},{"taxonomy":"giftcard-category","embeddable":true,"href":"https:\/\/www.libertadavenue.com\/de\/wp-json\/wp\/v2\/giftcard-category?post=8410"}],"curies":[{"name":"wp","href":"https:\/\/api.w.org\/{rel}","templated":true}]}}