{"id":8374,"date":"2025-06-18T14:10:34","date_gmt":"2025-06-18T12:10:34","guid":{"rendered":"https:\/\/www.libertadavenue.com\/eiche\/"},"modified":"2025-06-18T14:10:36","modified_gmt":"2025-06-18T12:10:36","slug":"eiche","status":"publish","type":"product","link":"https:\/\/www.libertadavenue.com\/de\/eiche\/","title":{"rendered":"Eiche"},"content":{"rendered":"<div class=\"wpb-content-wrapper\">[vc_row][vc_column][vc_column_text]Die Ledersohle verleiht Eleganz, w\u00e4hrend die Gummisohle f\u00fcr Halt und Haltbarkeit sorgt. Die Stiefel bestehen aus naturbelassenem, gef\u00e4rbtem, sto\u00dffestem Leder; robuste N\u00e4hte; austauschbare Schn\u00fcrsenkel kombiniert mit Gummizug; und eine reparierbare Gummisohle. Unsere Produkte werden individuell nach traditionellen Handwerkstechniken handgefertigt. Einige Fertigungsdetails k\u00f6nnen vorhanden sein.    <\/p>\n<ul>\n<li>Au\u00dfen: Leder mit umweltschonender \u00d6ko-F\u00e4rbung.<\/li>\n<li>Futter: Leder mit umweltschonender F\u00e4rbung.<\/li>\n<li>Sohle: unlackiertes Leder.<\/li>\n<li>Reflektoren mit hoher Lichtleistung.<\/li>\n<li>Reflektoren mit hoher Lichtleistung.<\/li>\n<li>Bis ins Detail durchdachte Ergonomie f\u00fcr einen super bequemen Schuh.<\/li>\n<\/ul>\n[\/vc_column_text][vc_row_inner el_class=&#8220;valores&#8220; css=&#8220;.vc_custom_1635261820687{margin-top: 100px !important;}&#8220;][vc_column_inner width=&#8220;1\/4&#8243;]\r\n\t<div id=\"et-iconbox-356\" class=\"et-iconbox layout-centered icon-style-image-default bottom-spacing-none icon-color- text-color- animation bottom-to-top \"> \r\n\t\t<div class=\"et-icon-inner\">\r\n\t\t\t\t\t\t<figure class=\"et-feature-icon\">\r\n\t\t\t\t\t\t\t\t\t<img decoding=\"async\" src=\"https:\/\/www.libertadavenue.com\/wp-content\/uploads\/2021\/10\/ico-reciclable-1.webp\" alt=\"Wiederverwendbar\" \/>\r\n\t\t\t\t\t\t\t<\/figure>\r\n\t\t\t\t\t\t<div class=\"et-feature-content\"> \r\n\t\t\t\t\t\t\t\t\t\t\t\t\t\t\t\t\t<h4 class=\"title\">Wiederverwendbar<\/h4>\r\n\t\t\t\t\t\t\t\t\t\t\t\t<div class=\"wpb_text_column\"><p>Wir w\u00e4hlen sorgf\u00e4ltig Komponenten aus, die eine Wiederverwendung und ein Recycling unserer Produkte erm\u00f6glichen.<\/p>\n<p><a href=\"https:\/\/www.libertadavenue.com\/de\/wiederverwendbar\/\">+ info<\/a><\/p>\n<\/div>\r\n\t\t\t<\/div>\r\n\t\t<\/div>\r\n\t<\/div>\r\n\r\n\t[\/vc_column_inner][vc_column_inner width=&#8220;1\/4&#8243;]\r\n\t<div id=\"et-iconbox-142\" class=\"et-iconbox layout-centered icon-style-image-default bottom-spacing-none icon-color- text-color- animation bottom-to-top \"> \r\n\t\t<div class=\"et-icon-inner\">\r\n\t\t\t\t\t\t<figure class=\"et-feature-icon\">\r\n\t\t\t\t\t\t\t\t\t<img decoding=\"async\" src=\"https:\/\/www.libertadavenue.com\/wp-content\/uploads\/2021\/10\/ico-reparable-1.webp\" alt=\"Reparierbar\" \/>\r\n\t\t\t\t\t\t\t<\/figure>\r\n\t\t\t\t\t\t<div class=\"et-feature-content\"> \r\n\t\t\t\t\t\t\t\t\t\t\t\t\t\t\t\t\t<h4 class=\"title\">Reparierbar<\/h4>\r\n\t\t\t\t\t\t\t\t\t\t\t\t<div class=\"wpb_text_column\"><p>Wir legen Wert darauf, Kleidung und Accessoires zu kreieren, die lange genutzt werden k\u00f6nnen, weshalb wir bei der Herstellung ausschlie\u00dflich hochwertige Materialien verwenden.<\/p>\n<\/div>\r\n\t\t\t<\/div>\r\n\t\t<\/div>\r\n\t<\/div>\r\n\r\n\t[\/vc_column_inner][vc_column_inner width=&#8220;1\/4&#8243;]\r\n\t<div id=\"et-iconbox-139\" class=\"et-iconbox layout-centered icon-style-image-default bottom-spacing-none icon-color- text-color- animation bottom-to-top \"> \r\n\t\t<div class=\"et-icon-inner\">\r\n\t\t\t\t\t\t<figure class=\"et-feature-icon\">\r\n\t\t\t\t\t\t\t\t\t<img decoding=\"async\" src=\"https:\/\/www.libertadavenue.com\/wp-content\/uploads\/2021\/10\/ico-eco-friendly-1-1.webp\" alt=\"\u00d6kologisch\" \/>\r\n\t\t\t\t\t\t\t<\/figure>\r\n\t\t\t\t\t\t<div class=\"et-feature-content\"> \r\n\t\t\t\t\t\t\t\t\t\t\t\t\t\t\t\t\t<h4 class=\"title\">\u00d6kologisch<\/h4>\r\n\t\t\t\t\t\t\t\t\t\t\t\t<div class=\"wpb_text_column\"><p>Bei allen unseren Prozessen suchen wir stets nach der \u00f6kologischsten Alternative mit der geringsten Umweltbelastung.<br \/>\n<a href=\"https:\/\/www.libertadavenue.com\/de\/umweltfreundlich\/\">+ info<\/a><\/p>\n<\/div>\r\n\t\t\t<\/div>\r\n\t\t<\/div>\r\n\t<\/div>\r\n\r\n\t[\/vc_column_inner][vc_column_inner width=&#8220;1\/4&#8243;]\r\n\t<div id=\"et-iconbox-364\" class=\"et-iconbox layout-centered icon-style-image-default bottom-spacing-none icon-color- text-color- animation bottom-to-top \"> \r\n\t\t<div class=\"et-icon-inner\">\r\n\t\t\t\t\t\t<figure class=\"et-feature-icon\">\r\n\t\t\t\t\t\t\t\t\t<img decoding=\"async\" src=\"https:\/\/www.libertadavenue.com\/wp-content\/uploads\/2021\/10\/ico-hecho-a-mano-1.webp\" alt=\"Handgefertigt\" \/>\r\n\t\t\t\t\t\t\t<\/figure>\r\n\t\t\t\t\t\t<div class=\"et-feature-content\"> \r\n\t\t\t\t\t\t\t\t\t\t\t\t\t\t\t\t\t<h4 class=\"title\">Handgefertigt<\/h4>\r\n\t\t\t\t\t\t\t\t\t\t\t\t<div class=\"wpb_text_column\"><p>Unsere Werkzeuge sind unsere H\u00e4nde, mit denen wir die Materialien formen und so die von uns angebotenen Produkte herstellen.<\/p>\n<p><a href=\"https:\/\/www.libertadavenue.com\/hecho-a-mano\/\">+ info<\/a><\/p>\n<\/div>\r\n\t\t\t<\/div>\r\n\t\t<\/div>\r\n\t<\/div>\r\n\r\n\t[\/vc_column_inner][\/vc_row_inner][vc_row_inner el_class=&#8220;valores&#8220; css=&#8220;.vc_custom_1635261807889{margin-top: 50px !important;}&#8220;][vc_column_inner width=&#8220;1\/4&#8243;]\r\n\t<div id=\"et-iconbox-431\" class=\"et-iconbox layout-centered icon-style-image-default bottom-spacing-none icon-color- text-color- animation bottom-to-top \"> \r\n\t\t<div class=\"et-icon-inner\">\r\n\t\t\t\t\t\t<figure class=\"et-feature-icon\">\r\n\t\t\t\t\t\t\t\t\t<img decoding=\"async\" src=\"https:\/\/www.libertadavenue.com\/wp-content\/uploads\/2021\/10\/ico-reflectante-1.webp\" alt=\"Reflektierend\" \/>\r\n\t\t\t\t\t\t\t<\/figure>\r\n\t\t\t\t\t\t<div class=\"et-feature-content\"> \r\n\t\t\t\t\t\t\t\t\t\t\t\t\t\t\t\t\t<h4 class=\"title\">Reflektierend<\/h4>\r\n\t\t\t\t\t\t\t\t\t\t\t\t<div class=\"wpb_text_column\"><p>Material, das Licht reflektiert und so das Objekt sichtbar macht. Es ist ein wesentlicher Bestandteil unserer Produktlinien und sorgt f\u00fcr mehr Sicherheit f\u00fcr Radfahrer bei Nacht.<br \/>\n<a href=\"https:\/\/www.libertadavenue.com\/de\/reflektierend\/\">+ Infos<\/a><\/p>\n<\/div>\r\n\t\t\t<\/div>\r\n\t\t<\/div>\r\n\t<\/div>\r\n\r\n\t[\/vc_column_inner][vc_column_inner width=&#8220;1\/4&#8243;]\r\n\t<div id=\"et-iconbox-950\" class=\"et-iconbox layout-centered icon-style-image-default bottom-spacing-none icon-color- text-color- animation bottom-to-top \"> \r\n\t\t<div class=\"et-icon-inner\">\r\n\t\t\t\t\t\t<figure class=\"et-feature-icon\">\r\n\t\t\t\t\t\t\t\t\t<img decoding=\"async\" src=\"https:\/\/www.libertadavenue.com\/wp-content\/uploads\/2021\/10\/ico-ergonomico-1.webp\" alt=\"Ergonomisch\" \/>\r\n\t\t\t\t\t\t\t<\/figure>\r\n\t\t\t\t\t\t<div class=\"et-feature-content\"> \r\n\t\t\t\t\t\t\t\t\t\t\t\t\t\t\t\t\t<h4 class=\"title\">Ergonomisch<\/h4>\r\n\t\t\t\t\t\t\t\t\t\t\t\t<div class=\"wpb_text_column\"><p>Mit ergonomischen Designwerkzeugen k\u00f6nnen wir Objekte schaffen, die unser Leben angenehmer machen. Wenn wir den Menschen als ganzheitliches Wesen betrachten, ist es wichtig, ihm den Komfort zu bieten, den er braucht.<br \/>\n<a href=\"https:\/\/www.libertadavenue.com\/ergonomico\/\">+ Infos<\/a><\/p>\n<\/div>\r\n\t\t\t<\/div>\r\n\t\t<\/div>\r\n\t<\/div>\r\n\r\n\t[\/vc_column_inner][vc_column_inner width=&#8220;1\/4&#8243;]\r\n\t<div id=\"et-iconbox-34\" class=\"et-iconbox layout-centered icon-style-image-default bottom-spacing-none icon-color- text-color- animation bottom-to-top \"> \r\n\t\t<div class=\"et-icon-inner\">\r\n\t\t\t\t\t\t<figure class=\"et-feature-icon\">\r\n\t\t\t\t\t\t\t\t\t<img decoding=\"async\" src=\"https:\/\/www.libertadavenue.com\/wp-content\/uploads\/2021\/10\/ico-sostenible-1.webp\" alt=\"Nachhaltig\" \/>\r\n\t\t\t\t\t\t\t<\/figure>\r\n\t\t\t\t\t\t<div class=\"et-feature-content\"> \r\n\t\t\t\t\t\t\t\t\t\t\t\t\t\t\t\t\t<h4 class=\"title\">Nachhaltig<\/h4>\r\n\t\t\t\t\t\t\t\t\t\t\t\t<div class=\"wpb_text_column\"><p>Damit ein Produkt als nachhaltig zertifiziert werden kann, muss es verschiedene Bedingungen erf\u00fcllen. Wir m\u00f6chten diesbez\u00fcglich transparent sein. Deshalb haben wir dieses Symbol entwickelt, das die Nachhaltigkeit eines Produkts anzeigt und Ihnen beim Kauf hilft.<br \/>\n<a href=\"https:\/\/www.libertadavenue.com\/de\/nachhaltig\/\">+ Infos<\/a><\/p>\n<\/div>\r\n\t\t\t<\/div>\r\n\t\t<\/div>\r\n\t<\/div>\r\n\r\n\t[\/vc_column_inner][vc_column_inner width=&#8220;1\/4&#8243;]\r\n\t<div id=\"et-iconbox-128\" class=\"et-iconbox layout-centered icon-style-image-default bottom-spacing-none icon-color- text-color- animation bottom-to-top \"> \r\n\t\t<div class=\"et-icon-inner\">\r\n\t\t\t\t\t\t<figure class=\"et-feature-icon\">\r\n\t\t\t\t\t\t\t\t\t<img decoding=\"async\" src=\"https:\/\/www.libertadavenue.com\/wp-content\/uploads\/2021\/10\/ico-proximidad-1.webp\" alt=\"Proximity-Produkt\" \/>\r\n\t\t\t\t\t\t\t<\/figure>\r\n\t\t\t\t\t\t<div class=\"et-feature-content\"> \r\n\t\t\t\t\t\t\t\t\t\t\t\t\t\t\t\t\t<h4 class=\"title\">Proximity-Produkt<\/h4>\r\n\t\t\t\t\t\t\t\t\t\t\t\t<div class=\"wpb_text_column\"><p>Priorizamos la cercan\u00eda con el productor, la reducci\u00f3n de las emisiones de carbono en el transporte y aumentar la trazabilidad del producto para garantizar que todos los procesos se hacen de la forma m\u00e1s sostenible posible<br \/>\n<a href=\"https:\/\/www.libertadavenue.com\/produccion-de-proximidad\/\">+ info<\/a><\/p>\n<\/div>\r\n\t\t\t<\/div>\r\n\t\t<\/div>\r\n\t<\/div>\r\n\r\n\t[\/vc_column_inner][\/vc_row_inner][\/vc_column][\/vc_row]\n<\/div>","protected":false},"excerpt":{"rendered":"<div class=\"page\" title=\"Seite 1\">\n<div class=\"section\">\n<div class=\"layoutArea\">\n<div class=\"column\">\n<p>Diese <strong>Chelsea Boots f\u00fcr den urbanen Radsport<\/strong> sind das perfekte Paar f\u00fcr den Weg zur Arbeit mit dem Fahrrad, ohne <strong>auf Stil verzichten zu m\u00fcssen<\/strong>. Sie sind <strong>bequem und ergonomisch<\/strong>, modern und im Designer-Look. <\/p>\n<p>Bei Libertad Avenue haben wir diese Stiefel speziell f\u00fcr Sie entwickelt: Sie fahren jeden Tag mit dem Fahrrad zur Arbeit. Deshalb sind diese <strong>Stiefel langlebig<\/strong>, haben <strong>Sohlen aus recycelten Reifen<\/strong> f\u00fcr zus\u00e4tzlichen Halt und reflektierende Details f\u00fcr zus\u00e4tzliche Sicherheit beim Radfahren in der Nacht. <\/p>\n<p>Alle unsere Urban <strong>Cycling-Schuhe werden<\/strong> in <strong>Spanien hergestellt<\/strong>. Wir produzieren lokal, um die durch die Logistik verursachten CO2-Emissionen zu vermeiden. Dies erm\u00f6glicht uns au\u00dferdem eine bessere R\u00fcckverfolgbarkeit der Produkte und garantiert angemessene Arbeitsbedingungen und L\u00f6hne f\u00fcr die Arbeiter w\u00e4hrend des gesamten Schuhproduktionsprozesses. <\/p>\n<p>Der <strong>Roble-Stiefel<\/strong> besteht aus Naturleder, das mit pflanzlichen, umweltschonenden Farbstoffen gef\u00e4rbt wurde. Diese Stiefel sind langlebig und verf\u00fcgen \u00fcber robuste N\u00e4hte, austauschbare Schn\u00fcrsenkel und eine reparierbare Gummisohle. Unsere <strong>Radstiefel werden<\/strong> nach traditionellen Handwerkstechniken von Hand gefertigt. Sie k\u00f6nnen leicht variieren, was zu ihrer Sch\u00f6nheit beitr\u00e4gt.<\/p>\n<\/div>\n<\/div>\n<\/div>\n<\/div>\n","protected":false},"featured_media":7548,"comment_status":"open","ping_status":"closed","template":"","meta":[],"product_brand":[],"product_cat":[188],"product_tag":[289],"giftcard-category":[],"class_list":{"0":"post-8374","1":"product","2":"type-product","3":"status-publish","4":"has-post-thumbnail","6":"product_cat-urbanes-fahrradschuhwerk","7":"product_tag-libave-de","8":"pa_tallas-35-de","9":"pa_tallas-36-de","10":"pa_tallas-37-de","11":"pa_tallas-38-de","12":"pa_tallas-39-de","13":"pa_tallas-40-de","14":"pa_tallas-41-de","15":"pa_tallas-42-de","16":"pa_tallas-43-de","17":"pa_tallas-44-de","18":"pa_tallas-45-de","19":"pa_tallas-46-de","21":"first","22":"instock","23":"featured","24":"taxable","25":"shipping-taxable","26":"purchasable","27":"product-type-variable"},"_links":{"self":[{"href":"https:\/\/www.libertadavenue.com\/de\/wp-json\/wp\/v2\/product\/8374","targetHints":{"allow":["GET"]}}],"collection":[{"href":"https:\/\/www.libertadavenue.com\/de\/wp-json\/wp\/v2\/product"}],"about":[{"href":"https:\/\/www.libertadavenue.com\/de\/wp-json\/wp\/v2\/types\/product"}],"replies":[{"embeddable":true,"href":"https:\/\/www.libertadavenue.com\/de\/wp-json\/wp\/v2\/comments?post=8374"}],"wp:featuredmedia":[{"embeddable":true,"href":"https:\/\/www.libertadavenue.com\/de\/wp-json\/wp\/v2\/media\/7548"}],"wp:attachment":[{"href":"https:\/\/www.libertadavenue.com\/de\/wp-json\/wp\/v2\/media?parent=8374"}],"wp:term":[{"taxonomy":"product_brand","embeddable":true,"href":"https:\/\/www.libertadavenue.com\/de\/wp-json\/wp\/v2\/product_brand?post=8374"},{"taxonomy":"product_cat","embeddable":true,"href":"https:\/\/www.libertadavenue.com\/de\/wp-json\/wp\/v2\/product_cat?post=8374"},{"taxonomy":"product_tag","embeddable":true,"href":"https:\/\/www.libertadavenue.com\/de\/wp-json\/wp\/v2\/product_tag?post=8374"},{"taxonomy":"giftcard-category","embeddable":true,"href":"https:\/\/www.libertadavenue.com\/de\/wp-json\/wp\/v2\/giftcard-category?post=8374"}],"curies":[{"name":"wp","href":"https:\/\/api.w.org\/{rel}","templated":true}]}}