{"id":8092,"date":"2025-06-14T14:14:34","date_gmt":"2025-06-14T12:14:34","guid":{"rendered":"https:\/\/www.libertadavenue.com\/tolten\/"},"modified":"2025-06-14T14:14:36","modified_gmt":"2025-06-14T12:14:36","slug":"tolten","status":"publish","type":"product","link":"https:\/\/www.libertadavenue.com\/de\/tolten\/","title":{"rendered":"Tolten"},"content":{"rendered":"<div class=\"wpb-content-wrapper\">[vc_row][vc_column][vc_column_text]\n<h4>Ma\u00dfnahmen<\/h4>\n<p>28 cm breit x 25 cm hoch<br \/>\nBalg: 7,5 cm<br \/>\n1 cm langer Griff und 4 cm verl\u00e4ngerbarer Schultergurt<\/p>\n<ul>\n<li>Haut: gealtertes Rindsleder<\/li>\n<li>Futter: recyceltes Polyester auf Basis synthetischer Stoffe und PEP-Flaschen<\/li>\n<li>Hardware: Nickelfarbe<\/li>\n<li>Tragegriffe: Schulter- und Crossbody-Trage, sehr vielseitig, verstellbar, Rindsleder<\/li>\n<li>Taschen: Au\u00dfen- und Innentaschen mit Rei\u00dfverschluss<\/li>\n<li>Verschluss: Rei\u00dfverschl\u00fcsse<\/li>\n<li>Verankert: Klickfix-System f\u00fcr Komfort beim Ein- und Aush\u00e4ngen<\/li>\n<li>Reflektierend: Breite Streifen, die f\u00fcr Sicherheit bei Nachtfahrten sorgen<\/li>\n<\/ul>\n<h5>Empfehlungen<\/h5>\n<p>Vermeiden Sie den Kontakt dieses Zubeh\u00f6rs mit Sonne, Wasser und anderen fl\u00fcssigen und \u00e4tzenden Substanzen wie \u00d6l und Alkohol.<br \/>\nDamit Ihre Tasche immer gut aussieht, reinigen Sie das Leder mit einem weichen Tuch und sch\u00fctzen Sie es vor Regen und Feuchtigkeit.[\/vc_column_text][vc_row_inner el_class=&#8220;valores&#8220; css=&#8220;.vc_custom_1635261820687{margin-top: 100px !important;}&#8220;][vc_column_inner width=&#8220;1\/4&#8243;]\r\n\t<div id=\"et-iconbox-535\" class=\"et-iconbox layout-centered icon-style-image-default bottom-spacing-none icon-color- text-color- animation bottom-to-top \"> \r\n\t\t<div class=\"et-icon-inner\">\r\n\t\t\t\t\t\t<figure class=\"et-feature-icon\">\r\n\t\t\t\t\t\t\t\t\t<img decoding=\"async\" src=\"https:\/\/www.libertadavenue.com\/wp-content\/uploads\/2021\/10\/ico-reciclable-1.webp\" alt=\"Wiederverwendbar\" \/>\r\n\t\t\t\t\t\t\t<\/figure>\r\n\t\t\t\t\t\t<div class=\"et-feature-content\"> \r\n\t\t\t\t\t\t\t\t\t\t\t\t\t\t\t\t\t<h4 class=\"title\">Wiederverwendbar<\/h4>\r\n\t\t\t\t\t\t\t\t\t\t\t\t<div class=\"wpb_text_column\"><p>Wir w\u00e4hlen sorgf\u00e4ltig Komponenten aus, die eine Wiederverwendung und ein Recycling unserer Produkte erm\u00f6glichen.<br \/>\n<a href=\"https:\/\/www.libertadavenue.com\/de\/wiederverwendbar\/\">+ info<\/a><\/p>\n<\/div>\r\n\t\t\t<\/div>\r\n\t\t<\/div>\r\n\t<\/div>\r\n\r\n\t[\/vc_column_inner][vc_column_inner width=&#8220;1\/4&#8243;]\r\n\t<div id=\"et-iconbox-66\" class=\"et-iconbox layout-centered icon-style-image-default bottom-spacing-none icon-color- text-color- animation bottom-to-top \"> \r\n\t\t<div class=\"et-icon-inner\">\r\n\t\t\t\t\t\t<figure class=\"et-feature-icon\">\r\n\t\t\t\t\t\t\t\t\t<img decoding=\"async\" src=\"https:\/\/www.libertadavenue.com\/wp-content\/uploads\/2021\/10\/ico-reparable-1.webp\" alt=\"Reparierbar\" \/>\r\n\t\t\t\t\t\t\t<\/figure>\r\n\t\t\t\t\t\t<div class=\"et-feature-content\"> \r\n\t\t\t\t\t\t\t\t\t\t\t\t\t\t\t\t\t<h4 class=\"title\">Reparierbar<\/h4>\r\n\t\t\t\t\t\t\t\t\t\t\t\t<div class=\"wpb_text_column\"><p>Wir legen Wert darauf, Kleidung und Accessoires zu kreieren, die lange genutzt werden k\u00f6nnen, weshalb wir bei der Herstellung ausschlie\u00dflich hochwertige Materialien verwenden.<\/p>\n<\/div>\r\n\t\t\t<\/div>\r\n\t\t<\/div>\r\n\t<\/div>\r\n\r\n\t[\/vc_column_inner][vc_column_inner width=&#8220;1\/4&#8243;]\r\n\t<div id=\"et-iconbox-993\" class=\"et-iconbox layout-centered icon-style-image-default bottom-spacing-none icon-color- text-color- animation bottom-to-top \"> \r\n\t\t<div class=\"et-icon-inner\">\r\n\t\t\t\t\t\t<figure class=\"et-feature-icon\">\r\n\t\t\t\t\t\t\t\t\t<img decoding=\"async\" src=\"https:\/\/www.libertadavenue.com\/wp-content\/uploads\/2021\/10\/ico-eco-friendly-1-1.webp\" alt=\"\u00d6kologisch\" \/>\r\n\t\t\t\t\t\t\t<\/figure>\r\n\t\t\t\t\t\t<div class=\"et-feature-content\"> \r\n\t\t\t\t\t\t\t\t\t\t\t\t\t\t\t\t\t<h4 class=\"title\">\u00d6kologisch<\/h4>\r\n\t\t\t\t\t\t\t\t\t\t\t\t<div class=\"wpb_text_column\"><p>Bei allen unseren Prozessen suchen wir stets nach der \u00f6kologischsten Alternative mit der geringsten Umweltbelastung.<br \/>\n<a href=\"https:\/\/www.libertadavenue.com\/de\/umweltfreundlich\/\">+ info<\/a><\/p>\n<\/div>\r\n\t\t\t<\/div>\r\n\t\t<\/div>\r\n\t<\/div>\r\n\r\n\t[\/vc_column_inner][vc_column_inner width=&#8220;1\/4&#8243;]\r\n\t<div id=\"et-iconbox-963\" class=\"et-iconbox layout-centered icon-style-image-default bottom-spacing-none icon-color- text-color- animation bottom-to-top \"> \r\n\t\t<div class=\"et-icon-inner\">\r\n\t\t\t\t\t\t<figure class=\"et-feature-icon\">\r\n\t\t\t\t\t\t\t\t\t<img decoding=\"async\" src=\"https:\/\/www.libertadavenue.com\/wp-content\/uploads\/2021\/10\/ico-hecho-a-mano-1.webp\" alt=\"Handgefertigt\" \/>\r\n\t\t\t\t\t\t\t<\/figure>\r\n\t\t\t\t\t\t<div class=\"et-feature-content\"> \r\n\t\t\t\t\t\t\t\t\t\t\t\t\t\t\t\t\t<h4 class=\"title\">Handgefertigt<\/h4>\r\n\t\t\t\t\t\t\t\t\t\t\t\t<div class=\"wpb_text_column\"><p>Unsere Werkzeuge sind unsere H\u00e4nde, mit denen wir die Materialien formen und so die von uns angebotenen Produkte herstellen.<br \/>\n<a href=\"https:\/\/www.libertadavenue.com\/hecho-a-mano\/\">+ info<\/a><\/p>\n<\/div>\r\n\t\t\t<\/div>\r\n\t\t<\/div>\r\n\t<\/div>\r\n\r\n\t[\/vc_column_inner][\/vc_row_inner][vc_row_inner el_class=&#8220;valores&#8220; css=&#8220;.vc_custom_1635261807889{margin-top: 50px !important;}&#8220;][vc_column_inner width=&#8220;1\/4&#8243;]\r\n\t<div id=\"et-iconbox-671\" class=\"et-iconbox layout-centered icon-style-image-default bottom-spacing-none icon-color- text-color- animation bottom-to-top \"> \r\n\t\t<div class=\"et-icon-inner\">\r\n\t\t\t\t\t\t<figure class=\"et-feature-icon\">\r\n\t\t\t\t\t\t\t\t\t<img decoding=\"async\" src=\"https:\/\/www.libertadavenue.com\/wp-content\/uploads\/2021\/10\/ico-reflectante-1.webp\" alt=\"Reflektierend\" \/>\r\n\t\t\t\t\t\t\t<\/figure>\r\n\t\t\t\t\t\t<div class=\"et-feature-content\"> \r\n\t\t\t\t\t\t\t\t\t\t\t\t\t\t\t\t\t<h4 class=\"title\">Reflektierend<\/h4>\r\n\t\t\t\t\t\t\t\t\t\t\t\t<div class=\"wpb_text_column\"><p>Material, das Licht wird reflektiert und die Objekte werden bearbeitet. Es ist ein wesentlicher Bestandteil unserer Produktlinien und sorgt f\u00fcr mehr Sicherheit f\u00fcr Radfahrer bei Nacht.<br \/>\n<a href=\"https:\/\/www.libertadavenue.com\/de\/reflektierend\/\">+ Infos<\/a><\/p>\n<\/div>\r\n\t\t\t<\/div>\r\n\t\t<\/div>\r\n\t<\/div>\r\n\r\n\t[\/vc_column_inner][vc_column_inner width=&#8220;1\/4&#8243;]\r\n\t<div id=\"et-iconbox-36\" class=\"et-iconbox layout-centered icon-style-image-default bottom-spacing-none icon-color- text-color- animation bottom-to-top \"> \r\n\t\t<div class=\"et-icon-inner\">\r\n\t\t\t\t\t\t<figure class=\"et-feature-icon\">\r\n\t\t\t\t\t\t\t\t\t<img decoding=\"async\" src=\"https:\/\/www.libertadavenue.com\/wp-content\/uploads\/2021\/10\/ico-ergonomico-1.webp\" alt=\"Ergon\u00f3mico\" \/>\r\n\t\t\t\t\t\t\t<\/figure>\r\n\t\t\t\t\t\t<div class=\"et-feature-content\"> \r\n\t\t\t\t\t\t\t\t\t\t\t\t\t\t\t\t\t<h4 class=\"title\">Ergon\u00f3mico<\/h4>\r\n\t\t\t\t\t\t\t\t\t\t\t\t<div class=\"wpb_text_column\"><p>Mit ergonomischen Designwerkzeugen k\u00f6nnen wir Objekte schaffen, die unser Leben angenehmer machen. Wenn wir den Menschen als ganzheitliches Wesen betrachten, ist es wichtig, ihm den Komfort zu bieten, den er braucht.<br \/>\n<a href=\"https:\/\/www.libertadavenue.com\/ergonomico\/\">+ Infos<\/a><\/p>\n<\/div>\r\n\t\t\t<\/div>\r\n\t\t<\/div>\r\n\t<\/div>\r\n\r\n\t[\/vc_column_inner][vc_column_inner width=&#8220;1\/4&#8243;]\r\n\t<div id=\"et-iconbox-810\" class=\"et-iconbox layout-centered icon-style-image-default bottom-spacing-none icon-color- text-color- animation bottom-to-top \"> \r\n\t\t<div class=\"et-icon-inner\">\r\n\t\t\t\t\t\t<figure class=\"et-feature-icon\">\r\n\t\t\t\t\t\t\t\t\t<img decoding=\"async\" src=\"https:\/\/www.libertadavenue.com\/wp-content\/uploads\/2021\/10\/ico-sostenible-1.webp\" alt=\"Nachhaltig\" \/>\r\n\t\t\t\t\t\t\t<\/figure>\r\n\t\t\t\t\t\t<div class=\"et-feature-content\"> \r\n\t\t\t\t\t\t\t\t\t\t\t\t\t\t\t\t\t<h4 class=\"title\">Nachhaltig<\/h4>\r\n\t\t\t\t\t\t\t\t\t\t\t\t<div class=\"wpb_text_column\"><p>Damit ein Produkt als nachhaltig zertifiziert werden kann, muss es verschiedene Bedingungen erf\u00fcllen. Wir m\u00f6chten diesbez\u00fcglich transparent sein. Deshalb haben wir dieses Symbol entwickelt, das die Nachhaltigkeit eines Produkts anzeigt und Ihnen beim Kauf hilft.<br \/>\n<a href=\"https:\/\/www.libertadavenue.com\/de\/nachhaltig\/\">+ Infos<\/a><\/p>\n<\/div>\r\n\t\t\t<\/div>\r\n\t\t<\/div>\r\n\t<\/div>\r\n\r\n\t[\/vc_column_inner][vc_column_inner width=&#8220;1\/4&#8243;]\r\n\t<div id=\"et-iconbox-391\" class=\"et-iconbox layout-centered icon-style-image-default bottom-spacing-none icon-color- text-color- animation bottom-to-top \"> \r\n\t\t<div class=\"et-icon-inner\">\r\n\t\t\t\t\t\t<figure class=\"et-feature-icon\">\r\n\t\t\t\t\t\t\t\t\t<img decoding=\"async\" src=\"https:\/\/www.libertadavenue.com\/wp-content\/uploads\/2021\/10\/ico-proximidad-1.webp\" alt=\"Proximity-Produkt\" \/>\r\n\t\t\t\t\t\t\t<\/figure>\r\n\t\t\t\t\t\t<div class=\"et-feature-content\"> \r\n\t\t\t\t\t\t\t\t\t\t\t\t\t\t\t\t\t<h4 class=\"title\">Proximity-Produkt<\/h4>\r\n\t\t\t\t\t\t\t\t\t\t\t\t<div class=\"wpb_text_column\"><p>Priorizamos la cercan\u00eda con el productor, la reducci\u00f3n de las emisiones de carbono en el transporte y aumentar la trazabilidad del producto para garantizar que todos los procesos se hacen de la forma m\u00e1s sostenible posible<br \/>\n<a href=\"https:\/\/www.libertadavenue.com\/produccion-de-proximidad\/\">+ info<\/a><\/p>\n<\/div>\r\n\t\t\t<\/div>\r\n\t\t<\/div>\r\n\t<\/div>\r\n\r\n\t[\/vc_column_inner][\/vc_row_inner][\/vc_column][\/vc_row]\n<\/div>","protected":false},"excerpt":{"rendered":"<p>Wundersch\u00f6ne Satteltasche aus Rindsleder mit reflektierenden Details an den R\u00e4ndern, Schultergurten und einem Crossbody-Gurt. Praktischer Verschluss und Rei\u00dfverschlusstaschen au\u00dfen und innen. Sehr bequem und leicht. Mit Liebe handgefertigt.   <\/p>\n","protected":false},"featured_media":8098,"comment_status":"open","ping_status":"closed","template":"","meta":[],"product_brand":[],"product_cat":[207],"product_tag":[289],"giftcard-category":[],"class_list":{"0":"post-8092","1":"product","2":"type-product","3":"status-publish","4":"has-post-thumbnail","6":"product_cat-zubehor","7":"product_tag-libave-de","9":"first","10":"instock","11":"taxable","12":"shipping-taxable","13":"purchasable","14":"product-type-variable"},"_links":{"self":[{"href":"https:\/\/www.libertadavenue.com\/de\/wp-json\/wp\/v2\/product\/8092","targetHints":{"allow":["GET"]}}],"collection":[{"href":"https:\/\/www.libertadavenue.com\/de\/wp-json\/wp\/v2\/product"}],"about":[{"href":"https:\/\/www.libertadavenue.com\/de\/wp-json\/wp\/v2\/types\/product"}],"replies":[{"embeddable":true,"href":"https:\/\/www.libertadavenue.com\/de\/wp-json\/wp\/v2\/comments?post=8092"}],"wp:featuredmedia":[{"embeddable":true,"href":"https:\/\/www.libertadavenue.com\/de\/wp-json\/wp\/v2\/media\/8098"}],"wp:attachment":[{"href":"https:\/\/www.libertadavenue.com\/de\/wp-json\/wp\/v2\/media?parent=8092"}],"wp:term":[{"taxonomy":"product_brand","embeddable":true,"href":"https:\/\/www.libertadavenue.com\/de\/wp-json\/wp\/v2\/product_brand?post=8092"},{"taxonomy":"product_cat","embeddable":true,"href":"https:\/\/www.libertadavenue.com\/de\/wp-json\/wp\/v2\/product_cat?post=8092"},{"taxonomy":"product_tag","embeddable":true,"href":"https:\/\/www.libertadavenue.com\/de\/wp-json\/wp\/v2\/product_tag?post=8092"},{"taxonomy":"giftcard-category","embeddable":true,"href":"https:\/\/www.libertadavenue.com\/de\/wp-json\/wp\/v2\/giftcard-category?post=8092"}],"curies":[{"name":"wp","href":"https:\/\/api.w.org\/{rel}","templated":true}]}}