{"id":8030,"date":"2025-06-14T13:14:19","date_gmt":"2025-06-14T11:14:19","guid":{"rendered":"https:\/\/www.libertadavenue.com\/vegane-ulme\/"},"modified":"2025-06-14T13:14:19","modified_gmt":"2025-06-14T11:14:19","slug":"vegane-ulme","status":"publish","type":"product","link":"https:\/\/www.libertadavenue.com\/de\/vegane-ulme\/","title":{"rendered":"Vegane Ulme"},"content":{"rendered":"<div class=\"wpb-content-wrapper\">[vc_row][vc_column][vc_column_text]Sie m\u00fcssen mutig genug sein, um unsere Olmo Ducks Boots zu tragen \u2013 einen Schuh, der Modernit\u00e4t mit klassischem Stil verbindet und dank des bedeckten Kn\u00f6chels Sicherheit und Komfort bietet. Unsere Neuinterpretation der historischen Ducks Boots hebt den Tr\u00e4ger von allen Seiten hervor und unterstreicht seine Pers\u00f6nlichkeit, w\u00e4hrend die blauen Recover-T\u00f6ne und die Wildlederstruktur ihn einzigartig machen. Die Sohle sorgt f\u00fcr l\u00e4ssige Eleganz, w\u00e4hrend das Gummiprofil f\u00fcr Halt und Strapazierf\u00e4higkeit sorgt. Die Stiefel werden aus Recover-Material aus PET-Flaschen hergestellt, das in einer hochinnovativen Fabrik in Alicante verarbeitet wird.   <\/p>\n<p>Das Besondere an diesem Stiefel ist, dass lediglich der Rei\u00dfverschluss und der Reflektorstreifen neu sind.<\/p>\n<p>\u2022 Au\u00dfenmaterial: Recycelter Schlauch und recyceltes Material aus PET-Flaschen<br \/>\n\u2022 Futter: Recyclingmaterial aus PET-Flaschen<br \/>\n\u2022 Innensohle: Herausnehmbare, besonders bequeme Sohle.<br \/>\n\u2022 Sohle: Gummisohle.<br \/>\n\u2022 ReSuela: Gummisohle aus recyceltem Material.<br \/>\n\u2022 Reflektierende Details: Hohe Lichtausbeute.<br \/>\n\u2022 Ergonomie: Sorgf\u00e4ltig entwickelt f\u00fcr einen superbequemen Schuh.[\/vc_column_text][vc_row_inner el_class=&#8220;valores&#8220; css=&#8220;.vc_custom_1635261820687{margin-top: 100px !important;}&#8220;][vc_column_inner width=&#8220;1\/4&#8243;]\r\n\t<div id=\"et-iconbox-406\" class=\"et-iconbox layout-centered icon-style-image-default bottom-spacing-none icon-color- text-color- animation bottom-to-top \"> \r\n\t\t<div class=\"et-icon-inner\">\r\n\t\t\t\t\t\t<figure class=\"et-feature-icon\">\r\n\t\t\t\t\t\t\t\t\t<img decoding=\"async\" src=\"https:\/\/www.libertadavenue.com\/wp-content\/uploads\/2021\/10\/ico-reciclable-1.webp\" alt=\"Wiederverwendbar\" \/>\r\n\t\t\t\t\t\t\t<\/figure>\r\n\t\t\t\t\t\t<div class=\"et-feature-content\"> \r\n\t\t\t\t\t\t\t\t\t\t\t\t\t\t\t\t\t<h4 class=\"title\">Wiederverwendbar<\/h4>\r\n\t\t\t\t\t\t\t\t\t\t\t\t<div class=\"wpb_text_column\"><p>Wir w\u00e4hlen sorgf\u00e4ltig Komponenten aus, die eine Wiederverwendung und ein Recycling unserer Produkte erm\u00f6glichen.<\/p>\n<p><a href=\"https:\/\/www.libertadavenue.com\/de\/wiederverwendbar\/\">+ info<\/a><\/p>\n<\/div>\r\n\t\t\t<\/div>\r\n\t\t<\/div>\r\n\t<\/div>\r\n\r\n\t[\/vc_column_inner][vc_column_inner width=&#8220;1\/4&#8243;]\r\n\t<div id=\"et-iconbox-413\" class=\"et-iconbox layout-centered icon-style-image-default bottom-spacing-none icon-color- text-color- animation bottom-to-top \"> \r\n\t\t<div class=\"et-icon-inner\">\r\n\t\t\t\t\t\t<figure class=\"et-feature-icon\">\r\n\t\t\t\t\t\t\t\t\t<img decoding=\"async\" src=\"https:\/\/www.libertadavenue.com\/wp-content\/uploads\/2021\/10\/ico-reparable-1.webp\" alt=\"Reparierbar\" \/>\r\n\t\t\t\t\t\t\t<\/figure>\r\n\t\t\t\t\t\t<div class=\"et-feature-content\"> \r\n\t\t\t\t\t\t\t\t\t\t\t\t\t\t\t\t\t<h4 class=\"title\">Reparierbar<\/h4>\r\n\t\t\t\t\t\t\t\t\t\t\t\t<div class=\"wpb_text_column\"><p>Wir legen Wert darauf, Kleidung und Accessoires zu kreieren, die lange genutzt werden k\u00f6nnen, weshalb wir bei der Herstellung ausschlie\u00dflich hochwertige Materialien verwenden.<\/p>\n<\/div>\r\n\t\t\t<\/div>\r\n\t\t<\/div>\r\n\t<\/div>\r\n\r\n\t[\/vc_column_inner][vc_column_inner width=&#8220;1\/4&#8243;]\r\n\t<div id=\"et-iconbox-632\" class=\"et-iconbox layout-centered icon-style-image-default bottom-spacing-none icon-color- text-color- animation bottom-to-top \"> \r\n\t\t<div class=\"et-icon-inner\">\r\n\t\t\t\t\t\t<figure class=\"et-feature-icon\">\r\n\t\t\t\t\t\t\t\t\t<img decoding=\"async\" src=\"https:\/\/www.libertadavenue.com\/wp-content\/uploads\/2021\/10\/ico-eco-friendly-1-1.webp\" alt=\"\u00d6kologisch\" \/>\r\n\t\t\t\t\t\t\t<\/figure>\r\n\t\t\t\t\t\t<div class=\"et-feature-content\"> \r\n\t\t\t\t\t\t\t\t\t\t\t\t\t\t\t\t\t<h4 class=\"title\">\u00d6kologisch<\/h4>\r\n\t\t\t\t\t\t\t\t\t\t\t\t<div class=\"wpb_text_column\"><p>Bei allen unseren Prozessen suchen wir stets nach der \u00f6kologischsten Alternative mit der geringsten Umweltbelastung.<\/p>\n<p><a href=\"https:\/\/www.libertadavenue.com\/de\/umweltfreundlich\/\">+ info<\/a><\/p>\n<\/div>\r\n\t\t\t<\/div>\r\n\t\t<\/div>\r\n\t<\/div>\r\n\r\n\t[\/vc_column_inner][vc_column_inner width=&#8220;1\/4&#8243;]\r\n\t<div id=\"et-iconbox-977\" class=\"et-iconbox layout-centered icon-style-image-default bottom-spacing-none icon-color- text-color- animation bottom-to-top \"> \r\n\t\t<div class=\"et-icon-inner\">\r\n\t\t\t\t\t\t<figure class=\"et-feature-icon\">\r\n\t\t\t\t\t\t\t\t\t<img decoding=\"async\" src=\"https:\/\/www.libertadavenue.com\/wp-content\/uploads\/2021\/10\/ico-hecho-a-mano-1.webp\" alt=\"Handgefertigt\" \/>\r\n\t\t\t\t\t\t\t<\/figure>\r\n\t\t\t\t\t\t<div class=\"et-feature-content\"> \r\n\t\t\t\t\t\t\t\t\t\t\t\t\t\t\t\t\t<h4 class=\"title\">Handgefertigt<\/h4>\r\n\t\t\t\t\t\t\t\t\t\t\t\t<div class=\"wpb_text_column\"><p>Unsere Werkzeuge ohne unsere H\u00e4nde, mit denen wir die Materialien formen und so die von uns angebotenen Produkten herstellen.<\/p>\n<p><a href=\"https:\/\/www.libertadavenue.com\/hecho-a-mano\/\">+ info<\/a><\/p>\n<\/div>\r\n\t\t\t<\/div>\r\n\t\t<\/div>\r\n\t<\/div>\r\n\r\n\t[\/vc_column_inner][\/vc_row_inner][vc_row_inner el_class=&#8220;valores&#8220; css=&#8220;.vc_custom_1635261807889{margin-top: 50px !important;}&#8220;][vc_column_inner width=&#8220;1\/4&#8243;]\r\n\t<div id=\"et-iconbox-129\" class=\"et-iconbox layout-centered icon-style-image-default bottom-spacing-none icon-color- text-color- animation bottom-to-top \"> \r\n\t\t<div class=\"et-icon-inner\">\r\n\t\t\t\t\t\t<figure class=\"et-feature-icon\">\r\n\t\t\t\t\t\t\t\t\t<img decoding=\"async\" src=\"https:\/\/www.libertadavenue.com\/wp-content\/uploads\/2021\/10\/ico-reflectante-1.webp\" alt=\"Reflektierend\" \/>\r\n\t\t\t\t\t\t\t<\/figure>\r\n\t\t\t\t\t\t<div class=\"et-feature-content\"> \r\n\t\t\t\t\t\t\t\t\t\t\t\t\t\t\t\t\t<h4 class=\"title\">Reflektierend<\/h4>\r\n\t\t\t\t\t\t\t\t\t\t\t\t<div class=\"wpb_text_column\"><p>Material, das Licht reflektiert und so das Objekt sichtbar macht. Es ist ein wesentlicher Bestandteil unserer Produktlinien und sorgt f\u00fcr mehr Sicherheit f\u00fcr Radfahrer bei Nacht.<br \/>\n<a href=\"https:\/\/www.libertadavenue.com\/de\/reflektierend\/\">+ Infos<\/a><\/p>\n<\/div>\r\n\t\t\t<\/div>\r\n\t\t<\/div>\r\n\t<\/div>\r\n\r\n\t[\/vc_column_inner][vc_column_inner width=&#8220;1\/4&#8243;]\r\n\t<div id=\"et-iconbox-535\" class=\"et-iconbox layout-centered icon-style-image-default bottom-spacing-none icon-color- text-color- animation bottom-to-top \"> \r\n\t\t<div class=\"et-icon-inner\">\r\n\t\t\t\t\t\t<figure class=\"et-feature-icon\">\r\n\t\t\t\t\t\t\t\t\t<img decoding=\"async\" src=\"https:\/\/www.libertadavenue.com\/wp-content\/uploads\/2021\/10\/ico-ergonomico-1.webp\" alt=\"Ergonomisch\" \/>\r\n\t\t\t\t\t\t\t<\/figure>\r\n\t\t\t\t\t\t<div class=\"et-feature-content\"> \r\n\t\t\t\t\t\t\t\t\t\t\t\t\t\t\t\t\t<h4 class=\"title\">Ergonomisch<\/h4>\r\n\t\t\t\t\t\t\t\t\t\t\t\t<div class=\"wpb_text_column\"><p>Mit ergonomischen Designwerkzeugen k\u00f6nnen wir Objekte schaffen, die unser Leben angenehmer machen. Wenn wir den Menschen als ganzheitliches Wesen betrachten, ist es wichtig, ihm den Komfort zu bieten, den er braucht.<br \/>\n<a href=\"https:\/\/www.libertadavenue.com\/ergonomico\/\">+ Infos<\/a><\/p>\n<\/div>\r\n\t\t\t<\/div>\r\n\t\t<\/div>\r\n\t<\/div>\r\n\r\n\t[\/vc_column_inner][vc_column_inner width=&#8220;1\/4&#8243;]\r\n\t<div id=\"et-iconbox-258\" class=\"et-iconbox layout-centered icon-style-image-default bottom-spacing-none icon-color- text-color- animation bottom-to-top \"> \r\n\t\t<div class=\"et-icon-inner\">\r\n\t\t\t\t\t\t<figure class=\"et-feature-icon\">\r\n\t\t\t\t\t\t\t\t\t<img decoding=\"async\" src=\"https:\/\/www.libertadavenue.com\/wp-content\/uploads\/2021\/10\/ico-sostenible-1.webp\" alt=\"Nachhaltig\" \/>\r\n\t\t\t\t\t\t\t<\/figure>\r\n\t\t\t\t\t\t<div class=\"et-feature-content\"> \r\n\t\t\t\t\t\t\t\t\t\t\t\t\t\t\t\t\t<h4 class=\"title\">Nachhaltig<\/h4>\r\n\t\t\t\t\t\t\t\t\t\t\t\t<div class=\"wpb_text_column\"><p>Damit ein Produkt als nachhaltig zertifiziert werden kann, muss es verschiedene Bedingungen erf\u00fcllen. Wir m\u00f6chten diesbez\u00fcglich transparent sein. Deshalb haben wir dieses Symbol entwickelt, das die Nachhaltigkeit eines Produkts anzeigt und Ihnen beim Kauf hilft.<br \/>\n<a href=\"https:\/\/www.libertadavenue.com\/de\/nachhaltig\/\">+ Infos<\/a><\/p>\n<\/div>\r\n\t\t\t<\/div>\r\n\t\t<\/div>\r\n\t<\/div>\r\n\r\n\t[\/vc_column_inner][vc_column_inner width=&#8220;1\/4&#8243;]\r\n\t<div id=\"et-iconbox-686\" class=\"et-iconbox layout-centered icon-style-image-default bottom-spacing-none icon-color- text-color- animation bottom-to-top \"> \r\n\t\t<div class=\"et-icon-inner\">\r\n\t\t\t\t\t\t<figure class=\"et-feature-icon\">\r\n\t\t\t\t\t\t\t\t\t<img decoding=\"async\" src=\"https:\/\/www.libertadavenue.com\/wp-content\/uploads\/2021\/10\/ico-proximidad-1.webp\" alt=\"Proximity-Produkt\" \/>\r\n\t\t\t\t\t\t\t<\/figure>\r\n\t\t\t\t\t\t<div class=\"et-feature-content\"> \r\n\t\t\t\t\t\t\t\t\t\t\t\t\t\t\t\t\t<h4 class=\"title\">Proximity-Produkt<\/h4>\r\n\t\t\t\t\t\t\t\t\t\t\t\t<div class=\"wpb_text_column\"><p>Wir legen Wert auf die N\u00e4he zum Hersteller, die Reduzierung der CO2-Emissionen beim Transport und eine verbesserte R\u00fcckverfolgbarkeit der Produkte, um sicherzustellen, dass alle Prozesse so nachhaltig wie m\u00f6glich durchgef\u00fchrt werden.<\/p>\n<p><a href=\"https:\/\/www.libertadavenue.com\/produccion-de-proximidad\/\">+ info<\/a><\/p>\n<\/div>\r\n\t\t\t<\/div>\r\n\t\t<\/div>\r\n\t<\/div>\r\n\r\n\t[\/vc_column_inner][\/vc_row_inner][\/vc_column][\/vc_row]\n<\/div>","protected":false},"excerpt":{"rendered":"<p>Das Design unserer Olmo Duck Boots ist an Vintage-Fahrradschuhe angelehnt und erm\u00f6glicht Ihnen einen stilvollen und sicheren \u00dcbergang zwischen Arbeit und Freizeit. Ihre reflektierenden Eins\u00e4tze sch\u00fctzen Sie bei Nachtfahrten, und ihre Konturen erm\u00f6glichen eine perfekte Anpassung an Ihren Fu\u00df und sorgen f\u00fcr hohen Tragekomfort. <\/p>\n","protected":false},"featured_media":8035,"comment_status":"open","ping_status":"closed","template":"","meta":[],"product_brand":[],"product_cat":[188],"product_tag":[289],"giftcard-category":[],"class_list":{"0":"post-8030","1":"product","2":"type-product","3":"status-publish","4":"has-post-thumbnail","6":"product_cat-urbanes-fahrradschuhwerk","7":"product_tag-libave-de","8":"pa_tallas-36-de","9":"pa_tallas-37-de","10":"pa_tallas-38-de","11":"pa_tallas-39-de","12":"pa_tallas-40-de","13":"pa_tallas-41-de","14":"pa_tallas-42-de","15":"pa_tallas-43-de","16":"pa_tallas-44-de","17":"pa_tallas-45-de","18":"pa_tallas-46-de","19":"pa_tallas-47-de","20":"pa_tallas-48-de","22":"first","23":"onbackorder","24":"taxable","25":"shipping-taxable","26":"purchasable","27":"product-type-variable"},"_links":{"self":[{"href":"https:\/\/www.libertadavenue.com\/de\/wp-json\/wp\/v2\/product\/8030","targetHints":{"allow":["GET"]}}],"collection":[{"href":"https:\/\/www.libertadavenue.com\/de\/wp-json\/wp\/v2\/product"}],"about":[{"href":"https:\/\/www.libertadavenue.com\/de\/wp-json\/wp\/v2\/types\/product"}],"replies":[{"embeddable":true,"href":"https:\/\/www.libertadavenue.com\/de\/wp-json\/wp\/v2\/comments?post=8030"}],"wp:featuredmedia":[{"embeddable":true,"href":"https:\/\/www.libertadavenue.com\/de\/wp-json\/wp\/v2\/media\/8035"}],"wp:attachment":[{"href":"https:\/\/www.libertadavenue.com\/de\/wp-json\/wp\/v2\/media?parent=8030"}],"wp:term":[{"taxonomy":"product_brand","embeddable":true,"href":"https:\/\/www.libertadavenue.com\/de\/wp-json\/wp\/v2\/product_brand?post=8030"},{"taxonomy":"product_cat","embeddable":true,"href":"https:\/\/www.libertadavenue.com\/de\/wp-json\/wp\/v2\/product_cat?post=8030"},{"taxonomy":"product_tag","embeddable":true,"href":"https:\/\/www.libertadavenue.com\/de\/wp-json\/wp\/v2\/product_tag?post=8030"},{"taxonomy":"giftcard-category","embeddable":true,"href":"https:\/\/www.libertadavenue.com\/de\/wp-json\/wp\/v2\/giftcard-category?post=8030"}],"curies":[{"name":"wp","href":"https:\/\/api.w.org\/{rel}","templated":true}]}}