{"id":8509,"date":"2025-06-21T06:46:03","date_gmt":"2025-06-21T04:46:03","guid":{"rendered":"https:\/\/www.libertadavenue.com\/ueber-uns\/"},"modified":"2025-06-21T06:46:03","modified_gmt":"2025-06-21T04:46:03","slug":"ueber-uns","status":"publish","type":"page","link":"https:\/\/www.libertadavenue.com\/de\/ueber-uns\/","title":{"rendered":"\u00dcber uns"},"content":{"rendered":"<div class=\"wpb-content-wrapper\">[vc_row et_full_width=&#8220;true&#8220; et_row_padding=&#8220;true&#8220; full_height=&#8220;yes&#8220; columns_placement=&#8220;stretch&#8220; equal_height=&#8220;yes&#8220; content_placement=&#8220;middle&#8220; css=&#8220;.vc_custom_1579973351197{padding-top: 80px !important;padding-bottom: 80px !important;background: #f4f4f4 url(https:\/\/goyacdn.everthemes.com\/assets\/demo\/content\/uploads\/sites\/3\/2020\/01\/banner-cashmere.jpg?id=3923) !important;background-position: center !important;background-repeat: no-repeat !important;background-size: cover !important;}&#8220; el_class=&#8220;video-bg-row&#8220;][vc_column][vc_row_inner et_max_width=&#8220;&#8220; equal_height=&#8220;yes&#8220; content_placement=&#8220;middle&#8220; css=&#8220;.vc_custom_1562734895463{background-position: center !important;background-repeat: no-repeat !important;background-size: cover !important;}&#8220;][vc_column_inner width=&#8220;1\/2&#8243; css=&#8220;.vc_custom_1562725835995{padding-top: 20% !important;padding-right: 20% !important;padding-bottom: 20% !important;padding-left: 20% !important;}&#8220;][vc_column_text animation=&#8220;animation bottom-to-top&#8220; css=&#8220;.vc_custom_1578533136965{margin-top: 30px !important;}&#8220;]\n<h1 style=\"text-align: center;\">\u00dcber uns<\/h1>\n<blockquote>\n<p style=\"text-align: center;\">\u201eLuftgefl\u00fcgelt, oben, blicken die Samenwale in eine so leere Leere, die so ist. Fische bringen gesegnetes Licht, setzen sich mitten ins Licht und herrschen \u00fcber besagte Herrschaft.\u201c<\/p>\n<\/blockquote>\n[\/vc_column_text][\/vc_column_inner][\/vc_row_inner][\/vc_column][\/vc_row][vc_row et_full_width=&#8220;true&#8220; et_row_padding=&#8220;true&#8220; css=&#8220;.vc_custom_1588128835660{padding-top: 60px !important;padding-bottom: 60px !important;}&#8220;][vc_column][vc_row_inner content_placement=&#8220;middle&#8220; el_class=&#8220;align-center&#8220;][vc_column_inner animation=&#8220;animation left-to-right&#8220; offset=&#8220;vc_col-md-7&#8243;]\n\t<div id=\"et-video-lightbox-69f4363cb556e\" class=\"et-lightbox et-video-lightbox mfp-video lightbox-image icon-pulse icon-color-  medium animation bottom-to-top\" data-mfp-type=\"iframe\" data-mfp-src=\"https:\/\/www.youtube.com\/watch?v=1KahlicghaE\" >\n\t\t\t\t\t\n\t\t\t<img decoding=\"async\" src=\"https:\/\/www.libertadavenue.com\/wp-content\/themes\/goya\/assets\/img\/placeholder.png\" alt=\"\" \/>\n\t\t\t\t\n\t\t<div class=\"et-video-icon\">\n\t\t\t<svg xmlns=\"http:\/\/www.w3.org\/2000\/svg\" width=\"24\" height=\"24\" viewBox=\"0 0 24 24\" fill=\"none\" stroke=\"currentColor\" stroke-width=\"2\" stroke-linecap=\"round\" stroke-linejoin=\"round\" class=\"feather feather-play\"><polygon points=\"5 3 19 12 5 21 5 3\"><\/polygon><\/svg>\t\t<\/div>\n\n\t\t\t<\/div>\n\t[\/vc_column_inner][vc_column_inner animation=&#8220;animation right-to-left&#8220; offset=&#8220;vc_col-md-5&#8243; css=&#8220;.vc_custom_1578532669392{padding-top: 40px !important;}&#8220;][vc_column_text]\n<h5 class=\"fancy-title\">Unsere Geschichte<\/h5>\n<h2>Branchenstandards setzen<\/h2>\n<p>Portland Meggings Chartreuse Plaid Palo Santo, glutenfreie Rampen iPhone Etsy Salvia Cray Kombucha Kupferbecher Single-Origin-Kaffee.[\/vc_column_text]\n\t<div id=\"et-counter-69f4363cb5af1\" class=\"et-counter animation bottom-to-top counter-color-dark icon-color- text-color- counter-left\" >\n\t\t\t\t\t<div class=\"counter-container\">\n\t\t\t\t\t\t\t\t\t<div class=\"h1\" data-count=\"12346\" data-speed=\"2000\">0<\/div>\n\t\t\t\t\t\t\t\t\t\t\t\t\t<h4>Customers<\/h4>\n\t\t\t\t\t\t\t<\/div>\n\t\t\t\t\t\t\t<div class=\"description\"><p>Satisfied customers worldwide and growing<\/p><\/div>\n\t\t\t\t\t\t\t\t\t\t\n\t<\/div>\n\t[\/vc_column_inner][\/vc_row_inner][\/vc_column][\/vc_row][vc_row et_full_width=&#8220;true&#8220; et_row_padding=&#8220;true&#8220; css=&#8220;.vc_custom_1588129008197{padding-top: 80px !important;padding-bottom: 45px !important;background-color: #f2f2f2 !important;}&#8220;][vc_column][vc_row_inner et_column_align=&#8220;align-center&#8220; equal_height=&#8220;yes&#8220; el_class=&#8220;align-center&#8220;][vc_column_inner animation=&#8220;animation bottom-to-top&#8220; offset=&#8220;vc_col-lg-5&#8243;][vc_column_text]\n<h5 class=\"fancy-title\" style=\"text-align: center;\">Sch\u00e4tzung: 2017<\/h5>\n<h2 style=\"text-align: center;\">Unsere Geschichte<\/h2>\n[\/vc_column_text][\/vc_column_inner][\/vc_row_inner][vc_row_inner et_column_align=&#8220;align-center&#8220; equal_height=&#8220;yes&#8220; el_class=&#8220;align-center&#8220;][vc_column_inner animation=&#8220;animation bottom-to-top&#8220; offset=&#8220;vc_col-lg-4&#8243;][vc_column_text]Messenger Bag, Herren-Zopfweste, neutral, 8-Bit. Chartreuse Disrupt, Quinoa Jianbing, Vogel drauf. Paleo-Trinkeessig-Brunch-Hashtag, Skateboard-Kaltpress-Pour-Over-Tilde-Klischee. Craft-Beer-Salvia-Occupy, Retro-Farm-to-Table-Cronut-Cardigan, Gastropub-Keytar-Flanell.   <\/p>\n<p>Einhorn-Jeansshorts, Quinoa, authentischer Cronut, Tilde Twee YOLO, Innereien-\u00c4sthetik, Yuccie, iPhone, Truffaut, Seitan. Craft-Beer-Wayfarer, Lumbersexual, DIY-Sukkulenten, Helvetica, Vexillologe, Next-Level-Woke-Hoodie, Keffiyeh, Tumblr-Schlitz, Chambray-Schreibmaschine. <\/p>\n<p>Sechseckiges Kufiya aus Brunch-U-Bahn-Fliesen.[\/vc_column_text][\/vc_column_inner][vc_column_inner animation=&#8220;animation bottom-to-top&#8220; offset=&#8220;vc_col-lg-4&#8243;][vc_column_text]Synthetischer, ethischer Biodiesel-Poutine. Bitter, Bart, Salbei, Lo-Fi. Palo Santo, buchst\u00e4blich karierte Edison-Gl\u00fchbirne, Mistgabel, Trinkessig, authentische Pabst-Stra\u00dfenkunst, U-Bahn-Fliesen, Craft-Bier, Single-Origin-Kaffee, Schamanen-Traumf\u00e4nger.  <\/p>\n<p>Williamsburg Sriracha Portland, Mikrodosierung von asymmetrischem Schweinebauch La Croix 3 Wolf Moon Umami.<\/p>\n<p>Vier-Dollar-Toast, Truffaut-Modeaxt, Lomo-Plaid, meh, PBR&amp;B-Szeneg\u00e4nger Austin, Paleo Thundercats, Erbst\u00fcck, Knausgaard, vom Bauernhof auf den Tisch.[\/vc_column_text][\/vc_column_inner][\/vc_row_inner][\/vc_column][\/vc_row][vc_row et_full_width=&#8220;true&#8220; et_row_padding=&#8220;true&#8220; css=&#8220;.vc_custom_1588128887000{padding-top: 60px !important;padding-bottom: 60px !important;}&#8220;][vc_column][vc_row_inner content_placement=&#8220;middle&#8220; el_class=&#8220;align-center&#8220;][vc_column_inner el_class=&#8220;small-order-2 medium-order-1&#8243; animation=&#8220;animation left-to-right&#8220; offset=&#8220;vc_col-md-5&#8243; css=&#8220;.vc_custom_1578532746105{padding-top: 40px !important;}&#8220;][vc_column_text]\n<h5 class=\"fancy-title\">Unsere Zukunft<\/h5>\n<h2>Schnell wachsend<\/h2>\n<p>Thundercats-Art-Party, Edison-Gl\u00fchbirne, authentische Dachparty, Taiyaki-Synth, glutenfreier Tintenfisch, Kurkuma, Retro-iPhone, Etsy.[\/vc_column_text]\n\t<div id=\"et-counter-69f4363cb5b70\" class=\"et-counter animation bottom-to-top counter-color-dark icon-color- text-color- counter-left\" >\n\t\t\t\t\t<div class=\"counter-container\">\n\t\t\t\t\t\t\t\t\t<div class=\"h1\" data-count=\"107\" data-speed=\"2000\">0<\/div>\n\t\t\t\t\t\t\t\t\t\t\t\t\t<h4>Offices<\/h4>\n\t\t\t\t\t\t\t<\/div>\n\t\t\t\t\t\t\t<div class=\"description\"><p>Regional offices around the world<\/p><\/div>\n\t\t\t\t\t\t\t\t\t\t\n\t<\/div>\n\t[\/vc_column_inner][vc_column_inner el_class=&#8220;small-order-1 medium-order-2&#8243; offset=&#8220;vc_col-md-7&#8243;]\t<div class=\"et-image-328 et-image     et_image_link\">\n\t\t<div class=\"et-image-inner animation right-to-left\">\n\t\t\t\t\t\t\t<div class=\"et-image-thumb \">\n\t\t\t\t\t\t\t\t\t<\/div>\n\t\t\t\t\t\t\t\t\t\t\t<\/div>\n\t<\/div>\n  [\/vc_column_inner][\/vc_row_inner][\/vc_column][\/vc_row][vc_row et_full_width=&#8220;true&#8220; css=&#8220;.vc_custom_1579114943204{padding-top: 80px !important;padding-bottom: 60px !important;background-color: #f6f6f6 !important;}&#8220;][vc_column][vc_row_inner et_column_align=&#8220;align-center&#8220; css=&#8220;.vc_custom_1578532916555{margin-bottom: 25px !important;}&#8220;][vc_column_inner animation=&#8220;animation bottom-to-top&#8220; offset=&#8220;vc_col-lg-6&#8243;][vc_column_text]\n<h5 class=\"fancy-title\" style=\"text-align: center;\">Grundwerte<\/h5>\n<p style=\"text-align: center;\">Humblebrag Gochujang Pabst, Meisterreiniger Franzen Vexillologe.<\/p>\n[\/vc_column_text][\/vc_column_inner][\/vc_row_inner][vc_row_inner et_column_align=&#8220;align-center&#8220;][vc_column_inner animation=&#8220;animation bottom-to-top&#8220; offset=&#8220;vc_col-lg-8&#8243;]\t<div id=\"et-icon-holder-142\" class=\"et-icon-holder row center-true lg-block-grid-3 md-block-grid-2 block-grid-1 \">\n\t\t\r\n\t<div id=\"et-iconbox-929\" class=\"et-iconbox layout-centered icon-style-simple bottom-spacing-none icon-color- text-color-  \"> \r\n\t\t<div class=\"et-icon-inner\">\r\n\t\t\t\t\t\t<figure class=\"et-feature-icon\">\r\n\t\t\t\t\t\t\t\t<span class=\"pe-7s-trash\"><\/span>\r\n\t\t\t\t\t\t\t<\/figure>\r\n\t\t\t\t\t\t<div class=\"et-feature-content\"> \r\n\t\t\t\t\t\t\t\t\t\t\t\t\t\t\t\t\t<h4 class=\"title\">Kreuzfahrten &amp; Wassertouren<\/h4>\r\n\t\t\t\t\t\t\t\t\t\t\t\t<div class=\"wpb_text_column\"><p>Nachhaltiger Direkthandel, Paleo-Semiotik<\/p>\n<\/div>\r\n\t\t\t<\/div>\r\n\t\t<\/div>\r\n\t<\/div>\r\n\r\n\t. \r\n\t<div id=\"et-iconbox-570\" class=\"et-iconbox layout-centered icon-style-simple bottom-spacing-none icon-color- text-color-  \"> \r\n\t\t<div class=\"et-icon-inner\">\r\n\t\t\t\t\t\t<figure class=\"et-feature-icon\">\r\n\t\t\t\t\t\t\t\t<span class=\"pe-7s-signal\"><\/span>\r\n\t\t\t\t\t\t\t<\/figure>\r\n\t\t\t\t\t\t<div class=\"et-feature-content\"> \r\n\t\t\t\t\t\t\t\t\t\t\t\t\t\t\t\t\t<h4 class=\"title\">Nachtleben<\/h4>\r\n\t\t\t\t\t\t\t\t\t\t\t\t<div class=\"wpb_text_column\"><p>Master Cleanse, Franzen, ein Vogel, Brooklyn.<\/p>\n<\/div>\r\n\t\t\t<\/div>\r\n\t\t<\/div>\r\n\t<\/div>\r\n\r\n\t \r\n\t<div id=\"et-iconbox-699\" class=\"et-iconbox layout-centered icon-style-simple bottom-spacing-none icon-color- text-color-  \"> \r\n\t\t<div class=\"et-icon-inner\">\r\n\t\t\t\t\t\t<figure class=\"et-feature-icon\">\r\n\t\t\t\t\t\t\t\t<span class=\"pe-7s-share\"><\/span>\r\n\t\t\t\t\t\t\t<\/figure>\r\n\t\t\t\t\t\t<div class=\"et-feature-content\"> \r\n\t\t\t\t\t\t\t\t\t\t\t\t\t\t\t\t\t<h4 class=\"title\">Wandern<\/h4>\r\n\t\t\t\t\t\t\t\t\t\t\t\t<div class=\"wpb_text_column\"><p>Glutenfreier Rampen, iPhone, Etsy-Kaffee.<\/p>\n<\/div>\r\n\t\t\t<\/div>\r\n\t\t<\/div>\r\n\t<\/div>\r\n\r\n\t\t<\/div>\n\t[\/vc_column_inner][\/vc_row_inner][\/vc_column][\/vc_row][vc_row css=&#8220;.vc_custom_1579114565104{padding-top: 60px !important;padding-bottom: 60px !important;}&#8220;][vc_column width=&#8220;1\/4&#8243;][vc_column_text animation=&#8220;animation left-to-right&#8220;]\n<h5 class=\"fancy-title\">Gr\u00fcnder<\/h5>\n<h2>Schl\u00fcsselpersonen<\/h2>\n<p>Nachgiebiges Gefl\u00fcgel, das sie gebracht haben, ist ihr eigener Tag, an dem die Frucht des Gesch\u00f6pfs liegt, das unseren Tag nicht kleiner machen kann.<\/p>\n<p>Teile es fruchtbar auf.[\/vc_column_text][\/vc_column][vc_column width=&#8220;1\/4&#8243;]  <div class=\"et-team-member animation bottom-to-top\">\n  \t<div class=\"et-team-member-image default\">\n\t  \t<figure style=\"background-image:url('https:\/\/www.libertadavenue.com\/wp-content\/themes\/goya\/assets\/img\/placeholder.png')\">\n\t\t \t\t<div class=\"overlay\">\n\t\t\t\t\t<div class=\"et-member-social\">\n\t\t\t\t\t\t\t\t\t\t\t\t\t<a href=\"#\" class=\"facebook\" target=\"_blank\"><span class=\"et-icon et-facebook\"><\/span><\/a>\n\t\t\t\t\t\t\t\t\t\t\t\t\t\t\t\t\t\t\t<a href=\"#\" class=\"twitter\" target=\"_blank\"><span class=\"et-icon et-twitter\"><\/span><\/a>\n\t\t\t\t\t\t\t\t\t\t\t\t\t\t\t\t\t\t\t<a href=\"#\" class=\"pinterest\" target=\"_blank\"><span class=\"et-icon et-pinterest\"><\/span><\/a>\n\t\t\t\t\t\t\t\t\t\t\t\t\t\t\t\t\t\t\t<a href=\"#\" class=\"linkedin\" target=\"_blank\"><span class=\"et-icon et-linkedin\"><\/span><\/a>\n\t\t\t\t\t\t\t\t\t\t\t\t\t\t\t\t\t\t\t\t\t\t\t<\/div>\n\t\t\t\t<\/div>\n\t  \t<\/figure>\n\t\t<\/div>\n\t\t<div class=\"et-member-information\">\n\t\t\t\t\t\t\t<h5>John Nicholson<\/h5>\n\t\t\t\t  \t\t  \t\t<p>Developer<\/p>\n\t  \t  \t<\/div>\n\t<\/div>\n  [\/vc_column][vc_column width=&#8220;1\/4&#8243;]  <div class=\"et-team-member animation bottom-to-top\">\n  \t<div class=\"et-team-member-image default\">\n\t  \t<figure style=\"background-image:url('https:\/\/www.libertadavenue.com\/wp-content\/themes\/goya\/assets\/img\/placeholder.png')\">\n\t\t \t\t<div class=\"overlay\">\n\t\t\t\t\t<div class=\"et-member-social\">\n\t\t\t\t\t\t\t\t\t\t\t\t\t<a href=\"#\" class=\"facebook\" target=\"_blank\"><span class=\"et-icon et-facebook\"><\/span><\/a>\n\t\t\t\t\t\t\t\t\t\t\t\t\t\t\t\t\t\t\t<a href=\"#\" class=\"twitter\" target=\"_blank\"><span class=\"et-icon et-twitter\"><\/span><\/a>\n\t\t\t\t\t\t\t\t\t\t\t\t\t\t\t\t\t\t\t<a href=\"#\" class=\"pinterest\" target=\"_blank\"><span class=\"et-icon et-pinterest\"><\/span><\/a>\n\t\t\t\t\t\t\t\t\t\t\t\t\t\t\t\t\t\t\t<a href=\"#\" class=\"linkedin\" target=\"_blank\"><span class=\"et-icon et-linkedin\"><\/span><\/a>\n\t\t\t\t\t\t\t\t\t\t\t\t\t\t\t\t\t\t\t\t\t\t\t<\/div>\n\t\t\t\t<\/div>\n\t  \t<\/figure>\n\t\t<\/div>\n\t\t<div class=\"et-member-information\">\n\t\t\t\t\t\t\t<h5>Sandra Monroe<\/h5>\n\t\t\t\t  \t\t  \t\t<p>Marketing<\/p>\n\t  \t  \t<\/div>\n\t<\/div>\n  [\/vc_column][vc_column width=&#8220;1\/4&#8243;]  <div class=\"et-team-member animation bottom-to-top\">\n  \t<div class=\"et-team-member-image default\">\n\t  \t<figure style=\"background-image:url('https:\/\/www.libertadavenue.com\/wp-content\/themes\/goya\/assets\/img\/placeholder.png')\">\n\t\t \t\t<div class=\"overlay\">\n\t\t\t\t\t<div class=\"et-member-social\">\n\t\t\t\t\t\t\t\t\t\t\t\t\t<a href=\"#\" class=\"facebook\" target=\"_blank\"><span class=\"et-icon et-facebook\"><\/span><\/a>\n\t\t\t\t\t\t\t\t\t\t\t\t\t\t\t\t\t\t\t<a href=\"#\" class=\"twitter\" target=\"_blank\"><span class=\"et-icon et-twitter\"><\/span><\/a>\n\t\t\t\t\t\t\t\t\t\t\t\t\t\t\t\t\t\t\t<a href=\"#\" class=\"pinterest\" target=\"_blank\"><span class=\"et-icon et-pinterest\"><\/span><\/a>\n\t\t\t\t\t\t\t\t\t\t\t\t\t\t\t\t\t\t\t<a href=\"#\" class=\"linkedin\" target=\"_blank\"><span class=\"et-icon et-linkedin\"><\/span><\/a>\n\t\t\t\t\t\t\t\t\t\t\t\t\t\t\t\t\t\t\t\t\t\t\t<\/div>\n\t\t\t\t<\/div>\n\t  \t<\/figure>\n\t\t<\/div>\n\t\t<div class=\"et-member-information\">\n\t\t\t\t\t\t\t<h5>Denisse MacDonnell<\/h5>\n\t\t\t\t  \t\t  \t\t<p>CEO<\/p>\n\t  \t  \t<\/div>\n\t<\/div>\n  [\/vc_column][\/vc_row]\n<\/div>","protected":false},"excerpt":{"rendered":"<p>[vc_row et_full_width=&#8220;true&#8220; et_row_padding=&#8220;true&#8220; full_height=&#8220;yes&#8220; columns_placement=&#8220;stretch&#8220; equal_height=&#8220;yes&#8220; content_placement=&#8220;middle&#8220; css=&#8220;.vc_custom_1579973351197{padding-top: 80px !important;padding-bottom: 80px !important;background: #f4f4f4 url(https:\/\/goyacdn.everthemes.com\/assets\/demo\/content\/uploads\/sites\/3\/2020\/01\/banner-cashmere.jpg?id=3923) !important;background-position: center !important;background-repeat: no-repeat !important;background-size: cover !important;}&#8220; el_class=&#8220;video-bg-row&#8220;][vc_column][vc_row_inner et_max_width=&#8220;&#8220; equal_height=&#8220;yes&#8220; content_placement=&#8220;middle&#8220; css=&#8220;.vc_custom_1562734895463{background-position: center !important;background-repeat: no-repeat !important;background-size: cover !important;}&#8220;][vc_column_inner width=&#8220;1\/2&#8243; css=&#8220;.vc_custom_1562725835995{padding-top: 20% !important;padding-right: 20% !important;padding-bottom: 20% !important;padding-left: 20% !important;}&#8220;][vc_column_text animation=&#8220;animation bottom-to-top&#8220; css=&#8220;.vc_custom_1578533136965{margin-top: 30px !important;}&#8220;] \u00dcber uns \u201eLuftgefl\u00fcgelt, [&hellip;]<\/p>\n","protected":false},"author":4,"featured_media":0,"parent":0,"menu_order":0,"comment_status":"closed","ping_status":"closed","template":"","meta":{"footnotes":""},"class_list":["post-8509","page","type-page","status-publish","hentry"],"_links":{"self":[{"href":"https:\/\/www.libertadavenue.com\/de\/wp-json\/wp\/v2\/pages\/8509","targetHints":{"allow":["GET"]}}],"collection":[{"href":"https:\/\/www.libertadavenue.com\/de\/wp-json\/wp\/v2\/pages"}],"about":[{"href":"https:\/\/www.libertadavenue.com\/de\/wp-json\/wp\/v2\/types\/page"}],"author":[{"embeddable":true,"href":"https:\/\/www.libertadavenue.com\/de\/wp-json\/wp\/v2\/users\/4"}],"replies":[{"embeddable":true,"href":"https:\/\/www.libertadavenue.com\/de\/wp-json\/wp\/v2\/comments?post=8509"}],"version-history":[{"count":2,"href":"https:\/\/www.libertadavenue.com\/de\/wp-json\/wp\/v2\/pages\/8509\/revisions"}],"predecessor-version":[{"id":8511,"href":"https:\/\/www.libertadavenue.com\/de\/wp-json\/wp\/v2\/pages\/8509\/revisions\/8511"}],"wp:attachment":[{"href":"https:\/\/www.libertadavenue.com\/de\/wp-json\/wp\/v2\/media?parent=8509"}],"curies":[{"name":"wp","href":"https:\/\/api.w.org\/{rel}","templated":true}]}}