{"id":7745,"date":"2019-03-17T17:19:40","date_gmt":"2019-03-17T17:19:40","guid":{"rendered":"https:\/\/www.libertadavenue.com\/terms-conditions\/"},"modified":"2025-06-16T12:45:33","modified_gmt":"2025-06-16T10:45:33","slug":"terms-conditions","status":"publish","type":"page","link":"https:\/\/www.libertadavenue.com\/de\/terms-conditions\/","title":{"rendered":"Allgemeine Gesch\u00e4ftsbedingungen"},"content":{"rendered":"&#13;\n<h3 class=\"wp-block-heading\">Einf\u00fchrung<\/h3>&#13;\n&#13;\n<p>Die auf dieser Webseite aufgef\u00fchrten Standardbedingungen f\u00fcr Websites regeln Ihre Nutzung unserer Website (Websitename), die unter Website.com zug\u00e4nglich ist.<\/p>&#13;\n&#13;\n<p>Diese Bedingungen gelten uneingeschr\u00e4nkt und betreffen Ihre Nutzung dieser Website. Durch die Nutzung dieser Website erkl\u00e4ren Sie sich mit allen hier aufgef\u00fchrten Bedingungen einverstanden. Sie d\u00fcrfen diese Website nicht nutzen, wenn Sie mit den Allgemeinen Gesch\u00e4ftsbedingungen nicht einverstanden sind.  <\/p>&#13;\n&#13;\n<p>Minderj\u00e4hrigen oder Personen unter 18 Jahren ist die Nutzung dieser Website nicht gestattet.<\/p>&#13;\n&#13;\n<h3 class=\"wp-block-heading\">Geistige Eigentumsrechte<\/h3>&#13;\n&#13;\n<p>Mit Ausnahme der Inhalte, die Ihnen geh\u00f6ren, besitzen gem\u00e4\u00df diesen Bedingungen Goya WordPress Theme und\/oder seine Lizenzgeber alle geistigen Eigentumsrechte und Materialien, die auf dieser Website enthalten sind.<\/p>&#13;\n&#13;\n<p>Ihnen wird eine eingeschr\u00e4nkte Lizenz nur zum Anzeigen des auf dieser Website enthaltenen Materials gew\u00e4hrt.<\/p>&#13;\n&#13;\n<h3 class=\"wp-block-heading\">Einschr\u00e4nkungen<\/h3>&#13;\n&#13;\n<p>Folgendes ist Ihnen ausdr\u00fccklich untersagt:<\/p>&#13;\n&#13;\n<ul class=\"wp-block-list\">&#13;\n<li>Ver\u00f6ffentlichung von Website-Material in anderen Medien;<\/li>&#13;\n<li>Verkauf, Unterlizenzierung und\/oder anderweitige Kommerzialisierung von Website-Material;<\/li>&#13;\n<li>\u00f6ffentliches Auff\u00fchren und\/oder Vorf\u00fchren von Website-Material;<\/li>&#13;\n<li>diese Website in einer Weise zu nutzen, die dieser Website schadet oder schaden k\u00f6nnte;<\/li>&#13;\n<li>diese Website in einer Weise zu nutzen, die den Benutzerzugriff auf diese Website beeintr\u00e4chtigt;<\/li>&#13;\n<li>die Nutzung dieser Website entgegen geltenden Gesetzen und Vorschriften oder in irgendeiner Weise, die der Website oder einer nat\u00fcrlichen oder gesch\u00e4ftlichen Einheit Schaden zuf\u00fcgen kann;<\/li>&#13;\n<li>Durchf\u00fchrung von Data Mining, Data Harvesting, Datenextraktion oder anderen \u00e4hnlichen Aktivit\u00e4ten im Zusammenhang mit dieser Website;<\/li>&#13;\n<li>Nutzung dieser Website f\u00fcr Werbe- oder Marketingzwecke.<\/li>&#13;\n<\/ul>&#13;\n&#13;\n<p>Bestimmte Bereiche dieser Website sind f\u00fcr Sie nicht zug\u00e4nglich. Goya WordPress Theme kann Ihren Zugriff auf alle Bereiche dieser Website jederzeit nach eigenem Ermessen einschr\u00e4nken. Ihre Benutzerkennung und Ihr Passwort f\u00fcr diese Website sind vertraulich und m\u00fcssen von Ihnen ebenfalls vertraulich behandelt werden. <\/p>&#13;\n&#13;\n<h3 class=\"wp-block-heading\">Ihr Inhalt<\/h3>&#13;\n&#13;\n<p>In diesen Allgemeinen Gesch\u00e4ftsbedingungen der Website bezeichnet \u201eIhre Inhalte\u201c s\u00e4mtliche Audio-, Videotexte, Bilder und sonstige Materialien, die Sie auf dieser Website anzeigen. Durch die Anzeige Ihrer Inhalte erteilen Sie Goya WordPress Theme eine nicht exklusive, weltweite, unwiderrufliche und unterlizenzierbare Lizenz zur Nutzung, Vervielf\u00e4ltigung, Anpassung, Ver\u00f6ffentlichung, \u00dcbersetzung und Verbreitung in allen Medien. <\/p>&#13;\n&#13;\n<p>Ihre Inhalte m\u00fcssen Ihre eigenen sein und d\u00fcrfen keine Rechte Dritter verletzen. Goya WordPress Theme beh\u00e4lt sich das Recht vor, Ihre Inhalte jederzeit und ohne Vorank\u00fcndigung von dieser Website zu entfernen. <\/p>&#13;\n&#13;\n<h3 class=\"wp-block-heading\">Keine Garantien<\/h3>&#13;\n&#13;\n<p>Diese Website wird \u201ewie besehen\u201c mit allen M\u00e4ngeln bereitgestellt. Goya WordPress Theme \u00fcbernimmt keinerlei Zusicherungen oder Gew\u00e4hrleistungen in Bezug auf diese Website oder die darauf enthaltenen Materialien. Dar\u00fcber hinaus darf nichts auf dieser Website als Beratung ausgelegt werden. <\/p>&#13;\n&#13;\n<h3 class=\"wp-block-heading\">Haftungsbeschr\u00e4nkung<\/h3>&#13;\n&#13;\n<p>Goya WordPress Theme, seine leitenden Angestellten, Direktoren und Mitarbeiter haften in keinem Fall f\u00fcr Sch\u00e4den, die sich aus Ihrer Nutzung dieser Website ergeben oder damit in Zusammenhang stehen, unabh\u00e4ngig davon, ob diese Haftung vertraglich geregelt ist. Goya WordPress Theme, seine leitenden Angestellten, Direktoren und Mitarbeiter haften nicht f\u00fcr indirekte, Folge- oder besondere Sch\u00e4den, die sich aus Ihrer Nutzung dieser Website ergeben oder damit in Zusammenhang stehen. <\/p>&#13;\n&#13;\n<h3 class=\"wp-block-heading\">Schadloshaltung: Sie stellen Goya WordPress Theme hiermit im gr\u00f6\u00dftm\u00f6glichen Umfang von allen Verbindlichkeiten, Kosten, Forderungen, Klagegr\u00fcnden, Sch\u00e4den und Aufwendungen frei, die in irgendeiner Weise im Zusammenhang mit Ihrem Versto\u00df gegen eine der Bestimmungen dieser Bedingungen entstehen.<\/h3>&#13;\n&#13;\n<h3 class=\"wp-block-heading\">Salvatorische Klausel<\/h3>&#13;\n&#13;\n<p>Sollte sich eine Bestimmung dieser Bedingungen nach geltendem Recht als ung\u00fcltig erweisen, wird diese Bestimmung gel\u00f6scht, ohne dass dies Auswirkungen auf die \u00fcbrigen Bestimmungen hat.<\/p>&#13;\n&#13;\n<h3 class=\"wp-block-heading\">Variation der Begriffe<\/h3>&#13;\n&#13;\n<p>Goya WordPress Theme ist berechtigt, diese Bedingungen jederzeit nach eigenem Ermessen zu \u00fcberpr\u00fcfen, und durch die Nutzung dieser Website wird von Ihnen erwartet, dass Sie diese Bedingungen regelm\u00e4\u00dfig \u00fcberpr\u00fcfen.<\/p>&#13;\n&#13;\n<h3 class=\"wp-block-heading\">Abtretung<\/h3>&#13;\n&#13;\n<p>Das Goya WordPress Theme ist berechtigt, seine Rechte und\/oder Pflichten aus diesen Bedingungen ohne vorherige Ank\u00fcndigung abzutreten, zu \u00fcbertragen und weiterzugeben. Sie sind jedoch nicht berechtigt, Ihre Rechte und\/oder Pflichten aus diesen Bedingungen abzutreten, zu \u00fcbertragen oder weiterzugeben. <\/p>&#13;\n&#13;\n<h3 class=\"wp-block-heading\">Gesamte Vereinbarung<\/h3>&#13;\n&#13;\n<p>Diese Bedingungen stellen die gesamte Vereinbarung zwischen Goya WordPress Theme und Ihnen in Bezug auf Ihre Nutzung dieser Website dar und ersetzen alle vorherigen Vereinbarungen und Absprachen.<\/p>&#13;\n&#13;\n<h3 class=\"wp-block-heading\">Geltendes Recht und Gerichtsstand<\/h3>&#13;\n&#13;\n<p>Diese Bedingungen unterliegen den Gesetzen des Staates des Landes und werden in \u00dcbereinstimmung mit diesen Gesetzen ausgelegt. Sie unterwerfen sich der nicht ausschlie\u00dflichen Gerichtsbarkeit der Staats- und Bundesgerichte im Land zur Beilegung etwaiger Streitigkeiten.<\/p>&#13;\n","protected":false},"excerpt":{"rendered":"<p>&#13; Einf\u00fchrung &#13; &#13; Die auf dieser Webseite aufgef\u00fchrten Standardbedingungen f\u00fcr Websites regeln Ihre Nutzung unserer Website (Websitename), die unter Website.com zug\u00e4nglich ist. &#13; &#13; Diese Bedingungen gelten uneingeschr\u00e4nkt und betreffen Ihre Nutzung dieser Website. Durch die Nutzung dieser Website erkl\u00e4ren Sie sich mit allen hier aufgef\u00fchrten Bedingungen einverstanden. Sie [&hellip;]<\/p>\n","protected":false},"author":4,"featured_media":0,"parent":0,"menu_order":0,"comment_status":"closed","ping_status":"closed","template":"","meta":{"footnotes":""},"class_list":["post-7745","page","type-page","status-publish","hentry"],"_links":{"self":[{"href":"https:\/\/www.libertadavenue.com\/de\/wp-json\/wp\/v2\/pages\/7745","targetHints":{"allow":["GET"]}}],"collection":[{"href":"https:\/\/www.libertadavenue.com\/de\/wp-json\/wp\/v2\/pages"}],"about":[{"href":"https:\/\/www.libertadavenue.com\/de\/wp-json\/wp\/v2\/types\/page"}],"author":[{"embeddable":true,"href":"https:\/\/www.libertadavenue.com\/de\/wp-json\/wp\/v2\/users\/4"}],"replies":[{"embeddable":true,"href":"https:\/\/www.libertadavenue.com\/de\/wp-json\/wp\/v2\/comments?post=7745"}],"version-history":[{"count":5,"href":"https:\/\/www.libertadavenue.com\/de\/wp-json\/wp\/v2\/pages\/7745\/revisions"}],"predecessor-version":[{"id":8260,"href":"https:\/\/www.libertadavenue.com\/de\/wp-json\/wp\/v2\/pages\/7745\/revisions\/8260"}],"wp:attachment":[{"href":"https:\/\/www.libertadavenue.com\/de\/wp-json\/wp\/v2\/media?parent=7745"}],"curies":[{"name":"wp","href":"https:\/\/api.w.org\/{rel}","templated":true}]}}