{"id":7738,"date":"2025-06-05T13:59:24","date_gmt":"2025-06-05T11:59:24","guid":{"rendered":"https:\/\/www.libertadavenue.com\/?page_id=7738"},"modified":"2025-07-18T11:50:37","modified_gmt":"2025-07-18T09:50:37","slug":"size-guide","status":"publish","type":"page","link":"https:\/\/www.libertadavenue.com\/de\/size-guide\/","title":{"rendered":"Gr\u00f6\u00dfentabelle"},"content":{"rendered":"&#13;\n<h4 class=\"has-text-align-center wp-block-heading\">DAMEN \/ SHIRTS<\/h4>&#13;\n&#13;\n<p>Die GOYA-Gr\u00f6\u00dfen sind auf die folgenden K\u00f6rperma\u00dfe abgestimmt. Bei manchen Marken k\u00f6nnen die angegebenen Ma\u00dfe abweichen, Sie k\u00f6nnen diese jedoch als Richtlinie verwenden. <\/p>&#13;\n&#13;\n<figure class=\"wp-block-table is-style-stripes size-guide\">&#13;\n<table>&#13;\n<thead>&#13;\n<tr>&#13;\n<th>Gr\u00f6\u00dfe<\/th>&#13;\n<th>B\u00fcste<\/th>&#13;\n<th>Taille<\/th>&#13;\n<th>Niedrige H\u00fcfte<\/th>&#13;\n<\/tr>&#13;\n<\/thead>&#13;\n<tbody>&#13;\n<tr>&#13;\n<td>4<\/td>&#13;\n<td>79<\/td>&#13;\n<td>60<\/td>&#13;\n<td>84<\/td>&#13;\n<\/tr>&#13;\n<tr>&#13;\n<td>6<\/td>&#13;\n<td>81.5<\/td>&#13;\n<td>62.5<\/td>&#13;\n<td>86.5<\/td>&#13;\n<\/tr>&#13;\n<tr>&#13;\n<td>8<\/td>&#13;\n<td>84<\/td>&#13;\n<td>65<\/td>&#13;\n<td>89<\/td>&#13;\n<\/tr>&#13;\n<tr>&#13;\n<td>10<\/td>&#13;\n<td>89<\/td>&#13;\n<td>70<\/td>&#13;\n<td>94<\/td>&#13;\n<\/tr>&#13;\n<tr>&#13;\n<td>12<\/td>&#13;\n<td>94<\/td>&#13;\n<td>75<\/td>&#13;\n<td>99<\/td>&#13;\n<\/tr>&#13;\n<tr>&#13;\n<td>14<\/td>&#13;\n<td>99<\/td>&#13;\n<td>80<\/td>&#13;\n<td>104<\/td>&#13;\n<\/tr>&#13;\n<tr>&#13;\n<td>16<\/td>&#13;\n<td>104<\/td>&#13;\n<td>85<\/td>&#13;\n<td>109<\/td>&#13;\n<\/tr>&#13;\n<tr>&#13;\n<td>18<\/td>&#13;\n<td>111<\/td>&#13;\n<td>92<\/td>&#13;\n<td>116<\/td>&#13;\n<\/tr>&#13;\n<\/tbody>&#13;\n<\/table>&#13;\n<\/figure>&#13;\n&#13;\n<p>Die L\u00e4nge der GOYA-Kleidungsst\u00fccke variiert je nach Stil. Die artikelspezifischen L\u00e4ngenangaben finden Sie unter \u201eInfo &amp; Pflege\u201c auf den einzelnen Produktseiten. <\/p>&#13;\n&#13;\n<h3 class=\"wp-block-heading\">Internationale Konvertierungen<\/h3>&#13;\n&#13;\n<figure class=\"wp-block-table size-guide is-style-stripes\">&#13;\n<table>&#13;\n<thead>&#13;\n<tr>&#13;\n<th>Vereinigtes K\u00f6nigreich<\/th>&#13;\n<th>USA<\/th>&#13;\n<th>EU<\/th>&#13;\n<th>ARTIKEL<\/th>&#13;\n<\/tr>&#13;\n<\/thead>&#13;\n<tbody>&#13;\n<tr>&#13;\n<td>2<\/td>&#13;\n<td>00<\/td>&#13;\n<td>30<\/td>&#13;\n<td>34<\/td>&#13;\n<\/tr>&#13;\n<tr>&#13;\n<td>4<\/td>&#13;\n<td>0<\/td>&#13;\n<td>32<\/td>&#13;\n<td>36<\/td>&#13;\n<\/tr>&#13;\n<tr>&#13;\n<td>6<\/td>&#13;\n<td>2<\/td>&#13;\n<td>34<\/td>&#13;\n<td>38<\/td>&#13;\n<\/tr>&#13;\n<tr>&#13;\n<td>8<\/td>&#13;\n<td>4<\/td>&#13;\n<td>36<\/td>&#13;\n<td>40<\/td>&#13;\n<\/tr>&#13;\n<tr>&#13;\n<td>10<\/td>&#13;\n<td>6<\/td>&#13;\n<td>38<\/td>&#13;\n<td>42<\/td>&#13;\n<\/tr>&#13;\n<tr>&#13;\n<td>12<\/td>&#13;\n<td>8<\/td>&#13;\n<td>40<\/td>&#13;\n<td>44<\/td>&#13;\n<\/tr>&#13;\n<tr>&#13;\n<td>14<\/td>&#13;\n<td>10<\/td>&#13;\n<td>42<\/td>&#13;\n<td>46<\/td>&#13;\n<\/tr>&#13;\n<tr>&#13;\n<td>16<\/td>&#13;\n<td>12<\/td>&#13;\n<td>44<\/td>&#13;\n<td>48<\/td>&#13;\n<\/tr>&#13;\n<tr>&#13;\n<td>18<\/td>&#13;\n<td>14<\/td>&#13;\n<td>46<\/td>&#13;\n<td>50<\/td>&#13;\n<\/tr>&#13;\n<tr>&#13;\n<td>20<\/td>&#13;\n<td>16<\/td>&#13;\n<td>48<\/td>&#13;\n<td>52<\/td>&#13;\n<\/tr>&#13;\n<tr>&#13;\n<td>22<\/td>&#13;\n<td>18<\/td>&#13;\n<td>50<\/td>&#13;\n<td>54<\/td>&#13;\n<\/tr>&#13;\n<tr>&#13;\n<td>24<\/td>&#13;\n<td>20<\/td>&#13;\n<td>52<\/td>&#13;\n<td>56<\/td>&#13;\n<\/tr>&#13;\n<tr>&#13;\n<td>26<\/td>&#13;\n<td>22<\/td>&#13;\n<td>54<\/td>&#13;\n<td>58<\/td>&#13;\n<\/tr>&#13;\n<tr>&#13;\n<td>28<\/td>&#13;\n<td>24<\/td>&#13;\n<td>56<\/td>&#13;\n<td>60<\/td>&#13;\n<\/tr>&#13;\n<tr>&#13;\n<td>30<\/td>&#13;\n<td>26<\/td>&#13;\n<td>58<\/td>&#13;\n<td>62<\/td>&#13;\n<\/tr>&#13;\n<\/tbody>&#13;\n<\/table>&#13;\n<\/figure>&#13;\n&#13;\n<figure class=\"wp-block-table is-style-stripes size-guide\">&#13;\n<table>&#13;\n<thead>&#13;\n<tr>&#13;\n<th>Vereinigtes K\u00f6nigreich<\/th>&#13;\n<th>AU<\/th>&#13;\n<th>Vereinigtes K\u00f6nigreich<\/th>&#13;\n<\/tr>&#13;\n<\/thead>&#13;\n<tbody>&#13;\n<tr>&#13;\n<td>2<\/td>&#13;\n<td>2<\/td>&#13;\n<td>36\/38<\/td>&#13;\n<\/tr>&#13;\n<tr>&#13;\n<td>4<\/td>&#13;\n<td>4<\/td>&#13;\n<td>38<\/td>&#13;\n<\/tr>&#13;\n<tr>&#13;\n<td>6<\/td>&#13;\n<td>6<\/td>&#13;\n<td>38\/40<\/td>&#13;\n<\/tr>&#13;\n<tr>&#13;\n<td>8<\/td>&#13;\n<td>8<\/td>&#13;\n<td>40<\/td>&#13;\n<\/tr>&#13;\n<tr>&#13;\n<td>10<\/td>&#13;\n<td>10<\/td>&#13;\n<td>42\/44<\/td>&#13;\n<\/tr>&#13;\n<tr>&#13;\n<td>12<\/td>&#13;\n<td>12<\/td>&#13;\n<td>46<\/td>&#13;\n<\/tr>&#13;\n<tr>&#13;\n<td>14<\/td>&#13;\n<td>14<\/td>&#13;\n<td>48<\/td>&#13;\n<\/tr>&#13;\n<tr>&#13;\n<td>16<\/td>&#13;\n<td>16<\/td>&#13;\n<td>50<\/td>&#13;\n<\/tr>&#13;\n<tr>&#13;\n<td>18<\/td>&#13;\n<td>18<\/td>&#13;\n<td>54<\/td>&#13;\n<\/tr>&#13;\n<tr>&#13;\n<td>20<\/td>&#13;\n<td>20<\/td>&#13;\n<td>58<\/td>&#13;\n<\/tr>&#13;\n<tr>&#13;\n<td>22<\/td>&#13;\n<td>22<\/td>&#13;\n<td>60\/62<\/td>&#13;\n<\/tr>&#13;\n<tr>&#13;\n<td>24<\/td>&#13;\n<td>24<\/td>&#13;\n<td>64<\/td>&#13;\n<\/tr>&#13;\n<tr>&#13;\n<td>26<\/td>&#13;\n<td>26<\/td>&#13;\n<td>66\/68<\/td>&#13;\n<\/tr>&#13;\n<tr>&#13;\n<td>28<\/td>&#13;\n<td>28<\/td>&#13;\n<td>70<\/td>&#13;\n<\/tr>&#13;\n<tr>&#13;\n<td>30<\/td>&#13;\n<td>30<\/td>&#13;\n<td>72\/74<\/td>&#13;\n<\/tr>&#13;\n<\/tbody>&#13;\n<\/table>&#13;\n<\/figure>&#13;\n&#13;\n<h3 class=\"wp-block-heading\">So messen Sie<\/h3>&#13;\n&#13;\n<figure class=\"wp-block-image size-large\"><img decoding=\"async\" class=\"wp-image-4035\" src=\"https:\/\/www.libertadavenue.com\/wp-content\/uploads\/2020\/02\/women-dress-measure.jpg\" alt=\"\"\/><\/figure>&#13;\n&#13;\n<p>Um die richtige Gr\u00f6\u00dfe f\u00fcr Sie zu w\u00e4hlen, messen Sie Ihren K\u00f6rper wie folgt:<\/p>&#13;\n&#13;\n<ol class=\"wp-block-list\">&#13;\n<li>Brustumfang &#8211; Messen Sie den Umfang an der breitesten Stelle<\/li>&#13;\n<li>Taille &#8211; Messen Sie um die nat\u00fcrliche Taille herum<\/li>&#13;\n<li>H\u00fcfte &#8211; Messen Sie 20 cm unterhalb der nat\u00fcrlichen Taille<\/li>&#13;\n<\/ol>&#13;\n&#13;\n<p>Die L\u00e4nge der GOYA-Kleidungsst\u00fccke variiert je nach Stil. Die artikelspezifischen L\u00e4ngenangaben finden Sie unter \u201eInfo &amp; Pflege\u201c auf den einzelnen Produktseiten. <\/p>&#13;\n","protected":false},"excerpt":{"rendered":"<p>&#13; DAMEN \/ SHIRTS &#13; &#13; Die GOYA-Gr\u00f6\u00dfen sind auf die folgenden K\u00f6rperma\u00dfe abgestimmt. Bei manchen Marken k\u00f6nnen die angegebenen Ma\u00dfe abweichen, Sie k\u00f6nnen diese jedoch als Richtlinie verwenden. &#13; &#13; &#13; &#13; &#13; &#13; Gr\u00f6\u00dfe &#13; B\u00fcste &#13; Taille &#13; Niedrige H\u00fcfte &#13; &#13; &#13; &#13; &#13; 4 &#13; [&hellip;]<\/p>\n","protected":false},"author":4,"featured_media":0,"parent":0,"menu_order":0,"comment_status":"closed","ping_status":"closed","template":"","meta":{"footnotes":""},"class_list":["post-7738","page","type-page","status-publish","hentry"],"_links":{"self":[{"href":"https:\/\/www.libertadavenue.com\/de\/wp-json\/wp\/v2\/pages\/7738","targetHints":{"allow":["GET"]}}],"collection":[{"href":"https:\/\/www.libertadavenue.com\/de\/wp-json\/wp\/v2\/pages"}],"about":[{"href":"https:\/\/www.libertadavenue.com\/de\/wp-json\/wp\/v2\/types\/page"}],"author":[{"embeddable":true,"href":"https:\/\/www.libertadavenue.com\/de\/wp-json\/wp\/v2\/users\/4"}],"replies":[{"embeddable":true,"href":"https:\/\/www.libertadavenue.com\/de\/wp-json\/wp\/v2\/comments?post=7738"}],"version-history":[{"count":7,"href":"https:\/\/www.libertadavenue.com\/de\/wp-json\/wp\/v2\/pages\/7738\/revisions"}],"predecessor-version":[{"id":8529,"href":"https:\/\/www.libertadavenue.com\/de\/wp-json\/wp\/v2\/pages\/7738\/revisions\/8529"}],"wp:attachment":[{"href":"https:\/\/www.libertadavenue.com\/de\/wp-json\/wp\/v2\/media?parent=7738"}],"curies":[{"name":"wp","href":"https:\/\/api.w.org\/{rel}","templated":true}]}}