{"id":7627,"date":"2019-03-20T04:12:33","date_gmt":"2019-03-20T04:12:33","guid":{"rendered":"https:\/\/www.libertadavenue.com\/nosotros\/"},"modified":"2025-07-18T13:32:40","modified_gmt":"2025-07-18T11:32:40","slug":"nosotros","status":"publish","type":"page","link":"https:\/\/www.libertadavenue.com\/de\/nosotros\/","title":{"rendered":"Uns"},"content":{"rendered":"<div class=\"wpb-content-wrapper\">[vc_row et_full_width=&#8220;true&#8220; et_row_padding=&#8220;true&#8220; full_height=&#8220;yes&#8220; columns_placement=&#8220;stretch&#8220; equal_height=&#8220;yes&#8220; content_placement=&#8220;middle&#8220; css=&#8220;.vc_custom_1635139669526{padding-top: 80px !important;padding-bottom: 80px !important;background: #f4f4f4 url(https:\/\/www.libertadavenue.com\/wp-content\/uploads\/2021\/09\/carla-bota.jpg?id=4661) !important;background-position: center !important;background-repeat: no-repeat !important;background-size: cover !important;}&#8220; el_class=&#8220;video-bg-row&#8220;][vc_column][vc_row_inner et_max_width=&#8220;&#8220; equal_height=&#8220;yes&#8220; content_placement=&#8220;middle&#8220; css=&#8220;.vc_custom_1562734895463{background-position: center !important;background-repeat: no-repeat !important;background-size: cover !important;}&#8220;][vc_column_inner et_column_color=&#8220;et-light-column&#8220; width=&#8220;1\/2&#8243; css=&#8220;.vc_custom_1635096203629{padding-top: 20% !important;padding-right: 20% !important;padding-bottom: 20% !important;padding-left: 20% !important;background-color: #00000033 !important;}&#8220;][vc_column_text animation=&#8220;animation bottom-to-top&#8220; css=&#8220;.vc_custom_1749648307577{margin-top: 30px !important;}&#8220;]\n<h1 style=\"text-align: center;\">Liberty Avenue<\/h1>\n<blockquote>\n<p style=\"text-align: center;\">\u201eDas Leben ist wie Fahrradfahren. Um das Gleichgewicht zu halten, muss man in Bewegung bleiben.\u201c<\/p>\n<h3> Albert Einstein<\/h3>\n<\/blockquote>\n[\/vc_column_text][\/vc_column_inner][\/vc_row_inner][\/vc_column][\/vc_row][vc_row et_full_width=&#8220;true&#8220; css=&#8220;.vc_custom_1635097961119{padding-top: 80px !important;padding-bottom: 45px !important;background-color: #f2f2f2 !important;}&#8220;][vc_column][vc_row_inner et_column_align=&#8220;align-center&#8220; equal_height=&#8220;yes&#8220; el_class=&#8220;align-center&#8220;][vc_column_inner animation=&#8220;animation bottom-to-top&#8220; offset=&#8220;vc_col-lg-5&#8243;][vc_column_text]\n<h2 style=\"text-align: center;\">Philosophie<\/h2>\n[\/vc_column_text][\/vc_column_inner][\/vc_row_inner][vc_row_inner et_column_align=&#8220;align-center&#8220; equal_height=&#8220;yes&#8220; el_class=&#8220;align-center&#8220;][vc_column_inner width=&#8220;2\/3&#8243; animation=&#8220;animation bottom-to-top&#8220; offset=&#8220;vc_col-lg-4&#8243;][vc_column_text]Ich trete in die Pedale, der Wind streichelt mein Gesicht. Ich sp\u00fcre die kalte Luft. Mein Herz klopft. Die Stadt zieht an mir vorbei: der Kaffee an der Ecke, die Blumen am Kiosk. Noch eine Kurve, noch ein H\u00fcgel. Schnell, langsam. Ich trage den Rhythmus der Stadt in meinen F\u00fc\u00dfen. Das Leben flie\u00dft durch meine Adern.       <\/p>\n<blockquote><p>\u201eEines Tages dachte ich beim Radfahren dar\u00fcber nach, wie man neue Schuhe mit abgenutzten Sohlen reparieren k\u00f6nnte. Sch\u00f6ne Schuhe, die aber eigentlich f\u00fcr den M\u00fcll bestimmt waren. Da dachte ich an meinen Vater und sagte: Ich werde Schuhe herstellen, die man immer wieder reparieren kann, damit ihr Freude an ihnen habt, bis ihr keine Lust mehr habt, in die Pedale zu treten. So entstand Libertad Avenue.\u201c<br \/>\nCarla Peirano, founder.<\/p>\n<p>Von Anfang an, von der urspr\u00fcnglichen Idee an, legen wir bei Libertad Avenue den Grundstein f\u00fcr Nachhaltigkeit. Denn Nachhaltigkeit ist unsere Sicht auf die Welt; wir verstehen sie nur so. Bei Libertad Avenue suchen wir stets nach der \u00f6kologischsten L\u00f6sung f\u00fcr jeden Teil des Prozesses, von der Materialauswahl f\u00fcr langlebige Produkte bis hin zur Wertsch\u00e4tzung der Arbeit unserer Mitarbeiter.  <\/p>\n<p>Wir sind Libertad Avenue. Das ist, wer wir sind. Wir lieben Fahrr\u00e4der, wir leben in der Stadt und wir lieben die Natur. Wir sind fasziniert von gutem Design, wir sind verr\u00fcckt nach Farbe und glauben, dass Lebensfreude ansteckend ist. Die Welt ist unser Zuhause, und wir k\u00fcmmern uns um unser Zuhause. Wir sind Stadtradler. Wir sind Libertad Avenue.      <\/p><\/blockquote>\n[\/vc_column_text][\/vc_column_inner][vc_column_inner width=&#8220;2\/3&#8243; animation=&#8220;animation bottom-to-top&#8220; offset=&#8220;vc_col-lg-4&#8243;]\t<div class=\"et-image-584 et-image  full   et_image_link\">\n\t\t<div class=\"et-image-inner animation bottom-to-top\">\n\t\t\t\t\t\t\t<div class=\"et-image-thumb \">\n\t\t\t\t\t<img loading=\"lazy\" decoding=\"async\" width=\"1367\" height=\"2048\" src=\"https:\/\/www.libertadavenue.com\/wp-content\/uploads\/2021\/10\/Lib-Ave-Oct-21-J-61-inv-scaled-1-1-scaled.webp\" class=\"attachment-full\" alt=\"Ciclismo urbano\" title=\"Lib-Ave-Oct-21-J-61 inv\" srcset=\"https:\/\/www.libertadavenue.com\/wp-content\/uploads\/2021\/10\/Lib-Ave-Oct-21-J-61-inv-scaled-1-1-scaled.webp 1367w, https:\/\/www.libertadavenue.com\/wp-content\/uploads\/2021\/10\/Lib-Ave-Oct-21-J-61-inv-scaled-1-1-200x300.webp 200w, https:\/\/www.libertadavenue.com\/wp-content\/uploads\/2021\/10\/Lib-Ave-Oct-21-J-61-inv-scaled-1-1-684x1024.webp 684w, https:\/\/www.libertadavenue.com\/wp-content\/uploads\/2021\/10\/Lib-Ave-Oct-21-J-61-inv-scaled-1-1-768x1150.webp 768w, https:\/\/www.libertadavenue.com\/wp-content\/uploads\/2021\/10\/Lib-Ave-Oct-21-J-61-inv-scaled-1-1-1025x1536.webp 1025w, https:\/\/www.libertadavenue.com\/wp-content\/uploads\/2021\/10\/Lib-Ave-Oct-21-J-61-inv-scaled-1-1-100x150.webp 100w, https:\/\/www.libertadavenue.com\/wp-content\/uploads\/2021\/10\/Lib-Ave-Oct-21-J-61-inv-scaled-1-1-800x1198.webp 800w\" sizes=\"auto, (max-width: 1367px) 100vw, 1367px\" \/>\t\t\t\t<\/div>\n\t\t\t\t\t\t\t\t\t\t\t<\/div>\n\t<\/div>\n  [\/vc_column_inner][\/vc_row_inner][\/vc_column][\/vc_row][vc_row et_full_width=&#8220;true&#8220; css=&#8220;.vc_custom_1635108482163{padding-top: 80px !important;padding-bottom: 45px !important;}&#8220;][vc_column][vc_row_inner et_max_width=&#8220;&#8220; equal_height=&#8220;yes&#8220; css=&#8220;.vc_custom_1635108660127{padding-right: 50px !important;padding-left: 50px !important;}&#8220;][vc_column_inner animation=&#8220;animation bottom-to-top&#8220; offset=&#8220;vc_col-lg-7&#8243;][vc_column_text]\n<h5 class=\"fancy-title\">Ein Blick in die Zukunft<\/h5>\n<h2>Unsere Werte<\/h2>\n<p>Unsere Werte spiegeln das Ziel wider, vom Radsport inspirierte Produkte zu schaffen, die unseren Lebensstil unterst\u00fctzen.[\/vc_column_text][\/vc_column_inner][\/vc_row_inner][vc_row_inner et_max_width=&#8220;&#8220; equal_height=&#8220;yes&#8220; css=&#8220;.vc_custom_1635108644895{padding-right: 50px !important;padding-left: 50px !important;}&#8220;][vc_column_inner width=&#8220;1\/2&#8243; animation=&#8220;animation bottom-to-top&#8220; css=&#8220;.vc_custom_1635108356645{padding-right: 50px !important;}&#8220;][vc_column_text]\n<h4>Komfort<\/h4>\n<p>Lebendig sein. Den Wind im Gesicht sp\u00fcren, sich von dem inspirieren lassen, was man unterwegs findet. Schnell genug fahren, um voranzukommen, aber langsam genug, um zu beobachten. Verstehen, dass Komfort beim t\u00e4glichen Fahren unerl\u00e4sslich ist.   <\/p>\n<h4>Bewusst<\/h4>\n<p>Die Erde erwartet Respekt von uns. \u00d6kologisch und nachhaltig zu handeln, ist eine Herangehensweise, die jeden unserer Prozesse umfasst. Die Wahl der Materialien, die Menschen, mit denen wir zusammenarbeiten, und die Art und Weise, wie wir Dinge tun.[\/vc_column_text][\/vc_column_inner][vc_column_inner width=&#8220;1\/2&#8243; animation=&#8220;animation bottom-to-top&#8220;][vc_column_text]\n<h4>Mensch<\/h4>\n<p>Wir m\u00f6chten den Menschen nahe sein und den Wert des Kollektivs sp\u00fcren. Unsere Produkte spiegeln die textilen und handwerklichen Traditionen wider, die uns seit jeher begleiten. Respektvolles Arbeiten ist unser Grundpfeiler.  <\/p>\n<h4><strong><br \/>\n<\/strong>Eigen<\/h4>\n<p>Wir sehnen uns nach der Geschwindigkeit und Freiheit, die uns das Fahrrad im Alltag bietet. Wir erforschen und beschaffen Materialien, die es uns erm\u00f6glichen, langlebige, auff\u00e4llige und l\u00e4ssige Produkte herzustellen.[\/vc_column_text][\/vc_column_inner][\/vc_row_inner][\/vc_column][\/vc_row][vc_row et_full_width=&#8220;true&#8220; css=&#8220;.vc_custom_1579114943204{padding-top: 80px !important;padding-bottom: 60px !important;background-color: #f6f6f6 !important;}&#8220;][vc_column][vc_row_inner et_column_align=&#8220;align-center&#8220; css=&#8220;.vc_custom_1578532916555{margin-bottom: 25px !important;}&#8220;][vc_column_inner animation=&#8220;animation bottom-to-top&#8220; offset=&#8220;vc_col-lg-6&#8243;][vc_column_text]\n<h5 class=\"fancy-title\" style=\"text-align: center;\">Grundwerte<\/h5>\n<p style=\"text-align: center;\">6 Hauptmerkmale unserer Produkte<\/p>\n[\/vc_column_text][\/vc_column_inner][\/vc_row_inner][vc_row_inner et_column_align=&#8220;align-center&#8220;][vc_column_inner el_class=&#8220;valores&#8220; animation=&#8220;animation bottom-to-top&#8220; offset=&#8220;vc_col-lg-8&#8243;]\t<div id=\"et-icon-holder-479\" class=\"et-icon-holder row center-true lg-block-grid-3 md-block-grid-2 block-grid-1 \">\n\t\t\r\n\t<div id=\"et-iconbox-340\" class=\"et-iconbox layout-centered icon-style-image-default bottom-spacing-none icon-color- text-color-  \"> \r\n\t\t<div class=\"et-icon-inner\">\r\n\t\t\t\t\t\t<figure class=\"et-feature-icon\">\r\n\t\t\t\t\t\t\t\t\t<img decoding=\"async\" src=\"https:\/\/www.libertadavenue.com\/wp-content\/uploads\/2021\/10\/ico-reciclable-1.webp\" alt=\"Wiederverwendbar\" \/>\r\n\t\t\t\t\t\t\t<\/figure>\r\n\t\t\t\t\t\t<div class=\"et-feature-content\"> \r\n\t\t\t\t\t\t\t\t\t\t\t\t\t\t\t\t\t<h4 class=\"title\">Wiederverwendbar<\/h4>\r\n\t\t\t\t\t\t\t\t\t\t\t\t<div class=\"wpb_text_column\"><p>Wir w\u00e4hlen sorgf\u00e4ltig Komponenten aus, die eine Wiederverwendung unserer Produkte erm\u00f6glichen (weitere Informationen im <a href=\"https:\/\/www.libertadavenue.com\/de\/wiederverwendbar\/\">Journal<\/a>).<\/p>\n<\/div>\r\n\t\t\t<\/div>\r\n\t\t<\/div>\r\n\t<\/div>\r\n\r\n\t\r\n\t<div id=\"et-iconbox-879\" class=\"et-iconbox layout-centered icon-style-image-default bottom-spacing-none icon-color- text-color-  \"> \r\n\t\t<div class=\"et-icon-inner\">\r\n\t\t\t\t\t\t<figure class=\"et-feature-icon\">\r\n\t\t\t\t\t\t\t\t\t<img decoding=\"async\" src=\"https:\/\/www.libertadavenue.com\/wp-content\/uploads\/2021\/10\/ico-eco-friendly-1-1.webp\" alt=\"\u00c9cologique\" \/>\r\n\t\t\t\t\t\t\t<\/figure>\r\n\t\t\t\t\t\t<div class=\"et-feature-content\"> \r\n\t\t\t\t\t\t\t\t\t\t\t\t\t\t\t\t\t<h4 class=\"title\">\u00c9cologique<\/h4>\r\n\t\t\t\t\t\t\t\t\t\t\t\t<div class=\"wpb_text_column\"><p> Bei all unseren Prozessen suchen wir stets nach der \u00f6kologischsten Alternative mit den geringsten Umweltauswirkungen.<\/p>\n<\/div>\r\n\t\t\t<\/div>\r\n\t\t<\/div>\r\n\t<\/div>\r\n\r\n\t \r\n\t<div id=\"et-iconbox-763\" class=\"et-iconbox layout-centered icon-style-image-default bottom-spacing-none icon-color- text-color-  \"> \r\n\t\t<div class=\"et-icon-inner\">\r\n\t\t\t\t\t\t<figure class=\"et-feature-icon\">\r\n\t\t\t\t\t\t\t\t\t<img decoding=\"async\" src=\"https:\/\/www.libertadavenue.com\/wp-content\/uploads\/2021\/10\/ico-reparable-1.webp\" alt=\"R\u00e9parable\" \/>\r\n\t\t\t\t\t\t\t<\/figure>\r\n\t\t\t\t\t\t<div class=\"et-feature-content\"> \r\n\t\t\t\t\t\t\t\t\t\t\t\t\t\t\t\t\t<h4 class=\"title\">R\u00e9parable<\/h4>\r\n\t\t\t\t\t\t\t\t\t\t\t\t<div class=\"wpb_text_column\"><p>Wir legen Wert darauf, Kleidung und Accessoires zu kreieren, die lange genutzt werden k\u00f6nnen, weshalb wir bei der Herstellung ausschlie\u00dflich hochwertige Materialien verwenden.<\/p>\n<\/div>\r\n\t\t\t<\/div>\r\n\t\t<\/div>\r\n\t<\/div>\r\n\r\n\t\t<\/div>\n\t\t<div id=\"et-icon-holder-836\" class=\"et-icon-holder row center-true lg-block-grid-3 md-block-grid-2 block-grid-1 \">\n\t\t\r\n\t<div id=\"et-iconbox-527\" class=\"et-iconbox layout-centered icon-style-image-default bottom-spacing-none icon-color- text-color-  \"> \r\n\t\t<div class=\"et-icon-inner\">\r\n\t\t\t\t\t\t<figure class=\"et-feature-icon\">\r\n\t\t\t\t\t\t\t\t\t<img decoding=\"async\" src=\"https:\/\/www.libertadavenue.com\/wp-content\/uploads\/2021\/10\/ico-hecho-a-mano-1.webp\" alt=\"Handgefertigt\" \/>\r\n\t\t\t\t\t\t\t<\/figure>\r\n\t\t\t\t\t\t<div class=\"et-feature-content\"> \r\n\t\t\t\t\t\t\t\t\t\t\t\t\t\t\t\t\t<h4 class=\"title\">Handgefertigt<\/h4>\r\n\t\t\t\t\t\t\t\t\t\t\t\t<div class=\"wpb_text_column\"><p>Unsere Werkzeuge sind unsere H\u00e4nde, mit denen wir die Materialien formen und die Produkte herstellen, die wir anbieten. Wir stellen den Menschen stets in den Mittelpunkt und w\u00e4hlen Werkst\u00e4tten, in denen mit Ruhe und Freude gearbeitet wird. <\/p>\n<\/div>\r\n\t\t\t<\/div>\r\n\t\t<\/div>\r\n\t<\/div>\r\n\r\n\t\r\n\t<div id=\"et-iconbox-659\" class=\"et-iconbox layout-centered icon-style-image-default bottom-spacing-none icon-color- text-color-  \"> \r\n\t\t<div class=\"et-icon-inner\">\r\n\t\t\t\t\t\t<figure class=\"et-feature-icon\">\r\n\t\t\t\t\t\t\t\t\t<img decoding=\"async\" src=\"https:\/\/www.libertadavenue.com\/wp-content\/uploads\/2021\/10\/ico-reflectante-1.webp\" alt=\"Reflektierend\" \/>\r\n\t\t\t\t\t\t\t<\/figure>\r\n\t\t\t\t\t\t<div class=\"et-feature-content\"> \r\n\t\t\t\t\t\t\t\t\t\t\t\t\t\t\t\t\t<h4 class=\"title\">Reflektierend<\/h4>\r\n\t\t\t\t\t\t\t\t\t\t\t\t<div class=\"wpb_text_column\"><p>Material, das Licht reflektiert und so das Objekt sichtbar macht. Es ist ein wesentlicher Bestandteil unserer Produktlinien und sorgt f\u00fcr mehr Sicherheit f\u00fcr Radfahrer bei Nacht. <\/p>\n<\/div>\r\n\t\t\t<\/div>\r\n\t\t<\/div>\r\n\t<\/div>\r\n\r\n\t\r\n\t<div id=\"et-iconbox-179\" class=\"et-iconbox layout-centered icon-style-image-default bottom-spacing-none icon-color- text-color-  \"> \r\n\t\t<div class=\"et-icon-inner\">\r\n\t\t\t\t\t\t<figure class=\"et-feature-icon\">\r\n\t\t\t\t\t\t\t\t\t<img decoding=\"async\" src=\"https:\/\/www.libertadavenue.com\/wp-content\/uploads\/2021\/10\/ico-ergonomico-1.webp\" alt=\"Ergonomisch\" \/>\r\n\t\t\t\t\t\t\t<\/figure>\r\n\t\t\t\t\t\t<div class=\"et-feature-content\"> \r\n\t\t\t\t\t\t\t\t\t\t\t\t\t\t\t\t\t<h4 class=\"title\">Ergonomisch<\/h4>\r\n\t\t\t\t\t\t\t\t\t\t\t\t<div class=\"wpb_text_column\"><p>Mit ergonomischen Designwerkzeugen k\u00f6nnen wir Objekte schaffen, die unser Leben angenehmer machen. Wenn wir den Menschen als ganzheitliches Wesen betrachten, ist es wichtig, ihm den Komfort zu bieten, den er braucht. <\/p>\n<\/div>\r\n\t\t\t<\/div>\r\n\t\t<\/div>\r\n\t<\/div>\r\n\r\n\t\t<\/div>\n\t[\/vc_column_inner][\/vc_row_inner][\/vc_column][\/vc_row][vc_row et_column_align=&#8220;align-center&#8220; css=&#8220;.vc_custom_1635109053938{padding-top: 60px !important;padding-bottom: 60px !important;}&#8220;][vc_column offset=&#8220;vc_col-lg-7&#8243;][vc_column_text animation=&#8220;animation left-to-right&#8220;]\n<h5 class=\"fancy-title\">Unsere menschliche Seite<\/h5>\n<h2>Menschen<\/h2>\n<p>Personen: Aus dem Lateinischen gens, gentis. 1. f. Pluralit\u00e4t der Menschen. <\/p>\n<p>Der Mensch steht bei uns im Mittelpunkt. Wir wollen im Einklang mit dem menschlichen Rhythmus arbeiten. Schlie\u00dflich hat uns das Fahrrad gelehrt, diesem Rhythmus zu folgen. Wir legen Wert darauf, den Menschen bei jedem Schritt unserer Produktherstellung in den Mittelpunkt zu stellen. Dies ist einer der vielen Gr\u00fcnde, warum wir uns f\u00fcr die lokale Produktion entschieden haben. Die gemeinsame Sprache und die gemeinsamen Br\u00e4uche erleichtern die Kommunikation mit den Produzenten und verbessern die R\u00fcckverfolgbarkeit der Produkte erheblich. So k\u00f6nnen wir sicherstellen, dass der Prozess tats\u00e4chlich nachhaltig ist und die beteiligten Menschen ihre Arbeit unter fairen Bedingungen verrichten und fair entlohnt werden. Dar\u00fcber hinaus arbeiten wir mit Initiativen zusammen, die Menschen mit sozialer Ausgrenzung oder Behinderungen unterschiedlichen Schweregrads einen Platz bieten.[\/vc_column_text][\/vc_column][\/vc_row][vc_row et_full_width=&#8220;true&#8220; css=&#8220;.vc_custom_1635141069654{padding-top: 80px !important;padding-right: 50px !important;padding-bottom: 80px !important;padding-left: 50px !important;background-color: #f4f4f4 !important;}&#8220;][vc_column][vc_column_text animation=&#8220;animation left-to-right&#8220;]\n<h5 class=\"fancy-title\">Vom Crowdfunding bis zu Ihren F\u00fc\u00dfen<\/h5>\n<h2>Unsere Geschichte<\/h2>\n[\/vc_column_text]\n\t<div id=\"et-video-lightbox-6a0322e89ce86\" class=\"et-lightbox et-video-lightbox mfp-video lightbox-image icon-pulse icon-color-  small animation bottom-to-top\" data-mfp-type=\"iframe\" data-mfp-src=\"https:\/\/www.libertadavenue.com\/wp-content\/uploads\/2021\/10\/Libertad-Avenue-Crowdfunding-con-Carla-Peirano-Figueroa-600kbps.mp4\" >\n\t\t\t\t\t\n\t\t\t<img decoding=\"async\" src=\"https:\/\/www.libertadavenue.com\/wp-content\/uploads\/2021\/10\/video-crowfunding-1.webp\" alt=\"video-crowfunding\" \/>\n\t\t\t\t\n\t\t<div class=\"et-video-icon\">\n\t\t\t<svg xmlns=\"http:\/\/www.w3.org\/2000\/svg\" width=\"24\" height=\"24\" viewBox=\"0 0 24 24\" fill=\"none\" stroke=\"currentColor\" stroke-width=\"2\" stroke-linecap=\"round\" stroke-linejoin=\"round\" class=\"feather feather-play\"><polygon points=\"5 3 19 12 5 21 5 3\"><\/polygon><\/svg>\t\t<\/div>\n\n\t\t\t<\/div>\n\t[\/vc_column][\/vc_row]\n<\/div>","protected":false},"excerpt":{"rendered":"<p>[vc_row et_full_width=&#8220;true&#8220; et_row_padding=&#8220;true&#8220; full_height=&#8220;yes&#8220; columns_placement=&#8220;stretch&#8220; equal_height=&#8220;yes&#8220; content_placement=&#8220;middle&#8220; css=&#8220;.vc_custom_1635139669526{padding-top: 80px !important;padding-bottom: 80px !important;background: #f4f4f4 url(https:\/\/www.libertadavenue.com\/wp-content\/uploads\/2021\/09\/carla-bota.jpg?id=4661) !important;background-position: center !important;background-repeat: no-repeat !important;background-size: cover !important;}&#8220; el_class=&#8220;video-bg-row&#8220;][vc_column][vc_row_inner et_max_width=&#8220;&#8220; equal_height=&#8220;yes&#8220; content_placement=&#8220;middle&#8220; css=&#8220;.vc_custom_1562734895463{background-position: center !important;background-repeat: no-repeat !important;background-size: cover !important;}&#8220;][vc_column_inner et_column_color=&#8220;et-light-column&#8220; width=&#8220;1\/2&#8243; css=&#8220;.vc_custom_1635096203629{padding-top: 20% !important;padding-right: 20% !important;padding-bottom: 20% !important;padding-left: 20% !important;background-color: #00000033 !important;}&#8220;][vc_column_text animation=&#8220;animation bottom-to-top&#8220; css=&#8220;.vc_custom_1749648307577{margin-top: 30px !important;}&#8220;] [&hellip;]<\/p>\n","protected":false},"author":4,"featured_media":0,"parent":0,"menu_order":0,"comment_status":"closed","ping_status":"closed","template":"","meta":{"footnotes":""},"class_list":["post-7627","page","type-page","status-publish","hentry"],"_links":{"self":[{"href":"https:\/\/www.libertadavenue.com\/de\/wp-json\/wp\/v2\/pages\/7627","targetHints":{"allow":["GET"]}}],"collection":[{"href":"https:\/\/www.libertadavenue.com\/de\/wp-json\/wp\/v2\/pages"}],"about":[{"href":"https:\/\/www.libertadavenue.com\/de\/wp-json\/wp\/v2\/types\/page"}],"author":[{"embeddable":true,"href":"https:\/\/www.libertadavenue.com\/de\/wp-json\/wp\/v2\/users\/4"}],"replies":[{"embeddable":true,"href":"https:\/\/www.libertadavenue.com\/de\/wp-json\/wp\/v2\/comments?post=7627"}],"version-history":[{"count":6,"href":"https:\/\/www.libertadavenue.com\/de\/wp-json\/wp\/v2\/pages\/7627\/revisions"}],"predecessor-version":[{"id":8564,"href":"https:\/\/www.libertadavenue.com\/de\/wp-json\/wp\/v2\/pages\/7627\/revisions\/8564"}],"wp:attachment":[{"href":"https:\/\/www.libertadavenue.com\/de\/wp-json\/wp\/v2\/media?parent=7627"}],"curies":[{"name":"wp","href":"https:\/\/api.w.org\/{rel}","templated":true}]}}